{"id":4070,"date":"2023-04-27T16:20:52","date_gmt":"2023-04-27T16:20:52","guid":{"rendered":"https:\/\/leitao-irmao.ad-pulse.com\/?post_type=product&#038;p=4070"},"modified":"2026-04-14T15:37:31","modified_gmt":"2026-04-14T14:37:31","slug":"escultura-de-nossa-senhora-prata","status":"publish","type":"product","link":"https:\/\/www.leitao-irmao.com\/en\/product\/escultura-de-nossa-senhora-prata\/","title":{"rendered":"Sculpture of Our Lady. Silver."},"content":{"rendered":"<p>Marked by great symbolism, historical value, and meticulous design, this work is truly unique for fully recreating the original sculpture found in the Chapel of the Apparitions at the Fatima Sanctuary, as the model was sculpted by Luciano Thedim, nephew and disciple of the sculptor of the original image (Jos\u00e9 Thedim).<\/p>\n<p>The silver sculpture and the crown were both produced in the workshops of Casa Leit\u00e3o &amp; Irm\u00e3o, where in 1942 the crown present in the original piece was created.<\/p>","protected":false},"excerpt":{"rendered":"<p>To mark the celebrations of the 100 years of Fatima, Leit\u00e3o &amp; Irm\u00e3o presents the Silver Sculpture of Our Lady of Fatima.<\/p>","protected":false},"featured_media":4041,"template":"","meta":{"_acf_changed":false},"product_brand":[],"product_cat":[147,676,145],"product_tag":[],"class_list":{"0":"post-4070","1":"product","2":"type-product","3":"status-publish","4":"has-post-thumbnail","6":"product_cat-fatima-jewels","7":"product_cat-gift-selection","8":"product_cat-imagens","10":"first","11":"onbackorder","12":"shipping-taxable","13":"product-type-simple"},"acf":[],"yoast_head":"<!-- This site is optimized with the Yoast SEO plugin v25.4 - https:\/\/yoast.com\/wordpress\/plugins\/seo\/ -->\n<title>escultura de nossa senhora em prata<\/title>\n<meta name=\"description\" content=\"Para assinalar as comemora\u00e7\u00f5es dos 100 anos de F\u00e1tima, a Leit\u00e3o &amp; Irm\u00e3o apresenta a Escultura de Nossa Senhora de F\u00e1tima em prata.\" \/>\n<meta name=\"robots\" content=\"index, follow, max-snippet:-1, max-image-preview:large, max-video-preview:-1\" \/>\n<link rel=\"canonical\" href=\"https:\/\/www.leitao-irmao.com\/en\/product\/escultura-de-nossa-senhora-prata\/\" \/>\n<meta property=\"og:locale\" content=\"en_GB\" \/>\n<meta property=\"og:type\" content=\"article\" \/>\n<meta property=\"og:title\" content=\"Escultura de Nossa Senhora. Prata.\" \/>\n<meta property=\"og:description\" content=\"Para assinalar as comemora\u00e7\u00f5es dos 100 anos de F\u00e1tima, a Leit\u00e3o &amp; Irm\u00e3o apresenta a Escultura de Nossa Senhora de F\u00e1tima em prata.\" \/>\n<meta property=\"og:url\" content=\"https:\/\/www.leitao-irmao.com\/en\/product\/escultura-de-nossa-senhora-prata\/\" \/>\n<meta property=\"og:site_name\" content=\"Leit\u00e3o &amp; Irm\u00e3o\" \/>\n<meta property=\"article:modified_time\" content=\"2026-04-14T14:37:31+00:00\" \/>\n<meta property=\"og:image\" content=\"https:\/\/www.leitao-irmao.com\/wp-content\/uploads\/2023\/04\/Grupo-de-mascara-17@2x.png\" \/>\n\t<meta property=\"og:image:width\" content=\"1336\" \/>\n\t<meta property=\"og:image:height\" content=\"1720\" \/>\n\t<meta property=\"og:image:type\" content=\"image\/png\" \/>\n<meta name=\"twitter:card\" content=\"summary_large_image\" \/>\n<meta name=\"twitter:title\" content=\"Escultura de Nossa Senhora. Prata.\" \/>\n<meta name=\"twitter:description\" content=\"Para assinalar as comemora\u00e7\u00f5es dos 100 anos de F\u00e1tima, a Leit\u00e3o &amp; Irm\u00e3o apresenta a Escultura de Nossa Senhora de F\u00e1tima em prata.\" \/>\n<meta name=\"twitter:image\" content=\"https:\/\/www.leitao-irmao.com\/wp-content\/uploads\/2023\/04\/Grupo-de-mascara-17@2x.png\" \/>\n<meta name=\"twitter:label1\" content=\"Estimated reading time\" \/>\n\t<meta name=\"twitter:data1\" content=\"2 minutes\" \/>\n<script type=\"application\/ld+json\" class=\"yoast-schema-graph\">{\"@context\":\"https:\/\/schema.org\",\"@graph\":[{\"@type\":\"WebPage\",\"@id\":\"https:\/\/www.leitao-irmao.com\/product\/escultura-de-nossa-senhora-prata\/\",\"url\":\"https:\/\/www.leitao-irmao.com\/product\/escultura-de-nossa-senhora-prata\/\",\"name\":\"escultura de nossa senhora em prata\",\"isPartOf\":{\"@id\":\"https:\/\/www.leitao-irmao.com\/#website\"},\"primaryImageOfPage\":{\"@id\":\"https:\/\/www.leitao-irmao.com\/product\/escultura-de-nossa-senhora-prata\/#primaryimage\"},\"image\":{\"@id\":\"https:\/\/www.leitao-irmao.com\/product\/escultura-de-nossa-senhora-prata\/#primaryimage\"},\"thumbnailUrl\":\"https:\/\/www.leitao-irmao.com\/wp-content\/uploads\/2023\/04\/Grupo-de-mascara-17@2x.png\",\"datePublished\":\"2023-04-27T16:20:52+00:00\",\"dateModified\":\"2026-04-14T14:37:31+00:00\",\"description\":\"Para assinalar as comemora\u00e7\u00f5es dos 100 anos de F\u00e1tima, a Leit\u00e3o & Irm\u00e3o apresenta a Escultura de Nossa Senhora de F\u00e1tima em prata.\",\"breadcrumb\":{\"@id\":\"https:\/\/www.leitao-irmao.com\/product\/escultura-de-nossa-senhora-prata\/#breadcrumb\"},\"inLanguage\":\"en-GB\",\"potentialAction\":[{\"@type\":\"ReadAction\",\"target\":[\"https:\/\/www.leitao-irmao.com\/product\/escultura-de-nossa-senhora-prata\/\"]}]},{\"@type\":\"ImageObject\",\"inLanguage\":\"en-GB\",\"@id\":\"https:\/\/www.leitao-irmao.com\/product\/escultura-de-nossa-senhora-prata\/#primaryimage\",\"url\":\"https:\/\/www.leitao-irmao.com\/wp-content\/uploads\/2023\/04\/Grupo-de-mascara-17@2x.png\",\"contentUrl\":\"https:\/\/www.leitao-irmao.com\/wp-content\/uploads\/2023\/04\/Grupo-de-mascara-17@2x.png\",\"width\":1336,\"height\":1720},{\"@type\":\"BreadcrumbList\",\"@id\":\"https:\/\/www.leitao-irmao.com\/product\/escultura-de-nossa-senhora-prata\/#breadcrumb\",\"itemListElement\":[{\"@type\":\"ListItem\",\"position\":1,\"name\":\"Home\",\"item\":\"https:\/\/www.leitao-irmao.com\/\"},{\"@type\":\"ListItem\",\"position\":2,\"name\":\"Products\",\"item\":\"https:\/\/www.leitao-irmao.com\/shop\/\"},{\"@type\":\"ListItem\",\"position\":3,\"name\":\"Escultura de Nossa Senhora. Prata.\"}]},{\"@type\":\"WebSite\",\"@id\":\"https:\/\/www.leitao-irmao.com\/#website\",\"url\":\"https:\/\/www.leitao-irmao.com\/\",\"name\":\"Leit\u00e3o & Irm\u00e3o\",\"description\":\"Joalheiros desde 1822\",\"publisher\":{\"@id\":\"https:\/\/www.leitao-irmao.com\/#organization\"},\"potentialAction\":[{\"@type\":\"SearchAction\",\"target\":{\"@type\":\"EntryPoint\",\"urlTemplate\":\"https:\/\/www.leitao-irmao.com\/?s={search_term_string}\"},\"query-input\":{\"@type\":\"PropertyValueSpecification\",\"valueRequired\":true,\"valueName\":\"search_term_string\"}}],\"inLanguage\":\"en-GB\"},{\"@type\":\"Organization\",\"@id\":\"https:\/\/www.leitao-irmao.com\/#organization\",\"name\":\"Leit\u00e3o & Irm\u00e3o\",\"url\":\"https:\/\/www.leitao-irmao.com\/\",\"logo\":{\"@type\":\"ImageObject\",\"inLanguage\":\"en-GB\",\"@id\":\"https:\/\/www.leitao-irmao.com\/#\/schema\/logo\/image\/\",\"url\":\"https:\/\/www.leitao-irmao.com\/wp-content\/uploads\/2022\/11\/leitaoirmao-logo.png\",\"contentUrl\":\"https:\/\/www.leitao-irmao.com\/wp-content\/uploads\/2022\/11\/leitaoirmao-logo.png\",\"width\":426,\"height\":89,\"caption\":\"Leit\u00e3o & Irm\u00e3o\"},\"image\":{\"@id\":\"https:\/\/www.leitao-irmao.com\/#\/schema\/logo\/image\/\"}}]}<\/script>\n<!-- \/ Yoast SEO plugin. -->","yoast_head_json":{"title":"escultura de nossa senhora em prata","description":"Para assinalar as comemora\u00e7\u00f5es dos 100 anos de F\u00e1tima, a Leit\u00e3o & Irm\u00e3o apresenta a Escultura de Nossa Senhora de F\u00e1tima em prata.","robots":{"index":"index","follow":"follow","max-snippet":"max-snippet:-1","max-image-preview":"max-image-preview:large","max-video-preview":"max-video-preview:-1"},"canonical":"https:\/\/www.leitao-irmao.com\/en\/product\/escultura-de-nossa-senhora-prata\/","og_locale":"en_GB","og_type":"article","og_title":"Escultura de Nossa Senhora. Prata.","og_description":"Para assinalar as comemora\u00e7\u00f5es dos 100 anos de F\u00e1tima, a Leit\u00e3o & Irm\u00e3o apresenta a Escultura de Nossa Senhora de F\u00e1tima em prata.","og_url":"https:\/\/www.leitao-irmao.com\/en\/product\/escultura-de-nossa-senhora-prata\/","og_site_name":"Leit\u00e3o &amp; Irm\u00e3o","article_modified_time":"2026-04-14T14:37:31+00:00","og_image":[{"width":1336,"height":1720,"url":"https:\/\/www.leitao-irmao.com\/wp-content\/uploads\/2023\/04\/Grupo-de-mascara-17@2x.png","type":"image\/png"}],"twitter_card":"summary_large_image","twitter_title":"Escultura de Nossa Senhora. Prata.","twitter_description":"Para assinalar as comemora\u00e7\u00f5es dos 100 anos de F\u00e1tima, a Leit\u00e3o & Irm\u00e3o apresenta a Escultura de Nossa Senhora de F\u00e1tima em prata.","twitter_image":"https:\/\/www.leitao-irmao.com\/wp-content\/uploads\/2023\/04\/Grupo-de-mascara-17@2x.png","twitter_misc":{"Estimated reading time":"2 minutes"},"schema":{"@context":"https:\/\/schema.org","@graph":[{"@type":"WebPage","@id":"https:\/\/www.leitao-irmao.com\/product\/escultura-de-nossa-senhora-prata\/","url":"https:\/\/www.leitao-irmao.com\/product\/escultura-de-nossa-senhora-prata\/","name":"escultura de nossa senhora em prata","isPartOf":{"@id":"https:\/\/www.leitao-irmao.com\/#website"},"primaryImageOfPage":{"@id":"https:\/\/www.leitao-irmao.com\/product\/escultura-de-nossa-senhora-prata\/#primaryimage"},"image":{"@id":"https:\/\/www.leitao-irmao.com\/product\/escultura-de-nossa-senhora-prata\/#primaryimage"},"thumbnailUrl":"https:\/\/www.leitao-irmao.com\/wp-content\/uploads\/2023\/04\/Grupo-de-mascara-17@2x.png","datePublished":"2023-04-27T16:20:52+00:00","dateModified":"2026-04-14T14:37:31+00:00","description":"Para assinalar as comemora\u00e7\u00f5es dos 100 anos de F\u00e1tima, a Leit\u00e3o & Irm\u00e3o apresenta a Escultura de Nossa Senhora de F\u00e1tima em prata.","breadcrumb":{"@id":"https:\/\/www.leitao-irmao.com\/product\/escultura-de-nossa-senhora-prata\/#breadcrumb"},"inLanguage":"en-GB","potentialAction":[{"@type":"ReadAction","target":["https:\/\/www.leitao-irmao.com\/product\/escultura-de-nossa-senhora-prata\/"]}]},{"@type":"ImageObject","inLanguage":"en-GB","@id":"https:\/\/www.leitao-irmao.com\/product\/escultura-de-nossa-senhora-prata\/#primaryimage","url":"https:\/\/www.leitao-irmao.com\/wp-content\/uploads\/2023\/04\/Grupo-de-mascara-17@2x.png","contentUrl":"https:\/\/www.leitao-irmao.com\/wp-content\/uploads\/2023\/04\/Grupo-de-mascara-17@2x.png","width":1336,"height":1720},{"@type":"BreadcrumbList","@id":"https:\/\/www.leitao-irmao.com\/product\/escultura-de-nossa-senhora-prata\/#breadcrumb","itemListElement":[{"@type":"ListItem","position":1,"name":"Home","item":"https:\/\/www.leitao-irmao.com\/"},{"@type":"ListItem","position":2,"name":"Products","item":"https:\/\/www.leitao-irmao.com\/shop\/"},{"@type":"ListItem","position":3,"name":"Escultura de Nossa Senhora. Prata."}]},{"@type":"WebSite","@id":"https:\/\/www.leitao-irmao.com\/#website","url":"https:\/\/www.leitao-irmao.com\/","name":"Leit\u00e3o & Irm\u00e3o","description":"Joalheiros desde 1822","publisher":{"@id":"https:\/\/www.leitao-irmao.com\/#organization"},"potentialAction":[{"@type":"SearchAction","target":{"@type":"EntryPoint","urlTemplate":"https:\/\/www.leitao-irmao.com\/?s={search_term_string}"},"query-input":{"@type":"PropertyValueSpecification","valueRequired":true,"valueName":"search_term_string"}}],"inLanguage":"en-GB"},{"@type":"Organization","@id":"https:\/\/www.leitao-irmao.com\/#organization","name":"Leit\u00e3o & Irm\u00e3o","url":"https:\/\/www.leitao-irmao.com\/","logo":{"@type":"ImageObject","inLanguage":"en-GB","@id":"https:\/\/www.leitao-irmao.com\/#\/schema\/logo\/image\/","url":"https:\/\/www.leitao-irmao.com\/wp-content\/uploads\/2022\/11\/leitaoirmao-logo.png","contentUrl":"https:\/\/www.leitao-irmao.com\/wp-content\/uploads\/2022\/11\/leitaoirmao-logo.png","width":426,"height":89,"caption":"Leit\u00e3o & Irm\u00e3o"},"image":{"@id":"https:\/\/www.leitao-irmao.com\/#\/schema\/logo\/image\/"}}]}},"_links":{"self":[{"href":"https:\/\/www.leitao-irmao.com\/en\/wp-json\/wp\/v2\/product\/4070","targetHints":{"allow":["GET"]}}],"collection":[{"href":"https:\/\/www.leitao-irmao.com\/en\/wp-json\/wp\/v2\/product"}],"about":[{"href":"https:\/\/www.leitao-irmao.com\/en\/wp-json\/wp\/v2\/types\/product"}],"version-history":[{"count":1,"href":"https:\/\/www.leitao-irmao.com\/en\/wp-json\/wp\/v2\/product\/4070\/revisions"}],"predecessor-version":[{"id":32258,"href":"https:\/\/www.leitao-irmao.com\/en\/wp-json\/wp\/v2\/product\/4070\/revisions\/32258"}],"wp:featuredmedia":[{"embeddable":true,"href":"https:\/\/www.leitao-irmao.com\/en\/wp-json\/wp\/v2\/media\/4041"}],"wp:attachment":[{"href":"https:\/\/www.leitao-irmao.com\/en\/wp-json\/wp\/v2\/media?parent=4070"}],"wp:term":[{"taxonomy":"product_brand","embeddable":true,"href":"https:\/\/www.leitao-irmao.com\/en\/wp-json\/wp\/v2\/product_brand?post=4070"},{"taxonomy":"product_cat","embeddable":true,"href":"https:\/\/www.leitao-irmao.com\/en\/wp-json\/wp\/v2\/product_cat?post=4070"},{"taxonomy":"product_tag","embeddable":true,"href":"https:\/\/www.leitao-irmao.com\/en\/wp-json\/wp\/v2\/product_tag?post=4070"}],"curies":[{"name":"wp","href":"https:\/\/api.w.org\/{rel}","templated":true}]}}