{"id":4486,"date":"2023-05-02T09:15:14","date_gmt":"2023-05-02T09:15:14","guid":{"rendered":"https:\/\/leitao-irmao.ad-pulse.com\/?post_type=product&#038;p=4486"},"modified":"2026-02-13T09:23:20","modified_gmt":"2026-02-13T09:23:20","slug":"rosario-do-novo-milenio-prata-e-cristal-de-rocha","status":"publish","type":"product","link":"https:\/\/www.leitao-irmao.com\/en\/product\/rosario-do-novo-milenio-prata-e-cristal-de-rocha\/","title":{"rendered":"Rosary of the New Millennium. Silver and Rock Crystal."},"content":{"rendered":"<p>On one side of the medal, there's the crowned image of Our Lady of Fatima from the Chapel of the Apparitions. On the other side, there's the coat of arms of Pope John Paul II. On the Our Father bead, near the medal, are the keys of Heaven and Earth. On the Hail Mary bead, there are eight segments resembling the Crown of Queen, evoking the crown made for Our Lady of Fatima by Casa Leit\u00e3o in 1942. The cross, made of gold and stylized, evokes the pastoral staff of Pope John Paul II.<\/p>\n<p><strong>JOYFUL MYSTERIES<\/strong><\/p>\n<p>The five passages of these Mysteries illustrate the childhood of Jesus.<\/p>\n<p>The Annunciation of the Angel to Our Lady, the visit of her cousin Elizabeth, the birth of Jesus, His presentation in the temple, and the loss of Joseph and Mary of their Son found three days later, in the Temple, preaching among the Doctors.<\/p>\n<ul>\n<li>The Annunciation of the Angel to Our Lady<\/li>\n<li>The Visit of Mary to her cousin Elizabeth<\/li>\n<li>The Birth of Jesus<\/li>\n<li>The Presentation of Jesus in the Temple<\/li>\n<li>The Finding of Jesus in the Temple<\/li>\n<\/ul>\n<p><strong>LUMINOUS MYSTERIES<\/strong><\/p>\n<p>The five passages of these Mysteries illustrate the public life of Jesus.<\/p>\n<p>The Baptism in the Jordan, His first miracle at the wedding feast of Cana, the proclamation of the Kingdom of God, the Transfiguration of Jesus, and the Last Supper.<\/p>\n<ul>\n<li>The Baptism of Jesus in the Jordan River<\/li>\n<li>Jesus Reveals Himself at the Wedding Feast of Cana<\/li>\n<li>Jesus Proclaims the Kingdom of God<\/li>\n<li>The Transfiguration of Jesus on Mount Tabor<\/li>\n<li>The Last Supper: Jesus Institutes the Eucharist<\/li>\n<\/ul>\n<p><strong>SORROWFUL MYSTERIES<\/strong><\/p>\n<p>The five passages of these Mysteries illustrate the passion and death of Jesus.<\/p>\n<p>The Agony of Jesus in the Garden of Gethsemane, the Scourging at the Pillar, the Crowning with Thorns, the Carrying of the Cross, and the Crucifixion.<\/p>\n<ul>\n<li>The Agony of Jesus in the Garden of Gethsemane<\/li>\n<li>The Scourging of the Lord Jesus<\/li>\n<li>The Crowning with Thorns<\/li>\n<li>Jesus on the Way to Calvary<\/li>\n<li>The Crucifixion of Jesus<\/li>\n<\/ul>\n<p><strong>GLORIOUS MYSTERIES<\/strong><\/p>\n<p>The five passages of these Mysteries illustrate the resurrection and the Ascension into Heaven.<\/p>\n<p>The Resurrection, the Ascension of Jesus into Heaven, the Descent of the Holy Spirit, the Assumption of Our Lady into Heaven, and the Coronation of Our Lady.<\/p>\n<ul>\n<li>The Resurrection of Jesus<\/li>\n<li>The Ascension of Jesus into Heaven<\/li>\n<li>The Descent of the Holy Spirit<\/li>\n<li>The Assumption of Our Lady into Heaven<\/li>\n<li>The Coronation of Our Lady<\/li>\n<\/ul>","protected":false},"excerpt":{"rendered":"<p>The Rosary of the New Millennium, made of fine silver, sterling silver, and rock crystal, represents the new composition of the Rosary, evoking the four sets of Mysteries, as symbolized by the engravings on each of the Our Father beads located between the medal.<\/p>","protected":false},"featured_media":24234,"template":"","meta":{"_acf_changed":false},"product_brand":[],"product_cat":[147,151],"product_tag":[],"class_list":{"0":"post-4486","1":"product","2":"type-product","3":"status-publish","4":"has-post-thumbnail","6":"product_cat-fatima-jewels","7":"product_cat-rosarios","9":"first","10":"onbackorder","11":"shipping-taxable","12":"purchasable","13":"product-type-simple"},"acf":[],"yoast_head":"<!-- This site is optimized with the Yoast SEO plugin v25.4 - https:\/\/yoast.com\/wordpress\/plugins\/seo\/ -->\n<title>Ros\u00e1rio do Novo Mil\u00e9nio. Prata e Cristal de Rocha. | Leit\u00e3o &amp; Irm\u00e3o<\/title>\n<meta name=\"description\" content=\"O Ros\u00e1rio do Novo Mil\u00e9nio representa a nova composi\u00e7\u00e3o do Ros\u00e1rio evocando os quatro conjuntos de Mist\u00e9rios, no s\u00edmbolo dos Pai Nossos entre a medalha.\" \/>\n<meta name=\"robots\" content=\"index, follow, max-snippet:-1, max-image-preview:large, max-video-preview:-1\" \/>\n<link rel=\"canonical\" href=\"https:\/\/www.leitao-irmao.com\/en\/product\/rosario-do-novo-milenio-prata-e-cristal-de-rocha\/\" \/>\n<meta property=\"og:locale\" content=\"en_GB\" \/>\n<meta property=\"og:type\" content=\"article\" \/>\n<meta property=\"og:title\" content=\"Ros\u00e1rio do Novo Mil\u00e9nio. Prata e Cristal de Rocha.\" \/>\n<meta property=\"og:description\" content=\"O Ros\u00e1rio do Novo Mil\u00e9nio representa a nova composi\u00e7\u00e3o do Ros\u00e1rio evocando os quatro conjuntos de Mist\u00e9rios, no s\u00edmbolo dos Pai Nossos entre a medalha.\" \/>\n<meta property=\"og:url\" content=\"https:\/\/www.leitao-irmao.com\/en\/product\/rosario-do-novo-milenio-prata-e-cristal-de-rocha\/\" \/>\n<meta property=\"og:site_name\" content=\"Leit\u00e3o &amp; Irm\u00e3o\" \/>\n<meta property=\"article:modified_time\" content=\"2026-02-13T09:23:20+00:00\" \/>\n<meta property=\"og:image\" content=\"https:\/\/www.leitao-irmao.com\/wp-content\/uploads\/2023\/05\/rosario-novo-milenio-prata-cristal-de-rocha.jpg\" \/>\n\t<meta property=\"og:image:width\" content=\"1000\" \/>\n\t<meta property=\"og:image:height\" content=\"1000\" \/>\n\t<meta property=\"og:image:type\" content=\"image\/jpeg\" \/>\n<meta name=\"twitter:card\" content=\"summary_large_image\" \/>\n<meta name=\"twitter:title\" content=\"Ros\u00e1rio do Novo Mil\u00e9nio. Prata e Cristal de Rocha.\" \/>\n<meta name=\"twitter:description\" content=\"O Ros\u00e1rio do Novo Mil\u00e9nio representa a nova composi\u00e7\u00e3o do Ros\u00e1rio evocando os quatro conjuntos de Mist\u00e9rios, no s\u00edmbolo dos Pai Nossos entre a medalha.\" \/>\n<meta name=\"twitter:image\" content=\"https:\/\/www.leitao-irmao.com\/wp-content\/uploads\/2023\/05\/rosario-novo-milenio-prata-cristal-de-rocha.jpg\" \/>\n<meta name=\"twitter:label1\" content=\"Estimated reading time\" \/>\n\t<meta name=\"twitter:data1\" content=\"3 minutes\" \/>\n<script type=\"application\/ld+json\" class=\"yoast-schema-graph\">{\"@context\":\"https:\/\/schema.org\",\"@graph\":[{\"@type\":\"WebPage\",\"@id\":\"https:\/\/www.leitao-irmao.com\/product\/rosario-do-novo-milenio-prata-e-cristal-de-rocha\/\",\"url\":\"https:\/\/www.leitao-irmao.com\/product\/rosario-do-novo-milenio-prata-e-cristal-de-rocha\/\",\"name\":\"Ros\u00e1rio do Novo Mil\u00e9nio. Prata e Cristal de Rocha. | Leit\u00e3o &amp; Irm\u00e3o\",\"isPartOf\":{\"@id\":\"https:\/\/www.leitao-irmao.com\/#website\"},\"primaryImageOfPage\":{\"@id\":\"https:\/\/www.leitao-irmao.com\/product\/rosario-do-novo-milenio-prata-e-cristal-de-rocha\/#primaryimage\"},\"image\":{\"@id\":\"https:\/\/www.leitao-irmao.com\/product\/rosario-do-novo-milenio-prata-e-cristal-de-rocha\/#primaryimage\"},\"thumbnailUrl\":\"https:\/\/www.leitao-irmao.com\/wp-content\/uploads\/2023\/05\/Design-sem-nome.jpg\",\"datePublished\":\"2023-05-02T09:15:14+00:00\",\"dateModified\":\"2026-02-13T09:23:20+00:00\",\"description\":\"O Ros\u00e1rio do Novo Mil\u00e9nio representa a nova composi\u00e7\u00e3o do Ros\u00e1rio evocando os quatro conjuntos de Mist\u00e9rios, no s\u00edmbolo dos Pai Nossos entre a medalha.\",\"breadcrumb\":{\"@id\":\"https:\/\/www.leitao-irmao.com\/product\/rosario-do-novo-milenio-prata-e-cristal-de-rocha\/#breadcrumb\"},\"inLanguage\":\"en-GB\",\"potentialAction\":[{\"@type\":\"ReadAction\",\"target\":[\"https:\/\/www.leitao-irmao.com\/product\/rosario-do-novo-milenio-prata-e-cristal-de-rocha\/\"]}]},{\"@type\":\"ImageObject\",\"inLanguage\":\"en-GB\",\"@id\":\"https:\/\/www.leitao-irmao.com\/product\/rosario-do-novo-milenio-prata-e-cristal-de-rocha\/#primaryimage\",\"url\":\"https:\/\/www.leitao-irmao.com\/wp-content\/uploads\/2023\/05\/Design-sem-nome.jpg\",\"contentUrl\":\"https:\/\/www.leitao-irmao.com\/wp-content\/uploads\/2023\/05\/Design-sem-nome.jpg\",\"width\":1080,\"height\":1080,\"caption\":\"Ros\u00e1rio do Novo Mil\u00e9nio em prata e cristal de Rocha da Leit\u00e3o & Irm\u00e3o\"},{\"@type\":\"BreadcrumbList\",\"@id\":\"https:\/\/www.leitao-irmao.com\/product\/rosario-do-novo-milenio-prata-e-cristal-de-rocha\/#breadcrumb\",\"itemListElement\":[{\"@type\":\"ListItem\",\"position\":1,\"name\":\"Home\",\"item\":\"https:\/\/www.leitao-irmao.com\/\"},{\"@type\":\"ListItem\",\"position\":2,\"name\":\"Products\",\"item\":\"https:\/\/www.leitao-irmao.com\/shop\/\"},{\"@type\":\"ListItem\",\"position\":3,\"name\":\"Ros\u00e1rio do Novo Mil\u00e9nio. Prata e Cristal de Rocha.\"}]},{\"@type\":\"WebSite\",\"@id\":\"https:\/\/www.leitao-irmao.com\/#website\",\"url\":\"https:\/\/www.leitao-irmao.com\/\",\"name\":\"Leit\u00e3o & Irm\u00e3o\",\"description\":\"Joalheiros desde 1822\",\"publisher\":{\"@id\":\"https:\/\/www.leitao-irmao.com\/#organization\"},\"potentialAction\":[{\"@type\":\"SearchAction\",\"target\":{\"@type\":\"EntryPoint\",\"urlTemplate\":\"https:\/\/www.leitao-irmao.com\/?s={search_term_string}\"},\"query-input\":{\"@type\":\"PropertyValueSpecification\",\"valueRequired\":true,\"valueName\":\"search_term_string\"}}],\"inLanguage\":\"en-GB\"},{\"@type\":\"Organization\",\"@id\":\"https:\/\/www.leitao-irmao.com\/#organization\",\"name\":\"Leit\u00e3o & Irm\u00e3o\",\"url\":\"https:\/\/www.leitao-irmao.com\/\",\"logo\":{\"@type\":\"ImageObject\",\"inLanguage\":\"en-GB\",\"@id\":\"https:\/\/www.leitao-irmao.com\/#\/schema\/logo\/image\/\",\"url\":\"https:\/\/www.leitao-irmao.com\/wp-content\/uploads\/2022\/11\/leitaoirmao-logo.png\",\"contentUrl\":\"https:\/\/www.leitao-irmao.com\/wp-content\/uploads\/2022\/11\/leitaoirmao-logo.png\",\"width\":426,\"height\":89,\"caption\":\"Leit\u00e3o & Irm\u00e3o\"},\"image\":{\"@id\":\"https:\/\/www.leitao-irmao.com\/#\/schema\/logo\/image\/\"}}]}<\/script>\n<!-- \/ Yoast SEO plugin. -->","yoast_head_json":{"title":"Ros\u00e1rio do Novo Mil\u00e9nio. Prata e Cristal de Rocha. | Leit\u00e3o &amp; Irm\u00e3o","description":"O Ros\u00e1rio do Novo Mil\u00e9nio representa a nova composi\u00e7\u00e3o do Ros\u00e1rio evocando os quatro conjuntos de Mist\u00e9rios, no s\u00edmbolo dos Pai Nossos entre a medalha.","robots":{"index":"index","follow":"follow","max-snippet":"max-snippet:-1","max-image-preview":"max-image-preview:large","max-video-preview":"max-video-preview:-1"},"canonical":"https:\/\/www.leitao-irmao.com\/en\/product\/rosario-do-novo-milenio-prata-e-cristal-de-rocha\/","og_locale":"en_GB","og_type":"article","og_title":"Ros\u00e1rio do Novo Mil\u00e9nio. Prata e Cristal de Rocha.","og_description":"O Ros\u00e1rio do Novo Mil\u00e9nio representa a nova composi\u00e7\u00e3o do Ros\u00e1rio evocando os quatro conjuntos de Mist\u00e9rios, no s\u00edmbolo dos Pai Nossos entre a medalha.","og_url":"https:\/\/www.leitao-irmao.com\/en\/product\/rosario-do-novo-milenio-prata-e-cristal-de-rocha\/","og_site_name":"Leit\u00e3o &amp; Irm\u00e3o","article_modified_time":"2026-02-13T09:23:20+00:00","og_image":[{"width":1000,"height":1000,"url":"https:\/\/www.leitao-irmao.com\/wp-content\/uploads\/2023\/05\/rosario-novo-milenio-prata-cristal-de-rocha.jpg","type":"image\/jpeg"}],"twitter_card":"summary_large_image","twitter_title":"Ros\u00e1rio do Novo Mil\u00e9nio. Prata e Cristal de Rocha.","twitter_description":"O Ros\u00e1rio do Novo Mil\u00e9nio representa a nova composi\u00e7\u00e3o do Ros\u00e1rio evocando os quatro conjuntos de Mist\u00e9rios, no s\u00edmbolo dos Pai Nossos entre a medalha.","twitter_image":"https:\/\/www.leitao-irmao.com\/wp-content\/uploads\/2023\/05\/rosario-novo-milenio-prata-cristal-de-rocha.jpg","twitter_misc":{"Estimated reading time":"3 minutes"},"schema":{"@context":"https:\/\/schema.org","@graph":[{"@type":"WebPage","@id":"https:\/\/www.leitao-irmao.com\/product\/rosario-do-novo-milenio-prata-e-cristal-de-rocha\/","url":"https:\/\/www.leitao-irmao.com\/product\/rosario-do-novo-milenio-prata-e-cristal-de-rocha\/","name":"Ros\u00e1rio do Novo Mil\u00e9nio. Prata e Cristal de Rocha. | Leit\u00e3o &amp; Irm\u00e3o","isPartOf":{"@id":"https:\/\/www.leitao-irmao.com\/#website"},"primaryImageOfPage":{"@id":"https:\/\/www.leitao-irmao.com\/product\/rosario-do-novo-milenio-prata-e-cristal-de-rocha\/#primaryimage"},"image":{"@id":"https:\/\/www.leitao-irmao.com\/product\/rosario-do-novo-milenio-prata-e-cristal-de-rocha\/#primaryimage"},"thumbnailUrl":"https:\/\/www.leitao-irmao.com\/wp-content\/uploads\/2023\/05\/Design-sem-nome.jpg","datePublished":"2023-05-02T09:15:14+00:00","dateModified":"2026-02-13T09:23:20+00:00","description":"O Ros\u00e1rio do Novo Mil\u00e9nio representa a nova composi\u00e7\u00e3o do Ros\u00e1rio evocando os quatro conjuntos de Mist\u00e9rios, no s\u00edmbolo dos Pai Nossos entre a medalha.","breadcrumb":{"@id":"https:\/\/www.leitao-irmao.com\/product\/rosario-do-novo-milenio-prata-e-cristal-de-rocha\/#breadcrumb"},"inLanguage":"en-GB","potentialAction":[{"@type":"ReadAction","target":["https:\/\/www.leitao-irmao.com\/product\/rosario-do-novo-milenio-prata-e-cristal-de-rocha\/"]}]},{"@type":"ImageObject","inLanguage":"en-GB","@id":"https:\/\/www.leitao-irmao.com\/product\/rosario-do-novo-milenio-prata-e-cristal-de-rocha\/#primaryimage","url":"https:\/\/www.leitao-irmao.com\/wp-content\/uploads\/2023\/05\/Design-sem-nome.jpg","contentUrl":"https:\/\/www.leitao-irmao.com\/wp-content\/uploads\/2023\/05\/Design-sem-nome.jpg","width":1080,"height":1080,"caption":"Ros\u00e1rio do Novo Mil\u00e9nio em prata e cristal de Rocha da Leit\u00e3o & Irm\u00e3o"},{"@type":"BreadcrumbList","@id":"https:\/\/www.leitao-irmao.com\/product\/rosario-do-novo-milenio-prata-e-cristal-de-rocha\/#breadcrumb","itemListElement":[{"@type":"ListItem","position":1,"name":"Home","item":"https:\/\/www.leitao-irmao.com\/"},{"@type":"ListItem","position":2,"name":"Products","item":"https:\/\/www.leitao-irmao.com\/shop\/"},{"@type":"ListItem","position":3,"name":"Ros\u00e1rio do Novo Mil\u00e9nio. Prata e Cristal de Rocha."}]},{"@type":"WebSite","@id":"https:\/\/www.leitao-irmao.com\/#website","url":"https:\/\/www.leitao-irmao.com\/","name":"Leit\u00e3o & Irm\u00e3o","description":"Joalheiros desde 1822","publisher":{"@id":"https:\/\/www.leitao-irmao.com\/#organization"},"potentialAction":[{"@type":"SearchAction","target":{"@type":"EntryPoint","urlTemplate":"https:\/\/www.leitao-irmao.com\/?s={search_term_string}"},"query-input":{"@type":"PropertyValueSpecification","valueRequired":true,"valueName":"search_term_string"}}],"inLanguage":"en-GB"},{"@type":"Organization","@id":"https:\/\/www.leitao-irmao.com\/#organization","name":"Leit\u00e3o & Irm\u00e3o","url":"https:\/\/www.leitao-irmao.com\/","logo":{"@type":"ImageObject","inLanguage":"en-GB","@id":"https:\/\/www.leitao-irmao.com\/#\/schema\/logo\/image\/","url":"https:\/\/www.leitao-irmao.com\/wp-content\/uploads\/2022\/11\/leitaoirmao-logo.png","contentUrl":"https:\/\/www.leitao-irmao.com\/wp-content\/uploads\/2022\/11\/leitaoirmao-logo.png","width":426,"height":89,"caption":"Leit\u00e3o & Irm\u00e3o"},"image":{"@id":"https:\/\/www.leitao-irmao.com\/#\/schema\/logo\/image\/"}}]}},"_links":{"self":[{"href":"https:\/\/www.leitao-irmao.com\/en\/wp-json\/wp\/v2\/product\/4486","targetHints":{"allow":["GET"]}}],"collection":[{"href":"https:\/\/www.leitao-irmao.com\/en\/wp-json\/wp\/v2\/product"}],"about":[{"href":"https:\/\/www.leitao-irmao.com\/en\/wp-json\/wp\/v2\/types\/product"}],"version-history":[{"count":1,"href":"https:\/\/www.leitao-irmao.com\/en\/wp-json\/wp\/v2\/product\/4486\/revisions"}],"predecessor-version":[{"id":32985,"href":"https:\/\/www.leitao-irmao.com\/en\/wp-json\/wp\/v2\/product\/4486\/revisions\/32985"}],"wp:featuredmedia":[{"embeddable":true,"href":"https:\/\/www.leitao-irmao.com\/en\/wp-json\/wp\/v2\/media\/24234"}],"wp:attachment":[{"href":"https:\/\/www.leitao-irmao.com\/en\/wp-json\/wp\/v2\/media?parent=4486"}],"wp:term":[{"taxonomy":"product_brand","embeddable":true,"href":"https:\/\/www.leitao-irmao.com\/en\/wp-json\/wp\/v2\/product_brand?post=4486"},{"taxonomy":"product_cat","embeddable":true,"href":"https:\/\/www.leitao-irmao.com\/en\/wp-json\/wp\/v2\/product_cat?post=4486"},{"taxonomy":"product_tag","embeddable":true,"href":"https:\/\/www.leitao-irmao.com\/en\/wp-json\/wp\/v2\/product_tag?post=4486"}],"curies":[{"name":"wp","href":"https:\/\/api.w.org\/{rel}","templated":true}]}}