{"id":7053,"date":"2023-06-01T23:47:03","date_gmt":"2023-06-01T23:47:03","guid":{"rendered":"https:\/\/leitao-irmao.ad-pulse.com\/produto\/pendente-signo-virgem-zodiaco\/"},"modified":"2025-05-20T14:31:31","modified_gmt":"2025-05-20T13:31:31","slug":"pendente-signo-virgem-zodiaco","status":"publish","type":"product","link":"https:\/\/www.leitao-irmao.com\/en\/product\/pendente-signo-virgem-zodiaco\/","title":{"rendered":"Virgo Sign Pendant | Zodiac"},"content":{"rendered":"","protected":false},"excerpt":{"rendered":"<p>The Virgo Sign Pendant in Yellow Gold is the perfect choice for Virgo natives. Virgo is known for its meticulous, practical and organised nature. It represents purity, honesty and loyalty.<br \/>\nThis pendant is handcrafted by Leit\u00e3o &amp; Irm\u00e3o goldsmiths in 19.2 carat yellow gold with a modern and elegant design. The symbol of the sign Virgo is delicately cut out inside the circumference with a diameter of 1 cm.<\/p>\n<p>&nbsp;<\/p>\n<p><em><strong>Fio n\u00e3o inclu\u00eddo\u00a0<\/strong><\/em><\/p>","protected":false},"featured_media":7633,"template":"","meta":{"_acf_changed":false},"product_brand":[],"product_cat":[131,137,79,267,86,123,664,220],"product_tag":[336,434,277,278,271,279],"class_list":{"0":"post-7053","1":"product","2":"type-product","3":"status-publish","4":"has-post-thumbnail","6":"product_cat-aniversario-de-18-anos","7":"product_cat-batizados","8":"product_cat-joalharia","9":"product_cat-mais-oferecidos","10":"product_cat-pendentes","11":"product_cat-presentes-entre-150e-a-500e","12":"product_cat-presentes-para-a-primeira-comunhao","13":"product_cat-zodiaco","14":"product_tag-bestseller","15":"product_tag-crianca","16":"product_tag-homem","17":"product_tag-mulher","18":"product_tag-ouro","19":"product_tag-unissexo","21":"first","22":"instock","23":"shipping-taxable","24":"purchasable","25":"product-type-simple"},"acf":[],"yoast_head":"<!-- This site is optimized with the Yoast SEO plugin v25.4 - https:\/\/yoast.com\/wordpress\/plugins\/seo\/ -->\n<title>pendente signo virgem em ouro<\/title>\n<meta name=\"robots\" content=\"index, follow, max-snippet:-1, max-image-preview:large, max-video-preview:-1\" \/>\n<link rel=\"canonical\" href=\"https:\/\/www.leitao-irmao.com\/en\/product\/pendente-signo-virgem-zodiaco\/\" \/>\n<meta property=\"og:locale\" content=\"en_GB\" \/>\n<meta property=\"og:type\" content=\"article\" \/>\n<meta property=\"og:title\" content=\"pendente signo virgem em ouro\" \/>\n<meta property=\"og:description\" content=\"O Pendente Signo Virgem em Ouro Amarelo \u00e9 a escolha perfeita para nativos do signo Virgem. O signo Virgem \u00e9 conhecido pela sua natureza meticulosa, pr\u00e1tica e organizada. Representa a pureza, a honestidade e a lealdade. Este pendente \u00e9 realizado manualmente pelos ourives Leit\u00e3o &amp; Irm\u00e3o em ouro amarelo de 19,2 kilates com um design moderno e elegante. O s\u00edmbolo do signo Virgem \u00e9 delicadamente recortado no interior da circunfer\u00eancia com 1 cm de di\u00e2metro.  &nbsp;  Fio n\u00e3o inclu\u00eddo\u00a0\" \/>\n<meta property=\"og:url\" content=\"https:\/\/www.leitao-irmao.com\/en\/product\/pendente-signo-virgem-zodiaco\/\" \/>\n<meta property=\"og:site_name\" content=\"Leit\u00e3o &amp; Irm\u00e3o\" \/>\n<meta property=\"article:modified_time\" content=\"2025-05-20T13:31:31+00:00\" \/>\n<meta property=\"og:image\" content=\"https:\/\/www.leitao-irmao.com\/wp-content\/uploads\/2023\/06\/0219061.jpg\" \/>\n\t<meta property=\"og:image:width\" content=\"1000\" \/>\n\t<meta property=\"og:image:height\" content=\"1000\" \/>\n\t<meta property=\"og:image:type\" content=\"image\/jpeg\" \/>\n<meta name=\"twitter:card\" content=\"summary_large_image\" \/>\n<meta name=\"twitter:label1\" content=\"Estimated reading time\" \/>\n\t<meta name=\"twitter:data1\" content=\"1 minute\" \/>\n<script type=\"application\/ld+json\" class=\"yoast-schema-graph\">{\"@context\":\"https:\/\/schema.org\",\"@graph\":[{\"@type\":\"WebPage\",\"@id\":\"https:\/\/www.leitao-irmao.com\/product\/pendente-signo-virgem-zodiaco\/\",\"url\":\"https:\/\/www.leitao-irmao.com\/product\/pendente-signo-virgem-zodiaco\/\",\"name\":\"pendente signo virgem em ouro\",\"isPartOf\":{\"@id\":\"https:\/\/www.leitao-irmao.com\/#website\"},\"primaryImageOfPage\":{\"@id\":\"https:\/\/www.leitao-irmao.com\/product\/pendente-signo-virgem-zodiaco\/#primaryimage\"},\"image\":{\"@id\":\"https:\/\/www.leitao-irmao.com\/product\/pendente-signo-virgem-zodiaco\/#primaryimage\"},\"thumbnailUrl\":\"https:\/\/www.leitao-irmao.com\/wp-content\/uploads\/2023\/06\/0219061.jpg\",\"datePublished\":\"2023-06-01T23:47:03+00:00\",\"dateModified\":\"2025-05-20T13:31:31+00:00\",\"breadcrumb\":{\"@id\":\"https:\/\/www.leitao-irmao.com\/product\/pendente-signo-virgem-zodiaco\/#breadcrumb\"},\"inLanguage\":\"en-GB\",\"potentialAction\":[{\"@type\":\"ReadAction\",\"target\":[\"https:\/\/www.leitao-irmao.com\/product\/pendente-signo-virgem-zodiaco\/\"]}]},{\"@type\":\"ImageObject\",\"inLanguage\":\"en-GB\",\"@id\":\"https:\/\/www.leitao-irmao.com\/product\/pendente-signo-virgem-zodiaco\/#primaryimage\",\"url\":\"https:\/\/www.leitao-irmao.com\/wp-content\/uploads\/2023\/06\/0219061.jpg\",\"contentUrl\":\"https:\/\/www.leitao-irmao.com\/wp-content\/uploads\/2023\/06\/0219061.jpg\",\"width\":1000,\"height\":1000},{\"@type\":\"BreadcrumbList\",\"@id\":\"https:\/\/www.leitao-irmao.com\/product\/pendente-signo-virgem-zodiaco\/#breadcrumb\",\"itemListElement\":[{\"@type\":\"ListItem\",\"position\":1,\"name\":\"Home\",\"item\":\"https:\/\/www.leitao-irmao.com\/\"},{\"@type\":\"ListItem\",\"position\":2,\"name\":\"Products\",\"item\":\"https:\/\/www.leitao-irmao.com\/shop\/\"},{\"@type\":\"ListItem\",\"position\":3,\"name\":\"Pendente Signo Virgem | Zod\u00edaco\"}]},{\"@type\":\"WebSite\",\"@id\":\"https:\/\/www.leitao-irmao.com\/#website\",\"url\":\"https:\/\/www.leitao-irmao.com\/\",\"name\":\"Leit\u00e3o & Irm\u00e3o\",\"description\":\"Joalheiros desde 1822\",\"publisher\":{\"@id\":\"https:\/\/www.leitao-irmao.com\/#organization\"},\"potentialAction\":[{\"@type\":\"SearchAction\",\"target\":{\"@type\":\"EntryPoint\",\"urlTemplate\":\"https:\/\/www.leitao-irmao.com\/?s={search_term_string}\"},\"query-input\":{\"@type\":\"PropertyValueSpecification\",\"valueRequired\":true,\"valueName\":\"search_term_string\"}}],\"inLanguage\":\"en-GB\"},{\"@type\":\"Organization\",\"@id\":\"https:\/\/www.leitao-irmao.com\/#organization\",\"name\":\"Leit\u00e3o & Irm\u00e3o\",\"url\":\"https:\/\/www.leitao-irmao.com\/\",\"logo\":{\"@type\":\"ImageObject\",\"inLanguage\":\"en-GB\",\"@id\":\"https:\/\/www.leitao-irmao.com\/#\/schema\/logo\/image\/\",\"url\":\"https:\/\/www.leitao-irmao.com\/wp-content\/uploads\/2022\/11\/leitaoirmao-logo.png\",\"contentUrl\":\"https:\/\/www.leitao-irmao.com\/wp-content\/uploads\/2022\/11\/leitaoirmao-logo.png\",\"width\":426,\"height\":89,\"caption\":\"Leit\u00e3o & Irm\u00e3o\"},\"image\":{\"@id\":\"https:\/\/www.leitao-irmao.com\/#\/schema\/logo\/image\/\"}}]}<\/script>\n<!-- \/ Yoast SEO plugin. -->","yoast_head_json":{"title":"pendente signo virgem em ouro","robots":{"index":"index","follow":"follow","max-snippet":"max-snippet:-1","max-image-preview":"max-image-preview:large","max-video-preview":"max-video-preview:-1"},"canonical":"https:\/\/www.leitao-irmao.com\/en\/product\/pendente-signo-virgem-zodiaco\/","og_locale":"en_GB","og_type":"article","og_title":"pendente signo virgem em ouro","og_description":"O Pendente Signo Virgem em Ouro Amarelo \u00e9 a escolha perfeita para nativos do signo Virgem. O signo Virgem \u00e9 conhecido pela sua natureza meticulosa, pr\u00e1tica e organizada. Representa a pureza, a honestidade e a lealdade. Este pendente \u00e9 realizado manualmente pelos ourives Leit\u00e3o &amp; Irm\u00e3o em ouro amarelo de 19,2 kilates com um design moderno e elegante. O s\u00edmbolo do signo Virgem \u00e9 delicadamente recortado no interior da circunfer\u00eancia com 1 cm de di\u00e2metro.  &nbsp;  Fio n\u00e3o inclu\u00eddo\u00a0","og_url":"https:\/\/www.leitao-irmao.com\/en\/product\/pendente-signo-virgem-zodiaco\/","og_site_name":"Leit\u00e3o &amp; Irm\u00e3o","article_modified_time":"2025-05-20T13:31:31+00:00","og_image":[{"width":1000,"height":1000,"url":"https:\/\/www.leitao-irmao.com\/wp-content\/uploads\/2023\/06\/0219061.jpg","type":"image\/jpeg"}],"twitter_card":"summary_large_image","twitter_misc":{"Estimated reading time":"1 minute"},"schema":{"@context":"https:\/\/schema.org","@graph":[{"@type":"WebPage","@id":"https:\/\/www.leitao-irmao.com\/product\/pendente-signo-virgem-zodiaco\/","url":"https:\/\/www.leitao-irmao.com\/product\/pendente-signo-virgem-zodiaco\/","name":"pendente signo virgem em ouro","isPartOf":{"@id":"https:\/\/www.leitao-irmao.com\/#website"},"primaryImageOfPage":{"@id":"https:\/\/www.leitao-irmao.com\/product\/pendente-signo-virgem-zodiaco\/#primaryimage"},"image":{"@id":"https:\/\/www.leitao-irmao.com\/product\/pendente-signo-virgem-zodiaco\/#primaryimage"},"thumbnailUrl":"https:\/\/www.leitao-irmao.com\/wp-content\/uploads\/2023\/06\/0219061.jpg","datePublished":"2023-06-01T23:47:03+00:00","dateModified":"2025-05-20T13:31:31+00:00","breadcrumb":{"@id":"https:\/\/www.leitao-irmao.com\/product\/pendente-signo-virgem-zodiaco\/#breadcrumb"},"inLanguage":"en-GB","potentialAction":[{"@type":"ReadAction","target":["https:\/\/www.leitao-irmao.com\/product\/pendente-signo-virgem-zodiaco\/"]}]},{"@type":"ImageObject","inLanguage":"en-GB","@id":"https:\/\/www.leitao-irmao.com\/product\/pendente-signo-virgem-zodiaco\/#primaryimage","url":"https:\/\/www.leitao-irmao.com\/wp-content\/uploads\/2023\/06\/0219061.jpg","contentUrl":"https:\/\/www.leitao-irmao.com\/wp-content\/uploads\/2023\/06\/0219061.jpg","width":1000,"height":1000},{"@type":"BreadcrumbList","@id":"https:\/\/www.leitao-irmao.com\/product\/pendente-signo-virgem-zodiaco\/#breadcrumb","itemListElement":[{"@type":"ListItem","position":1,"name":"Home","item":"https:\/\/www.leitao-irmao.com\/"},{"@type":"ListItem","position":2,"name":"Products","item":"https:\/\/www.leitao-irmao.com\/shop\/"},{"@type":"ListItem","position":3,"name":"Pendente Signo Virgem | Zod\u00edaco"}]},{"@type":"WebSite","@id":"https:\/\/www.leitao-irmao.com\/#website","url":"https:\/\/www.leitao-irmao.com\/","name":"Leit\u00e3o & Irm\u00e3o","description":"Joalheiros desde 1822","publisher":{"@id":"https:\/\/www.leitao-irmao.com\/#organization"},"potentialAction":[{"@type":"SearchAction","target":{"@type":"EntryPoint","urlTemplate":"https:\/\/www.leitao-irmao.com\/?s={search_term_string}"},"query-input":{"@type":"PropertyValueSpecification","valueRequired":true,"valueName":"search_term_string"}}],"inLanguage":"en-GB"},{"@type":"Organization","@id":"https:\/\/www.leitao-irmao.com\/#organization","name":"Leit\u00e3o & Irm\u00e3o","url":"https:\/\/www.leitao-irmao.com\/","logo":{"@type":"ImageObject","inLanguage":"en-GB","@id":"https:\/\/www.leitao-irmao.com\/#\/schema\/logo\/image\/","url":"https:\/\/www.leitao-irmao.com\/wp-content\/uploads\/2022\/11\/leitaoirmao-logo.png","contentUrl":"https:\/\/www.leitao-irmao.com\/wp-content\/uploads\/2022\/11\/leitaoirmao-logo.png","width":426,"height":89,"caption":"Leit\u00e3o & Irm\u00e3o"},"image":{"@id":"https:\/\/www.leitao-irmao.com\/#\/schema\/logo\/image\/"}}]}},"_links":{"self":[{"href":"https:\/\/www.leitao-irmao.com\/en\/wp-json\/wp\/v2\/product\/7053","targetHints":{"allow":["GET"]}}],"collection":[{"href":"https:\/\/www.leitao-irmao.com\/en\/wp-json\/wp\/v2\/product"}],"about":[{"href":"https:\/\/www.leitao-irmao.com\/en\/wp-json\/wp\/v2\/types\/product"}],"version-history":[{"count":0,"href":"https:\/\/www.leitao-irmao.com\/en\/wp-json\/wp\/v2\/product\/7053\/revisions"}],"wp:featuredmedia":[{"embeddable":true,"href":"https:\/\/www.leitao-irmao.com\/en\/wp-json\/wp\/v2\/media\/7633"}],"wp:attachment":[{"href":"https:\/\/www.leitao-irmao.com\/en\/wp-json\/wp\/v2\/media?parent=7053"}],"wp:term":[{"taxonomy":"product_brand","embeddable":true,"href":"https:\/\/www.leitao-irmao.com\/en\/wp-json\/wp\/v2\/product_brand?post=7053"},{"taxonomy":"product_cat","embeddable":true,"href":"https:\/\/www.leitao-irmao.com\/en\/wp-json\/wp\/v2\/product_cat?post=7053"},{"taxonomy":"product_tag","embeddable":true,"href":"https:\/\/www.leitao-irmao.com\/en\/wp-json\/wp\/v2\/product_tag?post=7053"}],"curies":[{"name":"wp","href":"https:\/\/api.w.org\/{rel}","templated":true}]}}