{"id":7054,"date":"2023-06-01T23:47:03","date_gmt":"2023-06-01T23:47:03","guid":{"rendered":"https:\/\/leitao-irmao.ad-pulse.com\/produto\/pendente-signo-balanca-zodiaco\/"},"modified":"2026-04-09T12:04:32","modified_gmt":"2026-04-09T11:04:32","slug":"pendente-signo-balanca-zodiaco","status":"publish","type":"product","link":"https:\/\/www.leitao-irmao.com\/en\/product\/pendente-signo-balanca-zodiaco\/","title":{"rendered":"Libra Sign Pendant | Zodiac"},"content":{"rendered":"","protected":false},"excerpt":{"rendered":"<p>The Libra Sign Pendant in Yellow Gold is the perfect choice for natives of the sign Libra. Libra are known for their capacity for balance, justice and harmony. Handcrafted by Leit\u00e3o &amp; Irm\u00e3o goldsmiths in 19.2 carat yellow gold, this pendant has a modern and elegant design of 1 cm in diameter. A versatile accessory that can be worn on a daily basis.<\/p>\n<p>&nbsp;<\/p>\n<p><em><strong>Fio n\u00e3o inclu\u00eddo\u00a0<\/strong><\/em><\/p>","protected":false},"featured_media":7631,"template":"","meta":{"_acf_changed":false},"product_brand":[],"product_cat":[131,137,79,267,86,123,664,220],"product_tag":[434,277,278,271,279],"class_list":{"0":"post-7054","1":"product","2":"type-product","3":"status-publish","4":"has-post-thumbnail","6":"product_cat-aniversario-de-18-anos","7":"product_cat-batizados","8":"product_cat-joalharia","9":"product_cat-mais-oferecidos","10":"product_cat-pendentes","11":"product_cat-presentes-entre-150e-a-500e","12":"product_cat-presentes-para-a-primeira-comunhao","13":"product_cat-zodiaco","14":"product_tag-crianca","15":"product_tag-homem","16":"product_tag-mulher","17":"product_tag-ouro","18":"product_tag-unissexo","20":"first","21":"instock","22":"shipping-taxable","23":"purchasable","24":"product-type-simple"},"acf":[],"yoast_head":"<!-- This site is optimized with the Yoast SEO plugin v25.4 - https:\/\/yoast.com\/wordpress\/plugins\/seo\/ -->\n<title>pendente signo balan\u00e7a em ouro<\/title>\n<meta name=\"robots\" content=\"index, follow, max-snippet:-1, max-image-preview:large, max-video-preview:-1\" \/>\n<link rel=\"canonical\" href=\"https:\/\/www.leitao-irmao.com\/en\/product\/pendente-signo-balanca-zodiaco\/\" \/>\n<meta property=\"og:locale\" content=\"en_GB\" \/>\n<meta property=\"og:type\" content=\"article\" \/>\n<meta property=\"og:title\" content=\"pendente signo balan\u00e7a em ouro\" \/>\n<meta property=\"og:description\" content=\"O Pendente Signo Balan\u00e7a em Ouro Amarelo \u00e9 a escolha perfeita para nativos do signo Balan\u00e7a. Os Balan\u00e7a s\u00e3o conhecidos pela sua capacidade de equil\u00edbrio, justi\u00e7a e harmonia. Realizado manualmente pelos ourives Leit\u00e3o &amp; Irm\u00e3o em ouro amarelo de 19,2 kilates, este pendente tem um design moderno e elegante de 1 cm de di\u00e2metro. Um acess\u00f3rio vers\u00e1til que pode ser usado no dia-a-dia.  &nbsp;  Fio n\u00e3o inclu\u00eddo\u00a0\" \/>\n<meta property=\"og:url\" content=\"https:\/\/www.leitao-irmao.com\/en\/product\/pendente-signo-balanca-zodiaco\/\" \/>\n<meta property=\"og:site_name\" content=\"Leit\u00e3o &amp; Irm\u00e3o\" \/>\n<meta property=\"article:modified_time\" content=\"2026-04-09T11:04:32+00:00\" \/>\n<meta property=\"og:image\" content=\"https:\/\/www.leitao-irmao.com\/wp-content\/uploads\/2023\/06\/0219062.jpg\" \/>\n\t<meta property=\"og:image:width\" content=\"1000\" \/>\n\t<meta property=\"og:image:height\" content=\"1000\" \/>\n\t<meta property=\"og:image:type\" content=\"image\/jpeg\" \/>\n<meta name=\"twitter:card\" content=\"summary_large_image\" \/>\n<meta name=\"twitter:label1\" content=\"Estimated reading time\" \/>\n\t<meta name=\"twitter:data1\" content=\"1 minute\" \/>\n<script type=\"application\/ld+json\" class=\"yoast-schema-graph\">{\"@context\":\"https:\/\/schema.org\",\"@graph\":[{\"@type\":\"WebPage\",\"@id\":\"https:\/\/www.leitao-irmao.com\/product\/pendente-signo-balanca-zodiaco\/\",\"url\":\"https:\/\/www.leitao-irmao.com\/product\/pendente-signo-balanca-zodiaco\/\",\"name\":\"pendente signo balan\u00e7a em ouro\",\"isPartOf\":{\"@id\":\"https:\/\/www.leitao-irmao.com\/#website\"},\"primaryImageOfPage\":{\"@id\":\"https:\/\/www.leitao-irmao.com\/product\/pendente-signo-balanca-zodiaco\/#primaryimage\"},\"image\":{\"@id\":\"https:\/\/www.leitao-irmao.com\/product\/pendente-signo-balanca-zodiaco\/#primaryimage\"},\"thumbnailUrl\":\"https:\/\/www.leitao-irmao.com\/wp-content\/uploads\/2023\/06\/0219062.jpg\",\"datePublished\":\"2023-06-01T23:47:03+00:00\",\"dateModified\":\"2026-04-09T11:04:32+00:00\",\"breadcrumb\":{\"@id\":\"https:\/\/www.leitao-irmao.com\/product\/pendente-signo-balanca-zodiaco\/#breadcrumb\"},\"inLanguage\":\"en-GB\",\"potentialAction\":[{\"@type\":\"ReadAction\",\"target\":[\"https:\/\/www.leitao-irmao.com\/product\/pendente-signo-balanca-zodiaco\/\"]}]},{\"@type\":\"ImageObject\",\"inLanguage\":\"en-GB\",\"@id\":\"https:\/\/www.leitao-irmao.com\/product\/pendente-signo-balanca-zodiaco\/#primaryimage\",\"url\":\"https:\/\/www.leitao-irmao.com\/wp-content\/uploads\/2023\/06\/0219062.jpg\",\"contentUrl\":\"https:\/\/www.leitao-irmao.com\/wp-content\/uploads\/2023\/06\/0219062.jpg\",\"width\":1000,\"height\":1000},{\"@type\":\"BreadcrumbList\",\"@id\":\"https:\/\/www.leitao-irmao.com\/product\/pendente-signo-balanca-zodiaco\/#breadcrumb\",\"itemListElement\":[{\"@type\":\"ListItem\",\"position\":1,\"name\":\"Home\",\"item\":\"https:\/\/www.leitao-irmao.com\/\"},{\"@type\":\"ListItem\",\"position\":2,\"name\":\"Products\",\"item\":\"https:\/\/www.leitao-irmao.com\/shop\/\"},{\"@type\":\"ListItem\",\"position\":3,\"name\":\"Pendente Signo Balan\u00e7a | Zod\u00edaco\"}]},{\"@type\":\"WebSite\",\"@id\":\"https:\/\/www.leitao-irmao.com\/#website\",\"url\":\"https:\/\/www.leitao-irmao.com\/\",\"name\":\"Leit\u00e3o & Irm\u00e3o\",\"description\":\"Joalheiros desde 1822\",\"publisher\":{\"@id\":\"https:\/\/www.leitao-irmao.com\/#organization\"},\"potentialAction\":[{\"@type\":\"SearchAction\",\"target\":{\"@type\":\"EntryPoint\",\"urlTemplate\":\"https:\/\/www.leitao-irmao.com\/?s={search_term_string}\"},\"query-input\":{\"@type\":\"PropertyValueSpecification\",\"valueRequired\":true,\"valueName\":\"search_term_string\"}}],\"inLanguage\":\"en-GB\"},{\"@type\":\"Organization\",\"@id\":\"https:\/\/www.leitao-irmao.com\/#organization\",\"name\":\"Leit\u00e3o & Irm\u00e3o\",\"url\":\"https:\/\/www.leitao-irmao.com\/\",\"logo\":{\"@type\":\"ImageObject\",\"inLanguage\":\"en-GB\",\"@id\":\"https:\/\/www.leitao-irmao.com\/#\/schema\/logo\/image\/\",\"url\":\"https:\/\/www.leitao-irmao.com\/wp-content\/uploads\/2022\/11\/leitaoirmao-logo.png\",\"contentUrl\":\"https:\/\/www.leitao-irmao.com\/wp-content\/uploads\/2022\/11\/leitaoirmao-logo.png\",\"width\":426,\"height\":89,\"caption\":\"Leit\u00e3o & Irm\u00e3o\"},\"image\":{\"@id\":\"https:\/\/www.leitao-irmao.com\/#\/schema\/logo\/image\/\"}}]}<\/script>\n<!-- \/ Yoast SEO plugin. -->","yoast_head_json":{"title":"pendente signo balan\u00e7a em ouro","robots":{"index":"index","follow":"follow","max-snippet":"max-snippet:-1","max-image-preview":"max-image-preview:large","max-video-preview":"max-video-preview:-1"},"canonical":"https:\/\/www.leitao-irmao.com\/en\/product\/pendente-signo-balanca-zodiaco\/","og_locale":"en_GB","og_type":"article","og_title":"pendente signo balan\u00e7a em ouro","og_description":"O Pendente Signo Balan\u00e7a em Ouro Amarelo \u00e9 a escolha perfeita para nativos do signo Balan\u00e7a. Os Balan\u00e7a s\u00e3o conhecidos pela sua capacidade de equil\u00edbrio, justi\u00e7a e harmonia. Realizado manualmente pelos ourives Leit\u00e3o &amp; Irm\u00e3o em ouro amarelo de 19,2 kilates, este pendente tem um design moderno e elegante de 1 cm de di\u00e2metro. Um acess\u00f3rio vers\u00e1til que pode ser usado no dia-a-dia.  &nbsp;  Fio n\u00e3o inclu\u00eddo\u00a0","og_url":"https:\/\/www.leitao-irmao.com\/en\/product\/pendente-signo-balanca-zodiaco\/","og_site_name":"Leit\u00e3o &amp; Irm\u00e3o","article_modified_time":"2026-04-09T11:04:32+00:00","og_image":[{"width":1000,"height":1000,"url":"https:\/\/www.leitao-irmao.com\/wp-content\/uploads\/2023\/06\/0219062.jpg","type":"image\/jpeg"}],"twitter_card":"summary_large_image","twitter_misc":{"Estimated reading time":"1 minute"},"schema":{"@context":"https:\/\/schema.org","@graph":[{"@type":"WebPage","@id":"https:\/\/www.leitao-irmao.com\/product\/pendente-signo-balanca-zodiaco\/","url":"https:\/\/www.leitao-irmao.com\/product\/pendente-signo-balanca-zodiaco\/","name":"pendente signo balan\u00e7a em ouro","isPartOf":{"@id":"https:\/\/www.leitao-irmao.com\/#website"},"primaryImageOfPage":{"@id":"https:\/\/www.leitao-irmao.com\/product\/pendente-signo-balanca-zodiaco\/#primaryimage"},"image":{"@id":"https:\/\/www.leitao-irmao.com\/product\/pendente-signo-balanca-zodiaco\/#primaryimage"},"thumbnailUrl":"https:\/\/www.leitao-irmao.com\/wp-content\/uploads\/2023\/06\/0219062.jpg","datePublished":"2023-06-01T23:47:03+00:00","dateModified":"2026-04-09T11:04:32+00:00","breadcrumb":{"@id":"https:\/\/www.leitao-irmao.com\/product\/pendente-signo-balanca-zodiaco\/#breadcrumb"},"inLanguage":"en-GB","potentialAction":[{"@type":"ReadAction","target":["https:\/\/www.leitao-irmao.com\/product\/pendente-signo-balanca-zodiaco\/"]}]},{"@type":"ImageObject","inLanguage":"en-GB","@id":"https:\/\/www.leitao-irmao.com\/product\/pendente-signo-balanca-zodiaco\/#primaryimage","url":"https:\/\/www.leitao-irmao.com\/wp-content\/uploads\/2023\/06\/0219062.jpg","contentUrl":"https:\/\/www.leitao-irmao.com\/wp-content\/uploads\/2023\/06\/0219062.jpg","width":1000,"height":1000},{"@type":"BreadcrumbList","@id":"https:\/\/www.leitao-irmao.com\/product\/pendente-signo-balanca-zodiaco\/#breadcrumb","itemListElement":[{"@type":"ListItem","position":1,"name":"Home","item":"https:\/\/www.leitao-irmao.com\/"},{"@type":"ListItem","position":2,"name":"Products","item":"https:\/\/www.leitao-irmao.com\/shop\/"},{"@type":"ListItem","position":3,"name":"Pendente Signo Balan\u00e7a | Zod\u00edaco"}]},{"@type":"WebSite","@id":"https:\/\/www.leitao-irmao.com\/#website","url":"https:\/\/www.leitao-irmao.com\/","name":"Leit\u00e3o & Irm\u00e3o","description":"Joalheiros desde 1822","publisher":{"@id":"https:\/\/www.leitao-irmao.com\/#organization"},"potentialAction":[{"@type":"SearchAction","target":{"@type":"EntryPoint","urlTemplate":"https:\/\/www.leitao-irmao.com\/?s={search_term_string}"},"query-input":{"@type":"PropertyValueSpecification","valueRequired":true,"valueName":"search_term_string"}}],"inLanguage":"en-GB"},{"@type":"Organization","@id":"https:\/\/www.leitao-irmao.com\/#organization","name":"Leit\u00e3o & Irm\u00e3o","url":"https:\/\/www.leitao-irmao.com\/","logo":{"@type":"ImageObject","inLanguage":"en-GB","@id":"https:\/\/www.leitao-irmao.com\/#\/schema\/logo\/image\/","url":"https:\/\/www.leitao-irmao.com\/wp-content\/uploads\/2022\/11\/leitaoirmao-logo.png","contentUrl":"https:\/\/www.leitao-irmao.com\/wp-content\/uploads\/2022\/11\/leitaoirmao-logo.png","width":426,"height":89,"caption":"Leit\u00e3o & Irm\u00e3o"},"image":{"@id":"https:\/\/www.leitao-irmao.com\/#\/schema\/logo\/image\/"}}]}},"_links":{"self":[{"href":"https:\/\/www.leitao-irmao.com\/en\/wp-json\/wp\/v2\/product\/7054","targetHints":{"allow":["GET"]}}],"collection":[{"href":"https:\/\/www.leitao-irmao.com\/en\/wp-json\/wp\/v2\/product"}],"about":[{"href":"https:\/\/www.leitao-irmao.com\/en\/wp-json\/wp\/v2\/types\/product"}],"version-history":[{"count":1,"href":"https:\/\/www.leitao-irmao.com\/en\/wp-json\/wp\/v2\/product\/7054\/revisions"}],"predecessor-version":[{"id":37898,"href":"https:\/\/www.leitao-irmao.com\/en\/wp-json\/wp\/v2\/product\/7054\/revisions\/37898"}],"wp:featuredmedia":[{"embeddable":true,"href":"https:\/\/www.leitao-irmao.com\/en\/wp-json\/wp\/v2\/media\/7631"}],"wp:attachment":[{"href":"https:\/\/www.leitao-irmao.com\/en\/wp-json\/wp\/v2\/media?parent=7054"}],"wp:term":[{"taxonomy":"product_brand","embeddable":true,"href":"https:\/\/www.leitao-irmao.com\/en\/wp-json\/wp\/v2\/product_brand?post=7054"},{"taxonomy":"product_cat","embeddable":true,"href":"https:\/\/www.leitao-irmao.com\/en\/wp-json\/wp\/v2\/product_cat?post=7054"},{"taxonomy":"product_tag","embeddable":true,"href":"https:\/\/www.leitao-irmao.com\/en\/wp-json\/wp\/v2\/product_tag?post=7054"}],"curies":[{"name":"wp","href":"https:\/\/api.w.org\/{rel}","templated":true}]}}