{"id":7055,"date":"2023-06-01T23:47:04","date_gmt":"2023-06-01T23:47:04","guid":{"rendered":"https:\/\/leitao-irmao.ad-pulse.com\/produto\/pendente-signo-escorpiao-zodiaco\/"},"modified":"2026-04-09T12:04:46","modified_gmt":"2026-04-09T11:04:46","slug":"pendente-signo-escorpiao-zodiaco","status":"publish","type":"product","link":"https:\/\/www.leitao-irmao.com\/en\/product\/pendente-signo-escorpiao-zodiaco\/","title":{"rendered":"Scorpio Sign Pendant | Zodiac"},"content":{"rendered":"","protected":false},"excerpt":{"rendered":"<p>The Scorpio Sign Pendant in Yellow Gold is the perfect choice for Scorpio natives. Scorpio is a fire sign, which represents strength, determination and courage. This piece of jewellery is crafted in 19.2 carat yellow gold and has a modern and elegant design. The pendant has a diameter of 1 cm, making it the ideal choice for those looking for a modern and symbolic accessory to wear on a daily basis.<\/p>\n<p>&nbsp;<\/p>\n<p><em><strong>Fio n\u00e3o inclu\u00eddo\u00a0<\/strong><\/em><\/p>","protected":false},"featured_media":7626,"template":"","meta":{"_acf_changed":false},"product_brand":[],"product_cat":[131,137,79,267,86,123,664,220],"product_tag":[336,434,277,278,271,279],"class_list":{"0":"post-7055","1":"product","2":"type-product","3":"status-publish","4":"has-post-thumbnail","6":"product_cat-aniversario-de-18-anos","7":"product_cat-batizados","8":"product_cat-joalharia","9":"product_cat-mais-oferecidos","10":"product_cat-pendentes","11":"product_cat-presentes-entre-150e-a-500e","12":"product_cat-presentes-para-a-primeira-comunhao","13":"product_cat-zodiaco","14":"product_tag-bestseller","15":"product_tag-crianca","16":"product_tag-homem","17":"product_tag-mulher","18":"product_tag-ouro","19":"product_tag-unissexo","21":"first","22":"instock","23":"shipping-taxable","24":"purchasable","25":"product-type-simple"},"acf":[],"yoast_head":"<!-- This site is optimized with the Yoast SEO plugin v25.4 - https:\/\/yoast.com\/wordpress\/plugins\/seo\/ -->\n<title>pendente signo escorpi\u00e3o<\/title>\n<meta name=\"robots\" content=\"index, follow, max-snippet:-1, max-image-preview:large, max-video-preview:-1\" \/>\n<link rel=\"canonical\" href=\"https:\/\/www.leitao-irmao.com\/en\/product\/pendente-signo-escorpiao-zodiaco\/\" \/>\n<meta property=\"og:locale\" content=\"en_GB\" \/>\n<meta property=\"og:type\" content=\"article\" \/>\n<meta property=\"og:title\" content=\"pendente signo escorpi\u00e3o\" \/>\n<meta property=\"og:description\" content=\"O Pendente Signo Escorpi\u00e3o em Ouro Amarelo \u00e9 a escolha perfeita para nativos do signo Escorpi\u00e3o. O Escorpi\u00e3o \u00e9 um signo de fogo, que representa for\u00e7a, determina\u00e7\u00e3o e coragem. Esta pe\u00e7a de joalharia manufaturada em ouro amarelo de 19,2 kilates e tem um design moderno e elegante. O pendente tem um di\u00e2metro de 1 cm, tornamdo-se a escolha ideal para quem procura um acess\u00f3rio moderno e simb\u00f3lico para usar no dia a dia.  &nbsp;  Fio n\u00e3o inclu\u00eddo\u00a0\" \/>\n<meta property=\"og:url\" content=\"https:\/\/www.leitao-irmao.com\/en\/product\/pendente-signo-escorpiao-zodiaco\/\" \/>\n<meta property=\"og:site_name\" content=\"Leit\u00e3o &amp; Irm\u00e3o\" \/>\n<meta property=\"article:modified_time\" content=\"2026-04-09T11:04:46+00:00\" \/>\n<meta property=\"og:image\" content=\"https:\/\/www.leitao-irmao.com\/wp-content\/uploads\/2023\/06\/0219063.jpg\" \/>\n\t<meta property=\"og:image:width\" content=\"1000\" \/>\n\t<meta property=\"og:image:height\" content=\"1000\" \/>\n\t<meta property=\"og:image:type\" content=\"image\/jpeg\" \/>\n<meta name=\"twitter:card\" content=\"summary_large_image\" \/>\n<meta name=\"twitter:label1\" content=\"Estimated reading time\" \/>\n\t<meta name=\"twitter:data1\" content=\"1 minute\" \/>\n<script type=\"application\/ld+json\" class=\"yoast-schema-graph\">{\"@context\":\"https:\/\/schema.org\",\"@graph\":[{\"@type\":\"WebPage\",\"@id\":\"https:\/\/www.leitao-irmao.com\/product\/pendente-signo-escorpiao-zodiaco\/\",\"url\":\"https:\/\/www.leitao-irmao.com\/product\/pendente-signo-escorpiao-zodiaco\/\",\"name\":\"pendente signo escorpi\u00e3o\",\"isPartOf\":{\"@id\":\"https:\/\/www.leitao-irmao.com\/#website\"},\"primaryImageOfPage\":{\"@id\":\"https:\/\/www.leitao-irmao.com\/product\/pendente-signo-escorpiao-zodiaco\/#primaryimage\"},\"image\":{\"@id\":\"https:\/\/www.leitao-irmao.com\/product\/pendente-signo-escorpiao-zodiaco\/#primaryimage\"},\"thumbnailUrl\":\"https:\/\/www.leitao-irmao.com\/wp-content\/uploads\/2023\/06\/0219063.jpg\",\"datePublished\":\"2023-06-01T23:47:04+00:00\",\"dateModified\":\"2026-04-09T11:04:46+00:00\",\"breadcrumb\":{\"@id\":\"https:\/\/www.leitao-irmao.com\/product\/pendente-signo-escorpiao-zodiaco\/#breadcrumb\"},\"inLanguage\":\"en-GB\",\"potentialAction\":[{\"@type\":\"ReadAction\",\"target\":[\"https:\/\/www.leitao-irmao.com\/product\/pendente-signo-escorpiao-zodiaco\/\"]}]},{\"@type\":\"ImageObject\",\"inLanguage\":\"en-GB\",\"@id\":\"https:\/\/www.leitao-irmao.com\/product\/pendente-signo-escorpiao-zodiaco\/#primaryimage\",\"url\":\"https:\/\/www.leitao-irmao.com\/wp-content\/uploads\/2023\/06\/0219063.jpg\",\"contentUrl\":\"https:\/\/www.leitao-irmao.com\/wp-content\/uploads\/2023\/06\/0219063.jpg\",\"width\":1000,\"height\":1000},{\"@type\":\"BreadcrumbList\",\"@id\":\"https:\/\/www.leitao-irmao.com\/product\/pendente-signo-escorpiao-zodiaco\/#breadcrumb\",\"itemListElement\":[{\"@type\":\"ListItem\",\"position\":1,\"name\":\"Home\",\"item\":\"https:\/\/www.leitao-irmao.com\/\"},{\"@type\":\"ListItem\",\"position\":2,\"name\":\"Products\",\"item\":\"https:\/\/www.leitao-irmao.com\/shop\/\"},{\"@type\":\"ListItem\",\"position\":3,\"name\":\"Pendente Signo Escorpi\u00e3o | Zod\u00edaco\"}]},{\"@type\":\"WebSite\",\"@id\":\"https:\/\/www.leitao-irmao.com\/#website\",\"url\":\"https:\/\/www.leitao-irmao.com\/\",\"name\":\"Leit\u00e3o & Irm\u00e3o\",\"description\":\"Joalheiros desde 1822\",\"publisher\":{\"@id\":\"https:\/\/www.leitao-irmao.com\/#organization\"},\"potentialAction\":[{\"@type\":\"SearchAction\",\"target\":{\"@type\":\"EntryPoint\",\"urlTemplate\":\"https:\/\/www.leitao-irmao.com\/?s={search_term_string}\"},\"query-input\":{\"@type\":\"PropertyValueSpecification\",\"valueRequired\":true,\"valueName\":\"search_term_string\"}}],\"inLanguage\":\"en-GB\"},{\"@type\":\"Organization\",\"@id\":\"https:\/\/www.leitao-irmao.com\/#organization\",\"name\":\"Leit\u00e3o & Irm\u00e3o\",\"url\":\"https:\/\/www.leitao-irmao.com\/\",\"logo\":{\"@type\":\"ImageObject\",\"inLanguage\":\"en-GB\",\"@id\":\"https:\/\/www.leitao-irmao.com\/#\/schema\/logo\/image\/\",\"url\":\"https:\/\/www.leitao-irmao.com\/wp-content\/uploads\/2022\/11\/leitaoirmao-logo.png\",\"contentUrl\":\"https:\/\/www.leitao-irmao.com\/wp-content\/uploads\/2022\/11\/leitaoirmao-logo.png\",\"width\":426,\"height\":89,\"caption\":\"Leit\u00e3o & Irm\u00e3o\"},\"image\":{\"@id\":\"https:\/\/www.leitao-irmao.com\/#\/schema\/logo\/image\/\"}}]}<\/script>\n<!-- \/ Yoast SEO plugin. -->","yoast_head_json":{"title":"pendente signo escorpi\u00e3o","robots":{"index":"index","follow":"follow","max-snippet":"max-snippet:-1","max-image-preview":"max-image-preview:large","max-video-preview":"max-video-preview:-1"},"canonical":"https:\/\/www.leitao-irmao.com\/en\/product\/pendente-signo-escorpiao-zodiaco\/","og_locale":"en_GB","og_type":"article","og_title":"pendente signo escorpi\u00e3o","og_description":"O Pendente Signo Escorpi\u00e3o em Ouro Amarelo \u00e9 a escolha perfeita para nativos do signo Escorpi\u00e3o. O Escorpi\u00e3o \u00e9 um signo de fogo, que representa for\u00e7a, determina\u00e7\u00e3o e coragem. Esta pe\u00e7a de joalharia manufaturada em ouro amarelo de 19,2 kilates e tem um design moderno e elegante. O pendente tem um di\u00e2metro de 1 cm, tornamdo-se a escolha ideal para quem procura um acess\u00f3rio moderno e simb\u00f3lico para usar no dia a dia.  &nbsp;  Fio n\u00e3o inclu\u00eddo\u00a0","og_url":"https:\/\/www.leitao-irmao.com\/en\/product\/pendente-signo-escorpiao-zodiaco\/","og_site_name":"Leit\u00e3o &amp; Irm\u00e3o","article_modified_time":"2026-04-09T11:04:46+00:00","og_image":[{"width":1000,"height":1000,"url":"https:\/\/www.leitao-irmao.com\/wp-content\/uploads\/2023\/06\/0219063.jpg","type":"image\/jpeg"}],"twitter_card":"summary_large_image","twitter_misc":{"Estimated reading time":"1 minute"},"schema":{"@context":"https:\/\/schema.org","@graph":[{"@type":"WebPage","@id":"https:\/\/www.leitao-irmao.com\/product\/pendente-signo-escorpiao-zodiaco\/","url":"https:\/\/www.leitao-irmao.com\/product\/pendente-signo-escorpiao-zodiaco\/","name":"pendente signo escorpi\u00e3o","isPartOf":{"@id":"https:\/\/www.leitao-irmao.com\/#website"},"primaryImageOfPage":{"@id":"https:\/\/www.leitao-irmao.com\/product\/pendente-signo-escorpiao-zodiaco\/#primaryimage"},"image":{"@id":"https:\/\/www.leitao-irmao.com\/product\/pendente-signo-escorpiao-zodiaco\/#primaryimage"},"thumbnailUrl":"https:\/\/www.leitao-irmao.com\/wp-content\/uploads\/2023\/06\/0219063.jpg","datePublished":"2023-06-01T23:47:04+00:00","dateModified":"2026-04-09T11:04:46+00:00","breadcrumb":{"@id":"https:\/\/www.leitao-irmao.com\/product\/pendente-signo-escorpiao-zodiaco\/#breadcrumb"},"inLanguage":"en-GB","potentialAction":[{"@type":"ReadAction","target":["https:\/\/www.leitao-irmao.com\/product\/pendente-signo-escorpiao-zodiaco\/"]}]},{"@type":"ImageObject","inLanguage":"en-GB","@id":"https:\/\/www.leitao-irmao.com\/product\/pendente-signo-escorpiao-zodiaco\/#primaryimage","url":"https:\/\/www.leitao-irmao.com\/wp-content\/uploads\/2023\/06\/0219063.jpg","contentUrl":"https:\/\/www.leitao-irmao.com\/wp-content\/uploads\/2023\/06\/0219063.jpg","width":1000,"height":1000},{"@type":"BreadcrumbList","@id":"https:\/\/www.leitao-irmao.com\/product\/pendente-signo-escorpiao-zodiaco\/#breadcrumb","itemListElement":[{"@type":"ListItem","position":1,"name":"Home","item":"https:\/\/www.leitao-irmao.com\/"},{"@type":"ListItem","position":2,"name":"Products","item":"https:\/\/www.leitao-irmao.com\/shop\/"},{"@type":"ListItem","position":3,"name":"Pendente Signo Escorpi\u00e3o | Zod\u00edaco"}]},{"@type":"WebSite","@id":"https:\/\/www.leitao-irmao.com\/#website","url":"https:\/\/www.leitao-irmao.com\/","name":"Leit\u00e3o & Irm\u00e3o","description":"Joalheiros desde 1822","publisher":{"@id":"https:\/\/www.leitao-irmao.com\/#organization"},"potentialAction":[{"@type":"SearchAction","target":{"@type":"EntryPoint","urlTemplate":"https:\/\/www.leitao-irmao.com\/?s={search_term_string}"},"query-input":{"@type":"PropertyValueSpecification","valueRequired":true,"valueName":"search_term_string"}}],"inLanguage":"en-GB"},{"@type":"Organization","@id":"https:\/\/www.leitao-irmao.com\/#organization","name":"Leit\u00e3o & Irm\u00e3o","url":"https:\/\/www.leitao-irmao.com\/","logo":{"@type":"ImageObject","inLanguage":"en-GB","@id":"https:\/\/www.leitao-irmao.com\/#\/schema\/logo\/image\/","url":"https:\/\/www.leitao-irmao.com\/wp-content\/uploads\/2022\/11\/leitaoirmao-logo.png","contentUrl":"https:\/\/www.leitao-irmao.com\/wp-content\/uploads\/2022\/11\/leitaoirmao-logo.png","width":426,"height":89,"caption":"Leit\u00e3o & Irm\u00e3o"},"image":{"@id":"https:\/\/www.leitao-irmao.com\/#\/schema\/logo\/image\/"}}]}},"_links":{"self":[{"href":"https:\/\/www.leitao-irmao.com\/en\/wp-json\/wp\/v2\/product\/7055","targetHints":{"allow":["GET"]}}],"collection":[{"href":"https:\/\/www.leitao-irmao.com\/en\/wp-json\/wp\/v2\/product"}],"about":[{"href":"https:\/\/www.leitao-irmao.com\/en\/wp-json\/wp\/v2\/types\/product"}],"version-history":[{"count":1,"href":"https:\/\/www.leitao-irmao.com\/en\/wp-json\/wp\/v2\/product\/7055\/revisions"}],"predecessor-version":[{"id":37899,"href":"https:\/\/www.leitao-irmao.com\/en\/wp-json\/wp\/v2\/product\/7055\/revisions\/37899"}],"wp:featuredmedia":[{"embeddable":true,"href":"https:\/\/www.leitao-irmao.com\/en\/wp-json\/wp\/v2\/media\/7626"}],"wp:attachment":[{"href":"https:\/\/www.leitao-irmao.com\/en\/wp-json\/wp\/v2\/media?parent=7055"}],"wp:term":[{"taxonomy":"product_brand","embeddable":true,"href":"https:\/\/www.leitao-irmao.com\/en\/wp-json\/wp\/v2\/product_brand?post=7055"},{"taxonomy":"product_cat","embeddable":true,"href":"https:\/\/www.leitao-irmao.com\/en\/wp-json\/wp\/v2\/product_cat?post=7055"},{"taxonomy":"product_tag","embeddable":true,"href":"https:\/\/www.leitao-irmao.com\/en\/wp-json\/wp\/v2\/product_tag?post=7055"}],"curies":[{"name":"wp","href":"https:\/\/api.w.org\/{rel}","templated":true}]}}