{"id":7100,"date":"2023-06-01T23:47:29","date_gmt":"2023-06-01T23:47:29","guid":{"rendered":"https:\/\/leitao-irmao.ad-pulse.com\/produto\/colar-chaves-do-ceu-em-ouro-e-diamantes\/"},"modified":"2026-04-09T11:43:36","modified_gmt":"2026-04-09T10:43:36","slug":"colar-chaves-do-ceu-em-ouro-e-diamantes","status":"publish","type":"product","link":"https:\/\/www.leitao-irmao.com\/en\/product\/colar-chaves-do-ceu-em-ouro-e-diamantes\/","title":{"rendered":"Keys of Heaven necklace in gold and diamonds | Peace, Hope and Love"},"content":{"rendered":"","protected":false},"excerpt":{"rendered":"<p>Symbols of Peace, Hope and Love. The Keys of Heaven necklace in yellow gold is the ideal jewel to bring with you a personal symbol of faith. A symbolic jewel to give to yourself or to those you love the most.<\/p>","protected":false},"featured_media":7702,"template":"","meta":{"_acf_changed":false},"product_brand":[],"product_cat":[137,84,79,141,225,125],"product_tag":[275,278,271],"class_list":{"0":"post-7100","1":"product","2":"type-product","3":"status-publish","4":"has-post-thumbnail","6":"product_cat-batizados","7":"product_cat-fios-e-colares-joalharia-portuguesa-leitao-irmao","8":"product_cat-joalharia","9":"product_cat-para-ela","10":"product_cat-peace-hope-and-love","11":"product_cat-presentes-entre-1000e-a-2500e","12":"product_tag-diamantes","13":"product_tag-mulher","14":"product_tag-ouro","16":"first","17":"instock","18":"shipping-taxable","19":"purchasable","20":"product-type-simple"},"acf":[],"yoast_head":"<!-- This site is optimized with the Yoast SEO plugin v25.4 - https:\/\/yoast.com\/wordpress\/plugins\/seo\/ -->\n<title>Colar Chaves do C\u00e9u em ouro e diamantes | Peace, Hope and Love | Leit\u00e3o &amp; Irm\u00e3o<\/title>\n<meta name=\"robots\" content=\"index, follow, max-snippet:-1, max-image-preview:large, max-video-preview:-1\" \/>\n<link rel=\"canonical\" href=\"https:\/\/www.leitao-irmao.com\/en\/product\/colar-chaves-do-ceu-em-ouro-e-diamantes\/\" \/>\n<meta property=\"og:locale\" content=\"en_GB\" \/>\n<meta property=\"og:type\" content=\"article\" \/>\n<meta property=\"og:title\" content=\"Colar Chaves do C\u00e9u em ouro e diamantes | Peace, Hope and Love | Leit\u00e3o &amp; Irm\u00e3o\" \/>\n<meta property=\"og:description\" content=\"Simbolos de Paz, Esperan\u00e7a e Amor. O colar Chaves do C\u00e9u em ouro amarelo \u00e9 a joia ideal para trazer consigo um simbolo pessoal e de f\u00e9. Uma joia simb\u00f3lica para oferecer a si ou a quem mais gosta.\" \/>\n<meta property=\"og:url\" content=\"https:\/\/www.leitao-irmao.com\/en\/product\/colar-chaves-do-ceu-em-ouro-e-diamantes\/\" \/>\n<meta property=\"og:site_name\" content=\"Leit\u00e3o &amp; Irm\u00e3o\" \/>\n<meta property=\"article:modified_time\" content=\"2026-04-09T10:43:36+00:00\" \/>\n<meta property=\"og:image\" content=\"https:\/\/www.leitao-irmao.com\/wp-content\/uploads\/2023\/06\/0219116.jpg\" \/>\n\t<meta property=\"og:image:width\" content=\"1000\" \/>\n\t<meta property=\"og:image:height\" content=\"999\" \/>\n\t<meta property=\"og:image:type\" content=\"image\/jpeg\" \/>\n<meta name=\"twitter:card\" content=\"summary_large_image\" \/>\n<meta name=\"twitter:label1\" content=\"Estimated reading time\" \/>\n\t<meta name=\"twitter:data1\" content=\"1 minute\" \/>\n<script type=\"application\/ld+json\" class=\"yoast-schema-graph\">{\"@context\":\"https:\/\/schema.org\",\"@graph\":[{\"@type\":\"WebPage\",\"@id\":\"https:\/\/www.leitao-irmao.com\/product\/colar-chaves-do-ceu-em-ouro-e-diamantes\/\",\"url\":\"https:\/\/www.leitao-irmao.com\/product\/colar-chaves-do-ceu-em-ouro-e-diamantes\/\",\"name\":\"Colar Chaves do C\u00e9u em ouro e diamantes | Peace, Hope and Love | Leit\u00e3o &amp; Irm\u00e3o\",\"isPartOf\":{\"@id\":\"https:\/\/www.leitao-irmao.com\/#website\"},\"primaryImageOfPage\":{\"@id\":\"https:\/\/www.leitao-irmao.com\/product\/colar-chaves-do-ceu-em-ouro-e-diamantes\/#primaryimage\"},\"image\":{\"@id\":\"https:\/\/www.leitao-irmao.com\/product\/colar-chaves-do-ceu-em-ouro-e-diamantes\/#primaryimage\"},\"thumbnailUrl\":\"https:\/\/www.leitao-irmao.com\/wp-content\/uploads\/2023\/06\/0219116.jpg\",\"datePublished\":\"2023-06-01T23:47:29+00:00\",\"dateModified\":\"2026-04-09T10:43:36+00:00\",\"breadcrumb\":{\"@id\":\"https:\/\/www.leitao-irmao.com\/product\/colar-chaves-do-ceu-em-ouro-e-diamantes\/#breadcrumb\"},\"inLanguage\":\"en-GB\",\"potentialAction\":[{\"@type\":\"ReadAction\",\"target\":[\"https:\/\/www.leitao-irmao.com\/product\/colar-chaves-do-ceu-em-ouro-e-diamantes\/\"]}]},{\"@type\":\"ImageObject\",\"inLanguage\":\"en-GB\",\"@id\":\"https:\/\/www.leitao-irmao.com\/product\/colar-chaves-do-ceu-em-ouro-e-diamantes\/#primaryimage\",\"url\":\"https:\/\/www.leitao-irmao.com\/wp-content\/uploads\/2023\/06\/0219116.jpg\",\"contentUrl\":\"https:\/\/www.leitao-irmao.com\/wp-content\/uploads\/2023\/06\/0219116.jpg\",\"width\":1000,\"height\":999},{\"@type\":\"BreadcrumbList\",\"@id\":\"https:\/\/www.leitao-irmao.com\/product\/colar-chaves-do-ceu-em-ouro-e-diamantes\/#breadcrumb\",\"itemListElement\":[{\"@type\":\"ListItem\",\"position\":1,\"name\":\"Home\",\"item\":\"https:\/\/www.leitao-irmao.com\/\"},{\"@type\":\"ListItem\",\"position\":2,\"name\":\"Products\",\"item\":\"https:\/\/www.leitao-irmao.com\/shop\/\"},{\"@type\":\"ListItem\",\"position\":3,\"name\":\"Colar Chaves do C\u00e9u em ouro e diamantes | Peace, Hope and Love\"}]},{\"@type\":\"WebSite\",\"@id\":\"https:\/\/www.leitao-irmao.com\/#website\",\"url\":\"https:\/\/www.leitao-irmao.com\/\",\"name\":\"Leit\u00e3o & Irm\u00e3o\",\"description\":\"Joalheiros desde 1822\",\"publisher\":{\"@id\":\"https:\/\/www.leitao-irmao.com\/#organization\"},\"potentialAction\":[{\"@type\":\"SearchAction\",\"target\":{\"@type\":\"EntryPoint\",\"urlTemplate\":\"https:\/\/www.leitao-irmao.com\/?s={search_term_string}\"},\"query-input\":{\"@type\":\"PropertyValueSpecification\",\"valueRequired\":true,\"valueName\":\"search_term_string\"}}],\"inLanguage\":\"en-GB\"},{\"@type\":\"Organization\",\"@id\":\"https:\/\/www.leitao-irmao.com\/#organization\",\"name\":\"Leit\u00e3o & Irm\u00e3o\",\"url\":\"https:\/\/www.leitao-irmao.com\/\",\"logo\":{\"@type\":\"ImageObject\",\"inLanguage\":\"en-GB\",\"@id\":\"https:\/\/www.leitao-irmao.com\/#\/schema\/logo\/image\/\",\"url\":\"https:\/\/www.leitao-irmao.com\/wp-content\/uploads\/2022\/11\/leitaoirmao-logo.png\",\"contentUrl\":\"https:\/\/www.leitao-irmao.com\/wp-content\/uploads\/2022\/11\/leitaoirmao-logo.png\",\"width\":426,\"height\":89,\"caption\":\"Leit\u00e3o & Irm\u00e3o\"},\"image\":{\"@id\":\"https:\/\/www.leitao-irmao.com\/#\/schema\/logo\/image\/\"}}]}<\/script>\n<!-- \/ Yoast SEO plugin. -->","yoast_head_json":{"title":"Colar Chaves do C\u00e9u em ouro e diamantes | Peace, Hope and Love | Leit\u00e3o &amp; Irm\u00e3o","robots":{"index":"index","follow":"follow","max-snippet":"max-snippet:-1","max-image-preview":"max-image-preview:large","max-video-preview":"max-video-preview:-1"},"canonical":"https:\/\/www.leitao-irmao.com\/en\/product\/colar-chaves-do-ceu-em-ouro-e-diamantes\/","og_locale":"en_GB","og_type":"article","og_title":"Colar Chaves do C\u00e9u em ouro e diamantes | Peace, Hope and Love | Leit\u00e3o &amp; Irm\u00e3o","og_description":"Simbolos de Paz, Esperan\u00e7a e Amor. O colar Chaves do C\u00e9u em ouro amarelo \u00e9 a joia ideal para trazer consigo um simbolo pessoal e de f\u00e9. Uma joia simb\u00f3lica para oferecer a si ou a quem mais gosta.","og_url":"https:\/\/www.leitao-irmao.com\/en\/product\/colar-chaves-do-ceu-em-ouro-e-diamantes\/","og_site_name":"Leit\u00e3o &amp; Irm\u00e3o","article_modified_time":"2026-04-09T10:43:36+00:00","og_image":[{"width":1000,"height":999,"url":"https:\/\/www.leitao-irmao.com\/wp-content\/uploads\/2023\/06\/0219116.jpg","type":"image\/jpeg"}],"twitter_card":"summary_large_image","twitter_misc":{"Estimated reading time":"1 minute"},"schema":{"@context":"https:\/\/schema.org","@graph":[{"@type":"WebPage","@id":"https:\/\/www.leitao-irmao.com\/product\/colar-chaves-do-ceu-em-ouro-e-diamantes\/","url":"https:\/\/www.leitao-irmao.com\/product\/colar-chaves-do-ceu-em-ouro-e-diamantes\/","name":"Colar Chaves do C\u00e9u em ouro e diamantes | Peace, Hope and Love | Leit\u00e3o &amp; Irm\u00e3o","isPartOf":{"@id":"https:\/\/www.leitao-irmao.com\/#website"},"primaryImageOfPage":{"@id":"https:\/\/www.leitao-irmao.com\/product\/colar-chaves-do-ceu-em-ouro-e-diamantes\/#primaryimage"},"image":{"@id":"https:\/\/www.leitao-irmao.com\/product\/colar-chaves-do-ceu-em-ouro-e-diamantes\/#primaryimage"},"thumbnailUrl":"https:\/\/www.leitao-irmao.com\/wp-content\/uploads\/2023\/06\/0219116.jpg","datePublished":"2023-06-01T23:47:29+00:00","dateModified":"2026-04-09T10:43:36+00:00","breadcrumb":{"@id":"https:\/\/www.leitao-irmao.com\/product\/colar-chaves-do-ceu-em-ouro-e-diamantes\/#breadcrumb"},"inLanguage":"en-GB","potentialAction":[{"@type":"ReadAction","target":["https:\/\/www.leitao-irmao.com\/product\/colar-chaves-do-ceu-em-ouro-e-diamantes\/"]}]},{"@type":"ImageObject","inLanguage":"en-GB","@id":"https:\/\/www.leitao-irmao.com\/product\/colar-chaves-do-ceu-em-ouro-e-diamantes\/#primaryimage","url":"https:\/\/www.leitao-irmao.com\/wp-content\/uploads\/2023\/06\/0219116.jpg","contentUrl":"https:\/\/www.leitao-irmao.com\/wp-content\/uploads\/2023\/06\/0219116.jpg","width":1000,"height":999},{"@type":"BreadcrumbList","@id":"https:\/\/www.leitao-irmao.com\/product\/colar-chaves-do-ceu-em-ouro-e-diamantes\/#breadcrumb","itemListElement":[{"@type":"ListItem","position":1,"name":"Home","item":"https:\/\/www.leitao-irmao.com\/"},{"@type":"ListItem","position":2,"name":"Products","item":"https:\/\/www.leitao-irmao.com\/shop\/"},{"@type":"ListItem","position":3,"name":"Colar Chaves do C\u00e9u em ouro e diamantes | Peace, Hope and Love"}]},{"@type":"WebSite","@id":"https:\/\/www.leitao-irmao.com\/#website","url":"https:\/\/www.leitao-irmao.com\/","name":"Leit\u00e3o & Irm\u00e3o","description":"Joalheiros desde 1822","publisher":{"@id":"https:\/\/www.leitao-irmao.com\/#organization"},"potentialAction":[{"@type":"SearchAction","target":{"@type":"EntryPoint","urlTemplate":"https:\/\/www.leitao-irmao.com\/?s={search_term_string}"},"query-input":{"@type":"PropertyValueSpecification","valueRequired":true,"valueName":"search_term_string"}}],"inLanguage":"en-GB"},{"@type":"Organization","@id":"https:\/\/www.leitao-irmao.com\/#organization","name":"Leit\u00e3o & Irm\u00e3o","url":"https:\/\/www.leitao-irmao.com\/","logo":{"@type":"ImageObject","inLanguage":"en-GB","@id":"https:\/\/www.leitao-irmao.com\/#\/schema\/logo\/image\/","url":"https:\/\/www.leitao-irmao.com\/wp-content\/uploads\/2022\/11\/leitaoirmao-logo.png","contentUrl":"https:\/\/www.leitao-irmao.com\/wp-content\/uploads\/2022\/11\/leitaoirmao-logo.png","width":426,"height":89,"caption":"Leit\u00e3o & Irm\u00e3o"},"image":{"@id":"https:\/\/www.leitao-irmao.com\/#\/schema\/logo\/image\/"}}]}},"_links":{"self":[{"href":"https:\/\/www.leitao-irmao.com\/en\/wp-json\/wp\/v2\/product\/7100","targetHints":{"allow":["GET"]}}],"collection":[{"href":"https:\/\/www.leitao-irmao.com\/en\/wp-json\/wp\/v2\/product"}],"about":[{"href":"https:\/\/www.leitao-irmao.com\/en\/wp-json\/wp\/v2\/types\/product"}],"version-history":[{"count":1,"href":"https:\/\/www.leitao-irmao.com\/en\/wp-json\/wp\/v2\/product\/7100\/revisions"}],"predecessor-version":[{"id":37886,"href":"https:\/\/www.leitao-irmao.com\/en\/wp-json\/wp\/v2\/product\/7100\/revisions\/37886"}],"wp:featuredmedia":[{"embeddable":true,"href":"https:\/\/www.leitao-irmao.com\/en\/wp-json\/wp\/v2\/media\/7702"}],"wp:attachment":[{"href":"https:\/\/www.leitao-irmao.com\/en\/wp-json\/wp\/v2\/media?parent=7100"}],"wp:term":[{"taxonomy":"product_brand","embeddable":true,"href":"https:\/\/www.leitao-irmao.com\/en\/wp-json\/wp\/v2\/product_brand?post=7100"},{"taxonomy":"product_cat","embeddable":true,"href":"https:\/\/www.leitao-irmao.com\/en\/wp-json\/wp\/v2\/product_cat?post=7100"},{"taxonomy":"product_tag","embeddable":true,"href":"https:\/\/www.leitao-irmao.com\/en\/wp-json\/wp\/v2\/product_tag?post=7100"}],"curies":[{"name":"wp","href":"https:\/\/api.w.org\/{rel}","templated":true}]}}