{"id":7134,"date":"2023-06-01T23:47:47","date_gmt":"2023-06-01T23:47:47","guid":{"rendered":"https:\/\/leitao-irmao.ad-pulse.com\/produto\/fio-e-cruz-em-ouro-amarelo-e-diamantes-boa-esperanca\/"},"modified":"2026-03-19T16:30:50","modified_gmt":"2026-03-19T16:30:50","slug":"fio-com-cruz-em-ouro-amarelo-e-diamantes-boa-esperanca","status":"publish","type":"product","link":"https:\/\/www.leitao-irmao.com\/en\/product\/fio-com-cruz-em-ouro-amarelo-e-diamantes-boa-esperanca\/","title":{"rendered":"Yellow gold and diamond cross wire | Good Hope"},"content":{"rendered":"","protected":false},"excerpt":{"rendered":"<p>The Boa Esperan\u00e7a Collection is inspired by the crossing of the Cape of Good Hope.<\/p>\n<p>The Cross of Christ, symbol of Portugal and the Portuguese Discoveries.<\/p>\n<p>The Portuguese gold cross wire from the Boa Esperan\u00e7a collection is an elegant and modern piece of jewellery where the sparkle of the diamonds stands out.<\/p>\n<p>An essential, unisex piece.<\/p>","protected":false},"featured_media":7682,"template":"","meta":{"_acf_changed":false},"product_brand":[],"product_cat":[137,232,84,255,79,141,126],"product_tag":[275,277,278,271,279],"class_list":{"0":"post-7134","1":"product","2":"type-product","3":"status-publish","4":"has-post-thumbnail","6":"product_cat-batizados","7":"product_cat-boa-esperanca-joalharia-portuguesa","8":"product_cat-fios-e-colares-joalharia-portuguesa-leitao-irmao","9":"product_cat-cruzes-joalharia","10":"product_cat-joalharia","11":"product_cat-para-ela","12":"product_cat-presentes-entre-2500e-a-5000e","13":"product_tag-diamantes","14":"product_tag-homem","15":"product_tag-mulher","16":"product_tag-ouro","17":"product_tag-unissexo","19":"first","20":"instock","21":"shipping-taxable","22":"purchasable","23":"product-type-simple"},"acf":[],"yoast_head":"<!-- This site is optimized with the Yoast SEO plugin v25.4 - https:\/\/yoast.com\/wordpress\/plugins\/seo\/ -->\n<title>fio com cruz em ouro amarelo e diamantes<\/title>\n<meta name=\"description\" content=\"Uma pe\u00e7a fundamental, elegante e unissexo. O fio com cruz em ouro e diamantes da Cole\u00e7\u00e3o Boa Esperan\u00e7a, manufaturada pelos joalheiros Leit\u00e3o &amp; Irm\u00e3o.\" \/>\n<meta name=\"robots\" content=\"index, follow, max-snippet:-1, max-image-preview:large, max-video-preview:-1\" \/>\n<link rel=\"canonical\" href=\"https:\/\/www.leitao-irmao.com\/en\/product\/fio-com-cruz-em-ouro-amarelo-e-diamantes-boa-esperanca\/\" \/>\n<meta property=\"og:locale\" content=\"en_GB\" \/>\n<meta property=\"og:type\" content=\"article\" \/>\n<meta property=\"og:title\" content=\"fio com cruz em ouro amarelo e diamantes\" \/>\n<meta property=\"og:description\" content=\"Uma pe\u00e7a fundamental, elegante e unissexo. O fio com cruz em ouro e diamantes da Cole\u00e7\u00e3o Boa Esperan\u00e7a, manufaturada pelos joalheiros Leit\u00e3o &amp; Irm\u00e3o.\" \/>\n<meta property=\"og:url\" content=\"https:\/\/www.leitao-irmao.com\/en\/product\/fio-com-cruz-em-ouro-amarelo-e-diamantes-boa-esperanca\/\" \/>\n<meta property=\"og:site_name\" content=\"Leit\u00e3o &amp; Irm\u00e3o\" \/>\n<meta property=\"article:modified_time\" content=\"2026-03-19T16:30:50+00:00\" \/>\n<meta property=\"og:image\" content=\"https:\/\/www.leitao-irmao.com\/wp-content\/uploads\/2023\/06\/0206673.jpg\" \/>\n\t<meta property=\"og:image:width\" content=\"1080\" \/>\n\t<meta property=\"og:image:height\" content=\"1080\" \/>\n\t<meta property=\"og:image:type\" content=\"image\/jpeg\" \/>\n<meta name=\"twitter:card\" content=\"summary_large_image\" \/>\n<meta name=\"twitter:label1\" content=\"Estimated reading time\" \/>\n\t<meta name=\"twitter:data1\" content=\"1 minute\" \/>\n<script type=\"application\/ld+json\" class=\"yoast-schema-graph\">{\"@context\":\"https:\/\/schema.org\",\"@graph\":[{\"@type\":\"WebPage\",\"@id\":\"https:\/\/www.leitao-irmao.com\/product\/fio-com-cruz-em-ouro-amarelo-e-diamantes-boa-esperanca\/\",\"url\":\"https:\/\/www.leitao-irmao.com\/product\/fio-com-cruz-em-ouro-amarelo-e-diamantes-boa-esperanca\/\",\"name\":\"fio com cruz em ouro amarelo e diamantes\",\"isPartOf\":{\"@id\":\"https:\/\/www.leitao-irmao.com\/#website\"},\"primaryImageOfPage\":{\"@id\":\"https:\/\/www.leitao-irmao.com\/product\/fio-com-cruz-em-ouro-amarelo-e-diamantes-boa-esperanca\/#primaryimage\"},\"image\":{\"@id\":\"https:\/\/www.leitao-irmao.com\/product\/fio-com-cruz-em-ouro-amarelo-e-diamantes-boa-esperanca\/#primaryimage\"},\"thumbnailUrl\":\"https:\/\/www.leitao-irmao.com\/wp-content\/uploads\/2023\/06\/0206673.jpg\",\"datePublished\":\"2023-06-01T23:47:47+00:00\",\"dateModified\":\"2026-03-19T16:30:50+00:00\",\"description\":\"Uma pe\u00e7a fundamental, elegante e unissexo. O fio com cruz em ouro e diamantes da Cole\u00e7\u00e3o Boa Esperan\u00e7a, manufaturada pelos joalheiros Leit\u00e3o & Irm\u00e3o.\",\"breadcrumb\":{\"@id\":\"https:\/\/www.leitao-irmao.com\/product\/fio-com-cruz-em-ouro-amarelo-e-diamantes-boa-esperanca\/#breadcrumb\"},\"inLanguage\":\"en-GB\",\"potentialAction\":[{\"@type\":\"ReadAction\",\"target\":[\"https:\/\/www.leitao-irmao.com\/product\/fio-com-cruz-em-ouro-amarelo-e-diamantes-boa-esperanca\/\"]}]},{\"@type\":\"ImageObject\",\"inLanguage\":\"en-GB\",\"@id\":\"https:\/\/www.leitao-irmao.com\/product\/fio-com-cruz-em-ouro-amarelo-e-diamantes-boa-esperanca\/#primaryimage\",\"url\":\"https:\/\/www.leitao-irmao.com\/wp-content\/uploads\/2023\/06\/0206673.jpg\",\"contentUrl\":\"https:\/\/www.leitao-irmao.com\/wp-content\/uploads\/2023\/06\/0206673.jpg\",\"width\":1080,\"height\":1080,\"caption\":\"Fio com cruz em ouro amarelo e diamantes | Boa esperan\u00e7a\"},{\"@type\":\"BreadcrumbList\",\"@id\":\"https:\/\/www.leitao-irmao.com\/product\/fio-com-cruz-em-ouro-amarelo-e-diamantes-boa-esperanca\/#breadcrumb\",\"itemListElement\":[{\"@type\":\"ListItem\",\"position\":1,\"name\":\"Home\",\"item\":\"https:\/\/www.leitao-irmao.com\/\"},{\"@type\":\"ListItem\",\"position\":2,\"name\":\"Products\",\"item\":\"https:\/\/www.leitao-irmao.com\/shop\/\"},{\"@type\":\"ListItem\",\"position\":3,\"name\":\"Fio com cruz em ouro amarelo e diamantes | Boa esperan\u00e7a\"}]},{\"@type\":\"WebSite\",\"@id\":\"https:\/\/www.leitao-irmao.com\/#website\",\"url\":\"https:\/\/www.leitao-irmao.com\/\",\"name\":\"Leit\u00e3o & Irm\u00e3o\",\"description\":\"Joalheiros desde 1822\",\"publisher\":{\"@id\":\"https:\/\/www.leitao-irmao.com\/#organization\"},\"potentialAction\":[{\"@type\":\"SearchAction\",\"target\":{\"@type\":\"EntryPoint\",\"urlTemplate\":\"https:\/\/www.leitao-irmao.com\/?s={search_term_string}\"},\"query-input\":{\"@type\":\"PropertyValueSpecification\",\"valueRequired\":true,\"valueName\":\"search_term_string\"}}],\"inLanguage\":\"en-GB\"},{\"@type\":\"Organization\",\"@id\":\"https:\/\/www.leitao-irmao.com\/#organization\",\"name\":\"Leit\u00e3o & Irm\u00e3o\",\"url\":\"https:\/\/www.leitao-irmao.com\/\",\"logo\":{\"@type\":\"ImageObject\",\"inLanguage\":\"en-GB\",\"@id\":\"https:\/\/www.leitao-irmao.com\/#\/schema\/logo\/image\/\",\"url\":\"https:\/\/www.leitao-irmao.com\/wp-content\/uploads\/2022\/11\/leitaoirmao-logo.png\",\"contentUrl\":\"https:\/\/www.leitao-irmao.com\/wp-content\/uploads\/2022\/11\/leitaoirmao-logo.png\",\"width\":426,\"height\":89,\"caption\":\"Leit\u00e3o & Irm\u00e3o\"},\"image\":{\"@id\":\"https:\/\/www.leitao-irmao.com\/#\/schema\/logo\/image\/\"}}]}<\/script>\n<!-- \/ Yoast SEO plugin. -->","yoast_head_json":{"title":"fio com cruz em ouro amarelo e diamantes","description":"Uma pe\u00e7a fundamental, elegante e unissexo. O fio com cruz em ouro e diamantes da Cole\u00e7\u00e3o Boa Esperan\u00e7a, manufaturada pelos joalheiros Leit\u00e3o & Irm\u00e3o.","robots":{"index":"index","follow":"follow","max-snippet":"max-snippet:-1","max-image-preview":"max-image-preview:large","max-video-preview":"max-video-preview:-1"},"canonical":"https:\/\/www.leitao-irmao.com\/en\/product\/fio-com-cruz-em-ouro-amarelo-e-diamantes-boa-esperanca\/","og_locale":"en_GB","og_type":"article","og_title":"fio com cruz em ouro amarelo e diamantes","og_description":"Uma pe\u00e7a fundamental, elegante e unissexo. O fio com cruz em ouro e diamantes da Cole\u00e7\u00e3o Boa Esperan\u00e7a, manufaturada pelos joalheiros Leit\u00e3o & Irm\u00e3o.","og_url":"https:\/\/www.leitao-irmao.com\/en\/product\/fio-com-cruz-em-ouro-amarelo-e-diamantes-boa-esperanca\/","og_site_name":"Leit\u00e3o &amp; Irm\u00e3o","article_modified_time":"2026-03-19T16:30:50+00:00","og_image":[{"width":1080,"height":1080,"url":"https:\/\/www.leitao-irmao.com\/wp-content\/uploads\/2023\/06\/0206673.jpg","type":"image\/jpeg"}],"twitter_card":"summary_large_image","twitter_misc":{"Estimated reading time":"1 minute"},"schema":{"@context":"https:\/\/schema.org","@graph":[{"@type":"WebPage","@id":"https:\/\/www.leitao-irmao.com\/product\/fio-com-cruz-em-ouro-amarelo-e-diamantes-boa-esperanca\/","url":"https:\/\/www.leitao-irmao.com\/product\/fio-com-cruz-em-ouro-amarelo-e-diamantes-boa-esperanca\/","name":"fio com cruz em ouro amarelo e diamantes","isPartOf":{"@id":"https:\/\/www.leitao-irmao.com\/#website"},"primaryImageOfPage":{"@id":"https:\/\/www.leitao-irmao.com\/product\/fio-com-cruz-em-ouro-amarelo-e-diamantes-boa-esperanca\/#primaryimage"},"image":{"@id":"https:\/\/www.leitao-irmao.com\/product\/fio-com-cruz-em-ouro-amarelo-e-diamantes-boa-esperanca\/#primaryimage"},"thumbnailUrl":"https:\/\/www.leitao-irmao.com\/wp-content\/uploads\/2023\/06\/0206673.jpg","datePublished":"2023-06-01T23:47:47+00:00","dateModified":"2026-03-19T16:30:50+00:00","description":"Uma pe\u00e7a fundamental, elegante e unissexo. O fio com cruz em ouro e diamantes da Cole\u00e7\u00e3o Boa Esperan\u00e7a, manufaturada pelos joalheiros Leit\u00e3o & Irm\u00e3o.","breadcrumb":{"@id":"https:\/\/www.leitao-irmao.com\/product\/fio-com-cruz-em-ouro-amarelo-e-diamantes-boa-esperanca\/#breadcrumb"},"inLanguage":"en-GB","potentialAction":[{"@type":"ReadAction","target":["https:\/\/www.leitao-irmao.com\/product\/fio-com-cruz-em-ouro-amarelo-e-diamantes-boa-esperanca\/"]}]},{"@type":"ImageObject","inLanguage":"en-GB","@id":"https:\/\/www.leitao-irmao.com\/product\/fio-com-cruz-em-ouro-amarelo-e-diamantes-boa-esperanca\/#primaryimage","url":"https:\/\/www.leitao-irmao.com\/wp-content\/uploads\/2023\/06\/0206673.jpg","contentUrl":"https:\/\/www.leitao-irmao.com\/wp-content\/uploads\/2023\/06\/0206673.jpg","width":1080,"height":1080,"caption":"Fio com cruz em ouro amarelo e diamantes | Boa esperan\u00e7a"},{"@type":"BreadcrumbList","@id":"https:\/\/www.leitao-irmao.com\/product\/fio-com-cruz-em-ouro-amarelo-e-diamantes-boa-esperanca\/#breadcrumb","itemListElement":[{"@type":"ListItem","position":1,"name":"Home","item":"https:\/\/www.leitao-irmao.com\/"},{"@type":"ListItem","position":2,"name":"Products","item":"https:\/\/www.leitao-irmao.com\/shop\/"},{"@type":"ListItem","position":3,"name":"Fio com cruz em ouro amarelo e diamantes | Boa esperan\u00e7a"}]},{"@type":"WebSite","@id":"https:\/\/www.leitao-irmao.com\/#website","url":"https:\/\/www.leitao-irmao.com\/","name":"Leit\u00e3o & Irm\u00e3o","description":"Joalheiros desde 1822","publisher":{"@id":"https:\/\/www.leitao-irmao.com\/#organization"},"potentialAction":[{"@type":"SearchAction","target":{"@type":"EntryPoint","urlTemplate":"https:\/\/www.leitao-irmao.com\/?s={search_term_string}"},"query-input":{"@type":"PropertyValueSpecification","valueRequired":true,"valueName":"search_term_string"}}],"inLanguage":"en-GB"},{"@type":"Organization","@id":"https:\/\/www.leitao-irmao.com\/#organization","name":"Leit\u00e3o & Irm\u00e3o","url":"https:\/\/www.leitao-irmao.com\/","logo":{"@type":"ImageObject","inLanguage":"en-GB","@id":"https:\/\/www.leitao-irmao.com\/#\/schema\/logo\/image\/","url":"https:\/\/www.leitao-irmao.com\/wp-content\/uploads\/2022\/11\/leitaoirmao-logo.png","contentUrl":"https:\/\/www.leitao-irmao.com\/wp-content\/uploads\/2022\/11\/leitaoirmao-logo.png","width":426,"height":89,"caption":"Leit\u00e3o & Irm\u00e3o"},"image":{"@id":"https:\/\/www.leitao-irmao.com\/#\/schema\/logo\/image\/"}}]}},"_links":{"self":[{"href":"https:\/\/www.leitao-irmao.com\/en\/wp-json\/wp\/v2\/product\/7134","targetHints":{"allow":["GET"]}}],"collection":[{"href":"https:\/\/www.leitao-irmao.com\/en\/wp-json\/wp\/v2\/product"}],"about":[{"href":"https:\/\/www.leitao-irmao.com\/en\/wp-json\/wp\/v2\/types\/product"}],"version-history":[{"count":1,"href":"https:\/\/www.leitao-irmao.com\/en\/wp-json\/wp\/v2\/product\/7134\/revisions"}],"predecessor-version":[{"id":35136,"href":"https:\/\/www.leitao-irmao.com\/en\/wp-json\/wp\/v2\/product\/7134\/revisions\/35136"}],"wp:featuredmedia":[{"embeddable":true,"href":"https:\/\/www.leitao-irmao.com\/en\/wp-json\/wp\/v2\/media\/7682"}],"wp:attachment":[{"href":"https:\/\/www.leitao-irmao.com\/en\/wp-json\/wp\/v2\/media?parent=7134"}],"wp:term":[{"taxonomy":"product_brand","embeddable":true,"href":"https:\/\/www.leitao-irmao.com\/en\/wp-json\/wp\/v2\/product_brand?post=7134"},{"taxonomy":"product_cat","embeddable":true,"href":"https:\/\/www.leitao-irmao.com\/en\/wp-json\/wp\/v2\/product_cat?post=7134"},{"taxonomy":"product_tag","embeddable":true,"href":"https:\/\/www.leitao-irmao.com\/en\/wp-json\/wp\/v2\/product_tag?post=7134"}],"curies":[{"name":"wp","href":"https:\/\/api.w.org\/{rel}","templated":true}]}}