{"id":7451,"date":"2023-06-05T22:45:29","date_gmt":"2023-06-05T22:45:29","guid":{"rendered":"https:\/\/leitao-irmao.ad-pulse.com\/produto\/gargantilha-virolas-e-escaramujo-em-ouro-filigrana\/"},"modified":"2026-01-21T13:01:42","modified_gmt":"2026-01-21T13:01:42","slug":"gargantilha-virolas-e-escaramujo-em-ouro-filigrana","status":"publish","type":"product","link":"https:\/\/www.leitao-irmao.com\/en\/product\/gargantilha-virolas-e-escaramujo-em-ouro-filigrana\/","title":{"rendered":"Virolas and Escaramujo choker in gold | Filigree"},"content":{"rendered":"","protected":false},"excerpt":{"rendered":"<p>The Virolas and Escaramujo choker is an eccentric piece where the tradition of filigree combines the refinement of a piece of high jewellery with trendy looks.<\/p>\n<p>Esta pe\u00e7a \u00e9 alta ourivesaria na tradicional t\u00e9cnica da Filigrana.<\/p>\n<p>A filigrana em ouro portugu\u00eas feita \u00e0 m\u00e3o pelos ourives mais experientes.<\/p>","protected":false},"featured_media":13554,"template":"","meta":{"_acf_changed":false},"product_brand":[],"product_cat":[84,236,79,601,128],"product_tag":[278,271],"class_list":{"0":"post-7451","1":"product","2":"type-product","3":"status-publish","4":"has-post-thumbnail","6":"product_cat-colares-e-fios","7":"product_cat-filigrana","8":"product_cat-joalharia","9":"product_cat-pecas-de-fornecedor","10":"product_cat-presentes-acima-de-10000e","11":"product_tag-mulher","12":"product_tag-ouro","14":"first","15":"instock","16":"shipping-taxable","17":"purchasable","18":"product-type-simple"},"acf":[],"yoast_head":"<!-- This site is optimized with the Yoast SEO plugin v25.4 - https:\/\/yoast.com\/wordpress\/plugins\/seo\/ -->\n<title>gargantilha virolas e escaramujo em ouro<\/title>\n<meta name=\"description\" content=\"A Gargantilha Virola e Escaramujo \u00e9 alta ourivesaria em Filigrana. A filigrana em ouro portugu\u00eas feita \u00e0 m\u00e3o pelos ourives mais experientes.\" \/>\n<meta name=\"robots\" content=\"index, follow, max-snippet:-1, max-image-preview:large, max-video-preview:-1\" \/>\n<link rel=\"canonical\" href=\"https:\/\/www.leitao-irmao.com\/en\/product\/gargantilha-virolas-e-escaramujo-em-ouro-filigrana\/\" \/>\n<meta property=\"og:locale\" content=\"en_GB\" \/>\n<meta property=\"og:type\" content=\"article\" \/>\n<meta property=\"og:title\" content=\"gargantilha virolas e escaramujo em ouro\" \/>\n<meta property=\"og:description\" content=\"A Gargantilha Virola e Escaramujo \u00e9 alta ourivesaria em Filigrana. A filigrana em ouro portugu\u00eas feita \u00e0 m\u00e3o pelos ourives mais experientes.\" \/>\n<meta property=\"og:url\" content=\"https:\/\/www.leitao-irmao.com\/en\/product\/gargantilha-virolas-e-escaramujo-em-ouro-filigrana\/\" \/>\n<meta property=\"og:site_name\" content=\"Leit\u00e3o &amp; Irm\u00e3o\" \/>\n<meta property=\"article:modified_time\" content=\"2026-01-21T13:01:42+00:00\" \/>\n<meta property=\"og:image\" content=\"https:\/\/www.leitao-irmao.com\/wp-content\/uploads\/2023\/06\/AUCL0124-b-1-e1727185133699.jpg\" \/>\n\t<meta property=\"og:image:width\" content=\"1532\" \/>\n\t<meta property=\"og:image:height\" content=\"1532\" \/>\n\t<meta property=\"og:image:type\" content=\"image\/jpeg\" \/>\n<meta name=\"twitter:card\" content=\"summary_large_image\" \/>\n<meta name=\"twitter:label1\" content=\"Estimated reading time\" \/>\n\t<meta name=\"twitter:data1\" content=\"1 minute\" \/>\n<script type=\"application\/ld+json\" class=\"yoast-schema-graph\">{\"@context\":\"https:\/\/schema.org\",\"@graph\":[{\"@type\":\"WebPage\",\"@id\":\"https:\/\/www.leitao-irmao.com\/product\/gargantilha-virolas-e-escaramujo-em-ouro-filigrana\/\",\"url\":\"https:\/\/www.leitao-irmao.com\/product\/gargantilha-virolas-e-escaramujo-em-ouro-filigrana\/\",\"name\":\"gargantilha virolas e escaramujo em ouro\",\"isPartOf\":{\"@id\":\"https:\/\/www.leitao-irmao.com\/#website\"},\"primaryImageOfPage\":{\"@id\":\"https:\/\/www.leitao-irmao.com\/product\/gargantilha-virolas-e-escaramujo-em-ouro-filigrana\/#primaryimage\"},\"image\":{\"@id\":\"https:\/\/www.leitao-irmao.com\/product\/gargantilha-virolas-e-escaramujo-em-ouro-filigrana\/#primaryimage\"},\"thumbnailUrl\":\"https:\/\/www.leitao-irmao.com\/wp-content\/uploads\/2023\/06\/AUCL0124-b-1-e1727185133699.jpg\",\"datePublished\":\"2023-06-05T22:45:29+00:00\",\"dateModified\":\"2026-01-21T13:01:42+00:00\",\"description\":\"A Gargantilha Virola e Escaramujo \u00e9 alta ourivesaria em Filigrana. A filigrana em ouro portugu\u00eas feita \u00e0 m\u00e3o pelos ourives mais experientes.\",\"breadcrumb\":{\"@id\":\"https:\/\/www.leitao-irmao.com\/product\/gargantilha-virolas-e-escaramujo-em-ouro-filigrana\/#breadcrumb\"},\"inLanguage\":\"en-GB\",\"potentialAction\":[{\"@type\":\"ReadAction\",\"target\":[\"https:\/\/www.leitao-irmao.com\/product\/gargantilha-virolas-e-escaramujo-em-ouro-filigrana\/\"]}]},{\"@type\":\"ImageObject\",\"inLanguage\":\"en-GB\",\"@id\":\"https:\/\/www.leitao-irmao.com\/product\/gargantilha-virolas-e-escaramujo-em-ouro-filigrana\/#primaryimage\",\"url\":\"https:\/\/www.leitao-irmao.com\/wp-content\/uploads\/2023\/06\/AUCL0124-b-1-e1727185133699.jpg\",\"contentUrl\":\"https:\/\/www.leitao-irmao.com\/wp-content\/uploads\/2023\/06\/AUCL0124-b-1-e1727185133699.jpg\",\"width\":1532,\"height\":1532},{\"@type\":\"BreadcrumbList\",\"@id\":\"https:\/\/www.leitao-irmao.com\/product\/gargantilha-virolas-e-escaramujo-em-ouro-filigrana\/#breadcrumb\",\"itemListElement\":[{\"@type\":\"ListItem\",\"position\":1,\"name\":\"Home\",\"item\":\"https:\/\/www.leitao-irmao.com\/\"},{\"@type\":\"ListItem\",\"position\":2,\"name\":\"Products\",\"item\":\"https:\/\/www.leitao-irmao.com\/shop\/\"},{\"@type\":\"ListItem\",\"position\":3,\"name\":\"Gargantilha Virolas e Escaramujo em ouro | Filigrana\"}]},{\"@type\":\"WebSite\",\"@id\":\"https:\/\/www.leitao-irmao.com\/#website\",\"url\":\"https:\/\/www.leitao-irmao.com\/\",\"name\":\"Leit\u00e3o & Irm\u00e3o\",\"description\":\"Joalheiros desde 1822\",\"publisher\":{\"@id\":\"https:\/\/www.leitao-irmao.com\/#organization\"},\"potentialAction\":[{\"@type\":\"SearchAction\",\"target\":{\"@type\":\"EntryPoint\",\"urlTemplate\":\"https:\/\/www.leitao-irmao.com\/?s={search_term_string}\"},\"query-input\":{\"@type\":\"PropertyValueSpecification\",\"valueRequired\":true,\"valueName\":\"search_term_string\"}}],\"inLanguage\":\"en-GB\"},{\"@type\":\"Organization\",\"@id\":\"https:\/\/www.leitao-irmao.com\/#organization\",\"name\":\"Leit\u00e3o & Irm\u00e3o\",\"url\":\"https:\/\/www.leitao-irmao.com\/\",\"logo\":{\"@type\":\"ImageObject\",\"inLanguage\":\"en-GB\",\"@id\":\"https:\/\/www.leitao-irmao.com\/#\/schema\/logo\/image\/\",\"url\":\"https:\/\/www.leitao-irmao.com\/wp-content\/uploads\/2022\/11\/leitaoirmao-logo.png\",\"contentUrl\":\"https:\/\/www.leitao-irmao.com\/wp-content\/uploads\/2022\/11\/leitaoirmao-logo.png\",\"width\":426,\"height\":89,\"caption\":\"Leit\u00e3o & Irm\u00e3o\"},\"image\":{\"@id\":\"https:\/\/www.leitao-irmao.com\/#\/schema\/logo\/image\/\"}}]}<\/script>\n<!-- \/ Yoast SEO plugin. -->","yoast_head_json":{"title":"gargantilha virolas e escaramujo em ouro","description":"A Gargantilha Virola e Escaramujo \u00e9 alta ourivesaria em Filigrana. A filigrana em ouro portugu\u00eas feita \u00e0 m\u00e3o pelos ourives mais experientes.","robots":{"index":"index","follow":"follow","max-snippet":"max-snippet:-1","max-image-preview":"max-image-preview:large","max-video-preview":"max-video-preview:-1"},"canonical":"https:\/\/www.leitao-irmao.com\/en\/product\/gargantilha-virolas-e-escaramujo-em-ouro-filigrana\/","og_locale":"en_GB","og_type":"article","og_title":"gargantilha virolas e escaramujo em ouro","og_description":"A Gargantilha Virola e Escaramujo \u00e9 alta ourivesaria em Filigrana. A filigrana em ouro portugu\u00eas feita \u00e0 m\u00e3o pelos ourives mais experientes.","og_url":"https:\/\/www.leitao-irmao.com\/en\/product\/gargantilha-virolas-e-escaramujo-em-ouro-filigrana\/","og_site_name":"Leit\u00e3o &amp; Irm\u00e3o","article_modified_time":"2026-01-21T13:01:42+00:00","og_image":[{"width":1532,"height":1532,"url":"https:\/\/www.leitao-irmao.com\/wp-content\/uploads\/2023\/06\/AUCL0124-b-1-e1727185133699.jpg","type":"image\/jpeg"}],"twitter_card":"summary_large_image","twitter_misc":{"Estimated reading time":"1 minute"},"schema":{"@context":"https:\/\/schema.org","@graph":[{"@type":"WebPage","@id":"https:\/\/www.leitao-irmao.com\/product\/gargantilha-virolas-e-escaramujo-em-ouro-filigrana\/","url":"https:\/\/www.leitao-irmao.com\/product\/gargantilha-virolas-e-escaramujo-em-ouro-filigrana\/","name":"gargantilha virolas e escaramujo em ouro","isPartOf":{"@id":"https:\/\/www.leitao-irmao.com\/#website"},"primaryImageOfPage":{"@id":"https:\/\/www.leitao-irmao.com\/product\/gargantilha-virolas-e-escaramujo-em-ouro-filigrana\/#primaryimage"},"image":{"@id":"https:\/\/www.leitao-irmao.com\/product\/gargantilha-virolas-e-escaramujo-em-ouro-filigrana\/#primaryimage"},"thumbnailUrl":"https:\/\/www.leitao-irmao.com\/wp-content\/uploads\/2023\/06\/AUCL0124-b-1-e1727185133699.jpg","datePublished":"2023-06-05T22:45:29+00:00","dateModified":"2026-01-21T13:01:42+00:00","description":"A Gargantilha Virola e Escaramujo \u00e9 alta ourivesaria em Filigrana. A filigrana em ouro portugu\u00eas feita \u00e0 m\u00e3o pelos ourives mais experientes.","breadcrumb":{"@id":"https:\/\/www.leitao-irmao.com\/product\/gargantilha-virolas-e-escaramujo-em-ouro-filigrana\/#breadcrumb"},"inLanguage":"en-GB","potentialAction":[{"@type":"ReadAction","target":["https:\/\/www.leitao-irmao.com\/product\/gargantilha-virolas-e-escaramujo-em-ouro-filigrana\/"]}]},{"@type":"ImageObject","inLanguage":"en-GB","@id":"https:\/\/www.leitao-irmao.com\/product\/gargantilha-virolas-e-escaramujo-em-ouro-filigrana\/#primaryimage","url":"https:\/\/www.leitao-irmao.com\/wp-content\/uploads\/2023\/06\/AUCL0124-b-1-e1727185133699.jpg","contentUrl":"https:\/\/www.leitao-irmao.com\/wp-content\/uploads\/2023\/06\/AUCL0124-b-1-e1727185133699.jpg","width":1532,"height":1532},{"@type":"BreadcrumbList","@id":"https:\/\/www.leitao-irmao.com\/product\/gargantilha-virolas-e-escaramujo-em-ouro-filigrana\/#breadcrumb","itemListElement":[{"@type":"ListItem","position":1,"name":"Home","item":"https:\/\/www.leitao-irmao.com\/"},{"@type":"ListItem","position":2,"name":"Products","item":"https:\/\/www.leitao-irmao.com\/shop\/"},{"@type":"ListItem","position":3,"name":"Gargantilha Virolas e Escaramujo em ouro | Filigrana"}]},{"@type":"WebSite","@id":"https:\/\/www.leitao-irmao.com\/#website","url":"https:\/\/www.leitao-irmao.com\/","name":"Leit\u00e3o & Irm\u00e3o","description":"Joalheiros desde 1822","publisher":{"@id":"https:\/\/www.leitao-irmao.com\/#organization"},"potentialAction":[{"@type":"SearchAction","target":{"@type":"EntryPoint","urlTemplate":"https:\/\/www.leitao-irmao.com\/?s={search_term_string}"},"query-input":{"@type":"PropertyValueSpecification","valueRequired":true,"valueName":"search_term_string"}}],"inLanguage":"en-GB"},{"@type":"Organization","@id":"https:\/\/www.leitao-irmao.com\/#organization","name":"Leit\u00e3o & Irm\u00e3o","url":"https:\/\/www.leitao-irmao.com\/","logo":{"@type":"ImageObject","inLanguage":"en-GB","@id":"https:\/\/www.leitao-irmao.com\/#\/schema\/logo\/image\/","url":"https:\/\/www.leitao-irmao.com\/wp-content\/uploads\/2022\/11\/leitaoirmao-logo.png","contentUrl":"https:\/\/www.leitao-irmao.com\/wp-content\/uploads\/2022\/11\/leitaoirmao-logo.png","width":426,"height":89,"caption":"Leit\u00e3o & Irm\u00e3o"},"image":{"@id":"https:\/\/www.leitao-irmao.com\/#\/schema\/logo\/image\/"}}]}},"_links":{"self":[{"href":"https:\/\/www.leitao-irmao.com\/en\/wp-json\/wp\/v2\/product\/7451","targetHints":{"allow":["GET"]}}],"collection":[{"href":"https:\/\/www.leitao-irmao.com\/en\/wp-json\/wp\/v2\/product"}],"about":[{"href":"https:\/\/www.leitao-irmao.com\/en\/wp-json\/wp\/v2\/types\/product"}],"version-history":[{"count":1,"href":"https:\/\/www.leitao-irmao.com\/en\/wp-json\/wp\/v2\/product\/7451\/revisions"}],"predecessor-version":[{"id":33126,"href":"https:\/\/www.leitao-irmao.com\/en\/wp-json\/wp\/v2\/product\/7451\/revisions\/33126"}],"wp:featuredmedia":[{"embeddable":true,"href":"https:\/\/www.leitao-irmao.com\/en\/wp-json\/wp\/v2\/media\/13554"}],"wp:attachment":[{"href":"https:\/\/www.leitao-irmao.com\/en\/wp-json\/wp\/v2\/media?parent=7451"}],"wp:term":[{"taxonomy":"product_brand","embeddable":true,"href":"https:\/\/www.leitao-irmao.com\/en\/wp-json\/wp\/v2\/product_brand?post=7451"},{"taxonomy":"product_cat","embeddable":true,"href":"https:\/\/www.leitao-irmao.com\/en\/wp-json\/wp\/v2\/product_cat?post=7451"},{"taxonomy":"product_tag","embeddable":true,"href":"https:\/\/www.leitao-irmao.com\/en\/wp-json\/wp\/v2\/product_tag?post=7451"}],"curies":[{"name":"wp","href":"https:\/\/api.w.org\/{rel}","templated":true}]}}