{"id":7454,"date":"2023-06-05T22:45:31","date_gmt":"2023-06-05T22:45:31","guid":{"rendered":"https:\/\/leitao-irmao.ad-pulse.com\/produto\/pulseira-com-contas-de-viana-em-ouro-filigrana\/"},"modified":"2026-03-19T16:30:20","modified_gmt":"2026-03-19T16:30:20","slug":"pulseira-com-contas-de-viana-em-ouro-filigrana","status":"publish","type":"product","link":"https:\/\/www.leitao-irmao.com\/en\/product\/pulseira-com-contas-de-viana-em-ouro-filigrana\/","title":{"rendered":"Bracelet with Viana beads in gold | Filigree"},"content":{"rendered":"","protected":false},"excerpt":{"rendered":"<p>Viana beads are a classic of Portuguese filigree. Known as the oldest piece of Portuguese jewellery.<br \/>\nThe filigree technique is applied to small collectible balls.<br \/>\nBeing hollow and light, they were economical pieces, becoming one of the main jewels of Portuguese Popular Gold.<br \/>\nThe young women would buy the beads which they would string onto a typical woollen thread which ended at the back with a pompom. The number of beads in each necklace thus varied depending on the taste and savings of each person. Traditional Portuguese jewellery with Leit\u00e3o &amp; Irm\u00e3o quality.<\/p>","protected":false},"featured_media":8711,"template":"","meta":{"_acf_changed":false},"product_brand":[],"product_cat":[236,79,601,126,87],"product_tag":[278,271],"class_list":{"0":"post-7454","1":"product","2":"type-product","3":"status-publish","4":"has-post-thumbnail","6":"product_cat-filigrana","7":"product_cat-joalharia","8":"product_cat-pecas-de-fornecedor","9":"product_cat-presentes-entre-2500e-a-5000e","10":"product_cat-pulseiras","11":"product_tag-mulher","12":"product_tag-ouro","14":"first","15":"instock","16":"shipping-taxable","17":"purchasable","18":"product-type-simple"},"acf":[],"yoast_head":"<!-- This site is optimized with the Yoast SEO plugin v25.4 - https:\/\/yoast.com\/wordpress\/plugins\/seo\/ -->\n<title>pulseira contas de viana em ouro<\/title>\n<meta name=\"robots\" content=\"index, follow, max-snippet:-1, max-image-preview:large, max-video-preview:-1\" \/>\n<link rel=\"canonical\" href=\"https:\/\/www.leitao-irmao.com\/en\/product\/pulseira-com-contas-de-viana-em-ouro-filigrana\/\" \/>\n<meta property=\"og:locale\" content=\"en_GB\" \/>\n<meta property=\"og:type\" content=\"article\" \/>\n<meta property=\"og:title\" content=\"pulseira contas de viana em ouro\" \/>\n<meta property=\"og:description\" content=\"As contas de Viana s\u00e3o um cl\u00e1ssico da filigrana portuguesa. Conhecidas como a pe\u00e7a mais antiga da joalharia portuguesa. A t\u00e9cnica da filigrana \u00e9 aplicada em pequenas bolas colecion\u00e1veis. Por serem ocas e leves eram pe\u00e7as econ\u00f3micas, tornando-se uma das principais joias do Ouro Popular Portugu\u00eas. As jovens Iam comprando as contas que juntavam num t\u00edpico fio de l\u00e3 que terminava atr\u00e1s com um pompom. A quantidade de contas em cada colar era assim vari\u00e1vel dependendo do gosto e das economias de cada um. A ourivesaria tradicional portuguesa com a qualidade Leit\u00e3o &amp; Irm\u00e3o.\" \/>\n<meta property=\"og:url\" content=\"https:\/\/www.leitao-irmao.com\/en\/product\/pulseira-com-contas-de-viana-em-ouro-filigrana\/\" \/>\n<meta property=\"og:site_name\" content=\"Leit\u00e3o &amp; Irm\u00e3o\" \/>\n<meta property=\"article:modified_time\" content=\"2026-03-19T16:30:20+00:00\" \/>\n<meta property=\"og:image\" content=\"https:\/\/www.leitao-irmao.com\/wp-content\/uploads\/2023\/06\/AUPL0028.06.jpg\" \/>\n\t<meta property=\"og:image:width\" content=\"1920\" \/>\n\t<meta property=\"og:image:height\" content=\"1920\" \/>\n\t<meta property=\"og:image:type\" content=\"image\/jpeg\" \/>\n<meta name=\"twitter:card\" content=\"summary_large_image\" \/>\n<meta name=\"twitter:label1\" content=\"Estimated reading time\" \/>\n\t<meta name=\"twitter:data1\" content=\"1 minute\" \/>\n<script type=\"application\/ld+json\" class=\"yoast-schema-graph\">{\"@context\":\"https:\/\/schema.org\",\"@graph\":[{\"@type\":\"WebPage\",\"@id\":\"https:\/\/www.leitao-irmao.com\/product\/pulseira-com-contas-de-viana-em-ouro-filigrana\/\",\"url\":\"https:\/\/www.leitao-irmao.com\/product\/pulseira-com-contas-de-viana-em-ouro-filigrana\/\",\"name\":\"pulseira contas de viana em ouro\",\"isPartOf\":{\"@id\":\"https:\/\/www.leitao-irmao.com\/#website\"},\"primaryImageOfPage\":{\"@id\":\"https:\/\/www.leitao-irmao.com\/product\/pulseira-com-contas-de-viana-em-ouro-filigrana\/#primaryimage\"},\"image\":{\"@id\":\"https:\/\/www.leitao-irmao.com\/product\/pulseira-com-contas-de-viana-em-ouro-filigrana\/#primaryimage\"},\"thumbnailUrl\":\"https:\/\/www.leitao-irmao.com\/wp-content\/uploads\/2023\/06\/AUPL0028.06.jpg\",\"datePublished\":\"2023-06-05T22:45:31+00:00\",\"dateModified\":\"2026-03-19T16:30:20+00:00\",\"breadcrumb\":{\"@id\":\"https:\/\/www.leitao-irmao.com\/product\/pulseira-com-contas-de-viana-em-ouro-filigrana\/#breadcrumb\"},\"inLanguage\":\"en-GB\",\"potentialAction\":[{\"@type\":\"ReadAction\",\"target\":[\"https:\/\/www.leitao-irmao.com\/product\/pulseira-com-contas-de-viana-em-ouro-filigrana\/\"]}]},{\"@type\":\"ImageObject\",\"inLanguage\":\"en-GB\",\"@id\":\"https:\/\/www.leitao-irmao.com\/product\/pulseira-com-contas-de-viana-em-ouro-filigrana\/#primaryimage\",\"url\":\"https:\/\/www.leitao-irmao.com\/wp-content\/uploads\/2023\/06\/AUPL0028.06.jpg\",\"contentUrl\":\"https:\/\/www.leitao-irmao.com\/wp-content\/uploads\/2023\/06\/AUPL0028.06.jpg\",\"width\":1920,\"height\":1920},{\"@type\":\"BreadcrumbList\",\"@id\":\"https:\/\/www.leitao-irmao.com\/product\/pulseira-com-contas-de-viana-em-ouro-filigrana\/#breadcrumb\",\"itemListElement\":[{\"@type\":\"ListItem\",\"position\":1,\"name\":\"Home\",\"item\":\"https:\/\/www.leitao-irmao.com\/\"},{\"@type\":\"ListItem\",\"position\":2,\"name\":\"Products\",\"item\":\"https:\/\/www.leitao-irmao.com\/shop\/\"},{\"@type\":\"ListItem\",\"position\":3,\"name\":\"Pulseira com Contas de Viana em ouro | Filigrana\"}]},{\"@type\":\"WebSite\",\"@id\":\"https:\/\/www.leitao-irmao.com\/#website\",\"url\":\"https:\/\/www.leitao-irmao.com\/\",\"name\":\"Leit\u00e3o & Irm\u00e3o\",\"description\":\"Joalheiros desde 1822\",\"publisher\":{\"@id\":\"https:\/\/www.leitao-irmao.com\/#organization\"},\"potentialAction\":[{\"@type\":\"SearchAction\",\"target\":{\"@type\":\"EntryPoint\",\"urlTemplate\":\"https:\/\/www.leitao-irmao.com\/?s={search_term_string}\"},\"query-input\":{\"@type\":\"PropertyValueSpecification\",\"valueRequired\":true,\"valueName\":\"search_term_string\"}}],\"inLanguage\":\"en-GB\"},{\"@type\":\"Organization\",\"@id\":\"https:\/\/www.leitao-irmao.com\/#organization\",\"name\":\"Leit\u00e3o & Irm\u00e3o\",\"url\":\"https:\/\/www.leitao-irmao.com\/\",\"logo\":{\"@type\":\"ImageObject\",\"inLanguage\":\"en-GB\",\"@id\":\"https:\/\/www.leitao-irmao.com\/#\/schema\/logo\/image\/\",\"url\":\"https:\/\/www.leitao-irmao.com\/wp-content\/uploads\/2022\/11\/leitaoirmao-logo.png\",\"contentUrl\":\"https:\/\/www.leitao-irmao.com\/wp-content\/uploads\/2022\/11\/leitaoirmao-logo.png\",\"width\":426,\"height\":89,\"caption\":\"Leit\u00e3o & Irm\u00e3o\"},\"image\":{\"@id\":\"https:\/\/www.leitao-irmao.com\/#\/schema\/logo\/image\/\"}}]}<\/script>\n<!-- \/ Yoast SEO plugin. -->","yoast_head_json":{"title":"pulseira contas de viana em ouro","robots":{"index":"index","follow":"follow","max-snippet":"max-snippet:-1","max-image-preview":"max-image-preview:large","max-video-preview":"max-video-preview:-1"},"canonical":"https:\/\/www.leitao-irmao.com\/en\/product\/pulseira-com-contas-de-viana-em-ouro-filigrana\/","og_locale":"en_GB","og_type":"article","og_title":"pulseira contas de viana em ouro","og_description":"As contas de Viana s\u00e3o um cl\u00e1ssico da filigrana portuguesa. Conhecidas como a pe\u00e7a mais antiga da joalharia portuguesa. A t\u00e9cnica da filigrana \u00e9 aplicada em pequenas bolas colecion\u00e1veis. Por serem ocas e leves eram pe\u00e7as econ\u00f3micas, tornando-se uma das principais joias do Ouro Popular Portugu\u00eas. As jovens Iam comprando as contas que juntavam num t\u00edpico fio de l\u00e3 que terminava atr\u00e1s com um pompom. A quantidade de contas em cada colar era assim vari\u00e1vel dependendo do gosto e das economias de cada um. A ourivesaria tradicional portuguesa com a qualidade Leit\u00e3o &amp; Irm\u00e3o.","og_url":"https:\/\/www.leitao-irmao.com\/en\/product\/pulseira-com-contas-de-viana-em-ouro-filigrana\/","og_site_name":"Leit\u00e3o &amp; Irm\u00e3o","article_modified_time":"2026-03-19T16:30:20+00:00","og_image":[{"width":1920,"height":1920,"url":"https:\/\/www.leitao-irmao.com\/wp-content\/uploads\/2023\/06\/AUPL0028.06.jpg","type":"image\/jpeg"}],"twitter_card":"summary_large_image","twitter_misc":{"Estimated reading time":"1 minute"},"schema":{"@context":"https:\/\/schema.org","@graph":[{"@type":"WebPage","@id":"https:\/\/www.leitao-irmao.com\/product\/pulseira-com-contas-de-viana-em-ouro-filigrana\/","url":"https:\/\/www.leitao-irmao.com\/product\/pulseira-com-contas-de-viana-em-ouro-filigrana\/","name":"pulseira contas de viana em ouro","isPartOf":{"@id":"https:\/\/www.leitao-irmao.com\/#website"},"primaryImageOfPage":{"@id":"https:\/\/www.leitao-irmao.com\/product\/pulseira-com-contas-de-viana-em-ouro-filigrana\/#primaryimage"},"image":{"@id":"https:\/\/www.leitao-irmao.com\/product\/pulseira-com-contas-de-viana-em-ouro-filigrana\/#primaryimage"},"thumbnailUrl":"https:\/\/www.leitao-irmao.com\/wp-content\/uploads\/2023\/06\/AUPL0028.06.jpg","datePublished":"2023-06-05T22:45:31+00:00","dateModified":"2026-03-19T16:30:20+00:00","breadcrumb":{"@id":"https:\/\/www.leitao-irmao.com\/product\/pulseira-com-contas-de-viana-em-ouro-filigrana\/#breadcrumb"},"inLanguage":"en-GB","potentialAction":[{"@type":"ReadAction","target":["https:\/\/www.leitao-irmao.com\/product\/pulseira-com-contas-de-viana-em-ouro-filigrana\/"]}]},{"@type":"ImageObject","inLanguage":"en-GB","@id":"https:\/\/www.leitao-irmao.com\/product\/pulseira-com-contas-de-viana-em-ouro-filigrana\/#primaryimage","url":"https:\/\/www.leitao-irmao.com\/wp-content\/uploads\/2023\/06\/AUPL0028.06.jpg","contentUrl":"https:\/\/www.leitao-irmao.com\/wp-content\/uploads\/2023\/06\/AUPL0028.06.jpg","width":1920,"height":1920},{"@type":"BreadcrumbList","@id":"https:\/\/www.leitao-irmao.com\/product\/pulseira-com-contas-de-viana-em-ouro-filigrana\/#breadcrumb","itemListElement":[{"@type":"ListItem","position":1,"name":"Home","item":"https:\/\/www.leitao-irmao.com\/"},{"@type":"ListItem","position":2,"name":"Products","item":"https:\/\/www.leitao-irmao.com\/shop\/"},{"@type":"ListItem","position":3,"name":"Pulseira com Contas de Viana em ouro | Filigrana"}]},{"@type":"WebSite","@id":"https:\/\/www.leitao-irmao.com\/#website","url":"https:\/\/www.leitao-irmao.com\/","name":"Leit\u00e3o & Irm\u00e3o","description":"Joalheiros desde 1822","publisher":{"@id":"https:\/\/www.leitao-irmao.com\/#organization"},"potentialAction":[{"@type":"SearchAction","target":{"@type":"EntryPoint","urlTemplate":"https:\/\/www.leitao-irmao.com\/?s={search_term_string}"},"query-input":{"@type":"PropertyValueSpecification","valueRequired":true,"valueName":"search_term_string"}}],"inLanguage":"en-GB"},{"@type":"Organization","@id":"https:\/\/www.leitao-irmao.com\/#organization","name":"Leit\u00e3o & Irm\u00e3o","url":"https:\/\/www.leitao-irmao.com\/","logo":{"@type":"ImageObject","inLanguage":"en-GB","@id":"https:\/\/www.leitao-irmao.com\/#\/schema\/logo\/image\/","url":"https:\/\/www.leitao-irmao.com\/wp-content\/uploads\/2022\/11\/leitaoirmao-logo.png","contentUrl":"https:\/\/www.leitao-irmao.com\/wp-content\/uploads\/2022\/11\/leitaoirmao-logo.png","width":426,"height":89,"caption":"Leit\u00e3o & Irm\u00e3o"},"image":{"@id":"https:\/\/www.leitao-irmao.com\/#\/schema\/logo\/image\/"}}]}},"_links":{"self":[{"href":"https:\/\/www.leitao-irmao.com\/en\/wp-json\/wp\/v2\/product\/7454","targetHints":{"allow":["GET"]}}],"collection":[{"href":"https:\/\/www.leitao-irmao.com\/en\/wp-json\/wp\/v2\/product"}],"about":[{"href":"https:\/\/www.leitao-irmao.com\/en\/wp-json\/wp\/v2\/types\/product"}],"version-history":[{"count":1,"href":"https:\/\/www.leitao-irmao.com\/en\/wp-json\/wp\/v2\/product\/7454\/revisions"}],"predecessor-version":[{"id":37468,"href":"https:\/\/www.leitao-irmao.com\/en\/wp-json\/wp\/v2\/product\/7454\/revisions\/37468"}],"wp:featuredmedia":[{"embeddable":true,"href":"https:\/\/www.leitao-irmao.com\/en\/wp-json\/wp\/v2\/media\/8711"}],"wp:attachment":[{"href":"https:\/\/www.leitao-irmao.com\/en\/wp-json\/wp\/v2\/media?parent=7454"}],"wp:term":[{"taxonomy":"product_brand","embeddable":true,"href":"https:\/\/www.leitao-irmao.com\/en\/wp-json\/wp\/v2\/product_brand?post=7454"},{"taxonomy":"product_cat","embeddable":true,"href":"https:\/\/www.leitao-irmao.com\/en\/wp-json\/wp\/v2\/product_cat?post=7454"},{"taxonomy":"product_tag","embeddable":true,"href":"https:\/\/www.leitao-irmao.com\/en\/wp-json\/wp\/v2\/product_tag?post=7454"}],"curies":[{"name":"wp","href":"https:\/\/api.w.org\/{rel}","templated":true}]}}