{"id":7480,"date":"2023-06-05T22:45:46","date_gmt":"2023-06-05T22:45:46","guid":{"rendered":"https:\/\/leitao-irmao.ad-pulse.com\/produto\/colar-love-story-com-pendente-em-ouro-e-diamantes-filigrana\/"},"modified":"2025-06-30T15:42:56","modified_gmt":"2025-06-30T14:42:56","slug":"colar-love-story-com-pendente-em-ouro-e-diamantes","status":"publish","type":"product","link":"https:\/\/www.leitao-irmao.com\/en\/product\/colar-love-story-com-pendente-em-ouro-e-diamantes\/","title":{"rendered":"Gold and diamond pendant necklace | Love Story"},"content":{"rendered":"","protected":false},"excerpt":{"rendered":"<p>The Love Story collection is a celebration of eternal love, materialized in stunning pieces of jewellery. Each piece in the collection is shaped like a heart, symbolizing affection and passion. Made of gold and adorned with diamonds of exceptional brilliance, these jewels are the perfect expression of elegance and sophistication.<\/p>\n<p>The Love Story collection was created for those who wish to eternalize special moments, inspired by traditional Portuguese jewellery and enhanced by the quality of Leit\u00e3o &amp; Irm\u00e3o.<\/p>","protected":false},"featured_media":8655,"template":"","meta":{"_acf_changed":false},"product_brand":[],"product_cat":[84,236,79,628,267,126],"product_tag":[275,278,271],"class_list":{"0":"post-7480","1":"product","2":"type-product","3":"status-publish","4":"has-post-thumbnail","6":"product_cat-fios-e-colares-joalharia-portuguesa-leitao-irmao","7":"product_cat-filigrana","8":"product_cat-joalharia","9":"product_cat-love-story","10":"product_cat-mais-oferecidos","11":"product_cat-presentes-entre-2500e-a-5000e","12":"product_tag-diamantes","13":"product_tag-mulher","14":"product_tag-ouro","16":"first","17":"instock","18":"shipping-taxable","19":"purchasable","20":"product-type-simple"},"acf":[],"yoast_head":"<!-- This site is optimized with the Yoast SEO plugin v25.4 - https:\/\/yoast.com\/wordpress\/plugins\/seo\/ -->\n<title>Colar em ouro e diamantes da Leit\u00e3o &amp; Irm\u00e3o<\/title>\n<meta name=\"description\" content=\"O colar em ouro e diamantes da cole\u00e7\u00e3o Love Story \u00e9 uma celebra\u00e7\u00e3o do amor eterno, materializado em pe\u00e7as deslumbrantes de joalharia.\" \/>\n<meta name=\"robots\" content=\"index, follow, max-snippet:-1, max-image-preview:large, max-video-preview:-1\" \/>\n<link rel=\"canonical\" href=\"https:\/\/www.leitao-irmao.com\/en\/product\/colar-love-story-com-pendente-em-ouro-e-diamantes\/\" \/>\n<meta property=\"og:locale\" content=\"en_GB\" \/>\n<meta property=\"og:type\" content=\"article\" \/>\n<meta property=\"og:title\" content=\"Colar em ouro e diamantes da Leit\u00e3o &amp; Irm\u00e3o\" \/>\n<meta property=\"og:description\" content=\"O colar em ouro e diamantes da cole\u00e7\u00e3o Love Story \u00e9 uma celebra\u00e7\u00e3o do amor eterno, materializado em pe\u00e7as deslumbrantes de joalharia.\" \/>\n<meta property=\"og:url\" content=\"https:\/\/www.leitao-irmao.com\/en\/product\/colar-love-story-com-pendente-em-ouro-e-diamantes\/\" \/>\n<meta property=\"og:site_name\" content=\"Leit\u00e3o &amp; Irm\u00e3o\" \/>\n<meta property=\"article:modified_time\" content=\"2025-06-30T14:42:56+00:00\" \/>\n<meta property=\"og:image\" content=\"https:\/\/www.leitao-irmao.com\/wp-content\/uploads\/2023\/06\/0208268.jpg\" \/>\n\t<meta property=\"og:image:width\" content=\"1080\" \/>\n\t<meta property=\"og:image:height\" content=\"1080\" \/>\n\t<meta property=\"og:image:type\" content=\"image\/jpeg\" \/>\n<meta name=\"twitter:card\" content=\"summary_large_image\" \/>\n<meta name=\"twitter:label1\" content=\"Estimated reading time\" \/>\n\t<meta name=\"twitter:data1\" content=\"1 minute\" \/>\n<script type=\"application\/ld+json\" class=\"yoast-schema-graph\">{\"@context\":\"https:\/\/schema.org\",\"@graph\":[{\"@type\":\"WebPage\",\"@id\":\"https:\/\/www.leitao-irmao.com\/product\/colar-love-story-com-pendente-em-ouro-e-diamantes\/\",\"url\":\"https:\/\/www.leitao-irmao.com\/product\/colar-love-story-com-pendente-em-ouro-e-diamantes\/\",\"name\":\"Colar em ouro e diamantes da Leit\u00e3o & Irm\u00e3o\",\"isPartOf\":{\"@id\":\"https:\/\/www.leitao-irmao.com\/#website\"},\"primaryImageOfPage\":{\"@id\":\"https:\/\/www.leitao-irmao.com\/product\/colar-love-story-com-pendente-em-ouro-e-diamantes\/#primaryimage\"},\"image\":{\"@id\":\"https:\/\/www.leitao-irmao.com\/product\/colar-love-story-com-pendente-em-ouro-e-diamantes\/#primaryimage\"},\"thumbnailUrl\":\"https:\/\/www.leitao-irmao.com\/wp-content\/uploads\/2023\/06\/0208268.jpg\",\"datePublished\":\"2023-06-05T22:45:46+00:00\",\"dateModified\":\"2025-06-30T14:42:56+00:00\",\"description\":\"O colar em ouro e diamantes da cole\u00e7\u00e3o Love Story \u00e9 uma celebra\u00e7\u00e3o do amor eterno, materializado em pe\u00e7as deslumbrantes de joalharia.\",\"breadcrumb\":{\"@id\":\"https:\/\/www.leitao-irmao.com\/product\/colar-love-story-com-pendente-em-ouro-e-diamantes\/#breadcrumb\"},\"inLanguage\":\"en-GB\",\"potentialAction\":[{\"@type\":\"ReadAction\",\"target\":[\"https:\/\/www.leitao-irmao.com\/product\/colar-love-story-com-pendente-em-ouro-e-diamantes\/\"]}]},{\"@type\":\"ImageObject\",\"inLanguage\":\"en-GB\",\"@id\":\"https:\/\/www.leitao-irmao.com\/product\/colar-love-story-com-pendente-em-ouro-e-diamantes\/#primaryimage\",\"url\":\"https:\/\/www.leitao-irmao.com\/wp-content\/uploads\/2023\/06\/0208268.jpg\",\"contentUrl\":\"https:\/\/www.leitao-irmao.com\/wp-content\/uploads\/2023\/06\/0208268.jpg\",\"width\":1080,\"height\":1080},{\"@type\":\"BreadcrumbList\",\"@id\":\"https:\/\/www.leitao-irmao.com\/product\/colar-love-story-com-pendente-em-ouro-e-diamantes\/#breadcrumb\",\"itemListElement\":[{\"@type\":\"ListItem\",\"position\":1,\"name\":\"Home\",\"item\":\"https:\/\/www.leitao-irmao.com\/\"},{\"@type\":\"ListItem\",\"position\":2,\"name\":\"Products\",\"item\":\"https:\/\/www.leitao-irmao.com\/shop\/\"},{\"@type\":\"ListItem\",\"position\":3,\"name\":\"Colar com pendente em ouro e diamantes | Love Story\"}]},{\"@type\":\"WebSite\",\"@id\":\"https:\/\/www.leitao-irmao.com\/#website\",\"url\":\"https:\/\/www.leitao-irmao.com\/\",\"name\":\"Leit\u00e3o & Irm\u00e3o\",\"description\":\"Joalheiros desde 1822\",\"publisher\":{\"@id\":\"https:\/\/www.leitao-irmao.com\/#organization\"},\"potentialAction\":[{\"@type\":\"SearchAction\",\"target\":{\"@type\":\"EntryPoint\",\"urlTemplate\":\"https:\/\/www.leitao-irmao.com\/?s={search_term_string}\"},\"query-input\":{\"@type\":\"PropertyValueSpecification\",\"valueRequired\":true,\"valueName\":\"search_term_string\"}}],\"inLanguage\":\"en-GB\"},{\"@type\":\"Organization\",\"@id\":\"https:\/\/www.leitao-irmao.com\/#organization\",\"name\":\"Leit\u00e3o & Irm\u00e3o\",\"url\":\"https:\/\/www.leitao-irmao.com\/\",\"logo\":{\"@type\":\"ImageObject\",\"inLanguage\":\"en-GB\",\"@id\":\"https:\/\/www.leitao-irmao.com\/#\/schema\/logo\/image\/\",\"url\":\"https:\/\/www.leitao-irmao.com\/wp-content\/uploads\/2022\/11\/leitaoirmao-logo.png\",\"contentUrl\":\"https:\/\/www.leitao-irmao.com\/wp-content\/uploads\/2022\/11\/leitaoirmao-logo.png\",\"width\":426,\"height\":89,\"caption\":\"Leit\u00e3o & Irm\u00e3o\"},\"image\":{\"@id\":\"https:\/\/www.leitao-irmao.com\/#\/schema\/logo\/image\/\"}}]}<\/script>\n<!-- \/ Yoast SEO plugin. -->","yoast_head_json":{"title":"Colar em ouro e diamantes da Leit\u00e3o & Irm\u00e3o","description":"O colar em ouro e diamantes da cole\u00e7\u00e3o Love Story \u00e9 uma celebra\u00e7\u00e3o do amor eterno, materializado em pe\u00e7as deslumbrantes de joalharia.","robots":{"index":"index","follow":"follow","max-snippet":"max-snippet:-1","max-image-preview":"max-image-preview:large","max-video-preview":"max-video-preview:-1"},"canonical":"https:\/\/www.leitao-irmao.com\/en\/product\/colar-love-story-com-pendente-em-ouro-e-diamantes\/","og_locale":"en_GB","og_type":"article","og_title":"Colar em ouro e diamantes da Leit\u00e3o & Irm\u00e3o","og_description":"O colar em ouro e diamantes da cole\u00e7\u00e3o Love Story \u00e9 uma celebra\u00e7\u00e3o do amor eterno, materializado em pe\u00e7as deslumbrantes de joalharia.","og_url":"https:\/\/www.leitao-irmao.com\/en\/product\/colar-love-story-com-pendente-em-ouro-e-diamantes\/","og_site_name":"Leit\u00e3o &amp; Irm\u00e3o","article_modified_time":"2025-06-30T14:42:56+00:00","og_image":[{"width":1080,"height":1080,"url":"https:\/\/www.leitao-irmao.com\/wp-content\/uploads\/2023\/06\/0208268.jpg","type":"image\/jpeg"}],"twitter_card":"summary_large_image","twitter_misc":{"Estimated reading time":"1 minute"},"schema":{"@context":"https:\/\/schema.org","@graph":[{"@type":"WebPage","@id":"https:\/\/www.leitao-irmao.com\/product\/colar-love-story-com-pendente-em-ouro-e-diamantes\/","url":"https:\/\/www.leitao-irmao.com\/product\/colar-love-story-com-pendente-em-ouro-e-diamantes\/","name":"Colar em ouro e diamantes da Leit\u00e3o & Irm\u00e3o","isPartOf":{"@id":"https:\/\/www.leitao-irmao.com\/#website"},"primaryImageOfPage":{"@id":"https:\/\/www.leitao-irmao.com\/product\/colar-love-story-com-pendente-em-ouro-e-diamantes\/#primaryimage"},"image":{"@id":"https:\/\/www.leitao-irmao.com\/product\/colar-love-story-com-pendente-em-ouro-e-diamantes\/#primaryimage"},"thumbnailUrl":"https:\/\/www.leitao-irmao.com\/wp-content\/uploads\/2023\/06\/0208268.jpg","datePublished":"2023-06-05T22:45:46+00:00","dateModified":"2025-06-30T14:42:56+00:00","description":"O colar em ouro e diamantes da cole\u00e7\u00e3o Love Story \u00e9 uma celebra\u00e7\u00e3o do amor eterno, materializado em pe\u00e7as deslumbrantes de joalharia.","breadcrumb":{"@id":"https:\/\/www.leitao-irmao.com\/product\/colar-love-story-com-pendente-em-ouro-e-diamantes\/#breadcrumb"},"inLanguage":"en-GB","potentialAction":[{"@type":"ReadAction","target":["https:\/\/www.leitao-irmao.com\/product\/colar-love-story-com-pendente-em-ouro-e-diamantes\/"]}]},{"@type":"ImageObject","inLanguage":"en-GB","@id":"https:\/\/www.leitao-irmao.com\/product\/colar-love-story-com-pendente-em-ouro-e-diamantes\/#primaryimage","url":"https:\/\/www.leitao-irmao.com\/wp-content\/uploads\/2023\/06\/0208268.jpg","contentUrl":"https:\/\/www.leitao-irmao.com\/wp-content\/uploads\/2023\/06\/0208268.jpg","width":1080,"height":1080},{"@type":"BreadcrumbList","@id":"https:\/\/www.leitao-irmao.com\/product\/colar-love-story-com-pendente-em-ouro-e-diamantes\/#breadcrumb","itemListElement":[{"@type":"ListItem","position":1,"name":"Home","item":"https:\/\/www.leitao-irmao.com\/"},{"@type":"ListItem","position":2,"name":"Products","item":"https:\/\/www.leitao-irmao.com\/shop\/"},{"@type":"ListItem","position":3,"name":"Colar com pendente em ouro e diamantes | Love Story"}]},{"@type":"WebSite","@id":"https:\/\/www.leitao-irmao.com\/#website","url":"https:\/\/www.leitao-irmao.com\/","name":"Leit\u00e3o & Irm\u00e3o","description":"Joalheiros desde 1822","publisher":{"@id":"https:\/\/www.leitao-irmao.com\/#organization"},"potentialAction":[{"@type":"SearchAction","target":{"@type":"EntryPoint","urlTemplate":"https:\/\/www.leitao-irmao.com\/?s={search_term_string}"},"query-input":{"@type":"PropertyValueSpecification","valueRequired":true,"valueName":"search_term_string"}}],"inLanguage":"en-GB"},{"@type":"Organization","@id":"https:\/\/www.leitao-irmao.com\/#organization","name":"Leit\u00e3o & Irm\u00e3o","url":"https:\/\/www.leitao-irmao.com\/","logo":{"@type":"ImageObject","inLanguage":"en-GB","@id":"https:\/\/www.leitao-irmao.com\/#\/schema\/logo\/image\/","url":"https:\/\/www.leitao-irmao.com\/wp-content\/uploads\/2022\/11\/leitaoirmao-logo.png","contentUrl":"https:\/\/www.leitao-irmao.com\/wp-content\/uploads\/2022\/11\/leitaoirmao-logo.png","width":426,"height":89,"caption":"Leit\u00e3o & Irm\u00e3o"},"image":{"@id":"https:\/\/www.leitao-irmao.com\/#\/schema\/logo\/image\/"}}]}},"_links":{"self":[{"href":"https:\/\/www.leitao-irmao.com\/en\/wp-json\/wp\/v2\/product\/7480","targetHints":{"allow":["GET"]}}],"collection":[{"href":"https:\/\/www.leitao-irmao.com\/en\/wp-json\/wp\/v2\/product"}],"about":[{"href":"https:\/\/www.leitao-irmao.com\/en\/wp-json\/wp\/v2\/types\/product"}],"version-history":[{"count":1,"href":"https:\/\/www.leitao-irmao.com\/en\/wp-json\/wp\/v2\/product\/7480\/revisions"}],"predecessor-version":[{"id":32260,"href":"https:\/\/www.leitao-irmao.com\/en\/wp-json\/wp\/v2\/product\/7480\/revisions\/32260"}],"wp:featuredmedia":[{"embeddable":true,"href":"https:\/\/www.leitao-irmao.com\/en\/wp-json\/wp\/v2\/media\/8655"}],"wp:attachment":[{"href":"https:\/\/www.leitao-irmao.com\/en\/wp-json\/wp\/v2\/media?parent=7480"}],"wp:term":[{"taxonomy":"product_brand","embeddable":true,"href":"https:\/\/www.leitao-irmao.com\/en\/wp-json\/wp\/v2\/product_brand?post=7480"},{"taxonomy":"product_cat","embeddable":true,"href":"https:\/\/www.leitao-irmao.com\/en\/wp-json\/wp\/v2\/product_cat?post=7480"},{"taxonomy":"product_tag","embeddable":true,"href":"https:\/\/www.leitao-irmao.com\/en\/wp-json\/wp\/v2\/product_tag?post=7480"}],"curies":[{"name":"wp","href":"https:\/\/api.w.org\/{rel}","templated":true}]}}