{"id":8503,"date":"2023-06-08T17:24:46","date_gmt":"2023-06-08T17:24:46","guid":{"rendered":"https:\/\/leitao-irmao.ad-pulse.com\/produto\/colar-e-pendente-em-ouro-amarelo-e-diamantes-summer-sky\/"},"modified":"2026-03-19T17:01:08","modified_gmt":"2026-03-19T17:01:08","slug":"colar-e-pendente-em-ouro-amarelo-e-diamantes-summer-sky","status":"publish","type":"product","link":"https:\/\/www.leitao-irmao.com\/en\/product\/colar-e-pendente-em-ouro-amarelo-e-diamantes-summer-sky\/","title":{"rendered":"Yellow gold and diamond necklace and pendant | Summer Sky"},"content":{"rendered":"","protected":false},"excerpt":{"rendered":"<p>Necklace with Pendant from the Summer Sky collection are pieces inspired by the starry sky of clear summer nights. Pieces in 19.2K Portuguese gold sprinkled with diamonds. A creation of the Leit\u00e3o &amp; Irm\u00e3o design office, which can be used as a stand-alone piece or combined to create a distinctive look.<\/p>","protected":false},"featured_media":8601,"template":"","meta":{"_acf_changed":false},"product_brand":[],"product_cat":[84,79,267,127,229],"product_tag":[275,278,271],"class_list":{"0":"post-8503","1":"product","2":"type-product","3":"status-publish","4":"has-post-thumbnail","6":"product_cat-colares-e-fios","7":"product_cat-joalharia","8":"product_cat-mais-oferecidos","9":"product_cat-presentes-entre-5000e-a-10000e","10":"product_cat-summer-sky","11":"product_tag-diamantes","12":"product_tag-mulher","13":"product_tag-ouro","15":"first","16":"instock","17":"shipping-taxable","18":"purchasable","19":"product-type-simple"},"acf":[],"yoast_head":"<!-- This site is optimized with the Yoast SEO plugin v25.4 - https:\/\/yoast.com\/wordpress\/plugins\/seo\/ -->\n<title>colar e pendente em ouro amarelo e diamantes<\/title>\n<meta name=\"description\" content=\"O Colar com o Pendente da cole\u00e7\u00e3o Summer Sky da Leit\u00e3o &amp; Irm\u00e3o s\u00e3o pe\u00e7as inspiradas no c\u00e9u estrelado das noites limpas de ver\u00e3o.\" \/>\n<meta name=\"robots\" content=\"index, follow, max-snippet:-1, max-image-preview:large, max-video-preview:-1\" \/>\n<link rel=\"canonical\" href=\"https:\/\/www.leitao-irmao.com\/en\/product\/colar-e-pendente-em-ouro-amarelo-e-diamantes-summer-sky\/\" \/>\n<meta property=\"og:locale\" content=\"en_GB\" \/>\n<meta property=\"og:type\" content=\"article\" \/>\n<meta property=\"og:title\" content=\"colar e pendente em ouro amarelo e diamantes\" \/>\n<meta property=\"og:description\" content=\"O Colar com o Pendente da cole\u00e7\u00e3o Summer Sky da Leit\u00e3o &amp; Irm\u00e3o s\u00e3o pe\u00e7as inspiradas no c\u00e9u estrelado das noites limpas de ver\u00e3o.\" \/>\n<meta property=\"og:url\" content=\"https:\/\/www.leitao-irmao.com\/en\/product\/colar-e-pendente-em-ouro-amarelo-e-diamantes-summer-sky\/\" \/>\n<meta property=\"og:site_name\" content=\"Leit\u00e3o &amp; Irm\u00e3o\" \/>\n<meta property=\"article:modified_time\" content=\"2026-03-19T17:01:08+00:00\" \/>\n<meta property=\"og:image\" content=\"https:\/\/www.leitao-irmao.com\/wp-content\/uploads\/2023\/06\/0206426.jpg\" \/>\n\t<meta property=\"og:image:width\" content=\"1200\" \/>\n\t<meta property=\"og:image:height\" content=\"1200\" \/>\n\t<meta property=\"og:image:type\" content=\"image\/jpeg\" \/>\n<meta name=\"twitter:card\" content=\"summary_large_image\" \/>\n<meta name=\"twitter:label1\" content=\"Estimated reading time\" \/>\n\t<meta name=\"twitter:data1\" content=\"1 minute\" \/>\n<script type=\"application\/ld+json\" class=\"yoast-schema-graph\">{\"@context\":\"https:\/\/schema.org\",\"@graph\":[{\"@type\":\"WebPage\",\"@id\":\"https:\/\/www.leitao-irmao.com\/product\/colar-e-pendente-em-ouro-amarelo-e-diamantes-summer-sky\/\",\"url\":\"https:\/\/www.leitao-irmao.com\/product\/colar-e-pendente-em-ouro-amarelo-e-diamantes-summer-sky\/\",\"name\":\"colar e pendente em ouro amarelo e diamantes\",\"isPartOf\":{\"@id\":\"https:\/\/www.leitao-irmao.com\/#website\"},\"primaryImageOfPage\":{\"@id\":\"https:\/\/www.leitao-irmao.com\/product\/colar-e-pendente-em-ouro-amarelo-e-diamantes-summer-sky\/#primaryimage\"},\"image\":{\"@id\":\"https:\/\/www.leitao-irmao.com\/product\/colar-e-pendente-em-ouro-amarelo-e-diamantes-summer-sky\/#primaryimage\"},\"thumbnailUrl\":\"https:\/\/www.leitao-irmao.com\/wp-content\/uploads\/2023\/06\/0206426.jpg\",\"datePublished\":\"2023-06-08T17:24:46+00:00\",\"dateModified\":\"2026-03-19T17:01:08+00:00\",\"description\":\"O Colar com o Pendente da cole\u00e7\u00e3o Summer Sky da Leit\u00e3o & Irm\u00e3o s\u00e3o pe\u00e7as inspiradas no c\u00e9u estrelado das noites limpas de ver\u00e3o.\",\"breadcrumb\":{\"@id\":\"https:\/\/www.leitao-irmao.com\/product\/colar-e-pendente-em-ouro-amarelo-e-diamantes-summer-sky\/#breadcrumb\"},\"inLanguage\":\"en-GB\",\"potentialAction\":[{\"@type\":\"ReadAction\",\"target\":[\"https:\/\/www.leitao-irmao.com\/product\/colar-e-pendente-em-ouro-amarelo-e-diamantes-summer-sky\/\"]}]},{\"@type\":\"ImageObject\",\"inLanguage\":\"en-GB\",\"@id\":\"https:\/\/www.leitao-irmao.com\/product\/colar-e-pendente-em-ouro-amarelo-e-diamantes-summer-sky\/#primaryimage\",\"url\":\"https:\/\/www.leitao-irmao.com\/wp-content\/uploads\/2023\/06\/0206426.jpg\",\"contentUrl\":\"https:\/\/www.leitao-irmao.com\/wp-content\/uploads\/2023\/06\/0206426.jpg\",\"width\":1200,\"height\":1200},{\"@type\":\"BreadcrumbList\",\"@id\":\"https:\/\/www.leitao-irmao.com\/product\/colar-e-pendente-em-ouro-amarelo-e-diamantes-summer-sky\/#breadcrumb\",\"itemListElement\":[{\"@type\":\"ListItem\",\"position\":1,\"name\":\"Home\",\"item\":\"https:\/\/www.leitao-irmao.com\/\"},{\"@type\":\"ListItem\",\"position\":2,\"name\":\"Products\",\"item\":\"https:\/\/www.leitao-irmao.com\/shop\/\"},{\"@type\":\"ListItem\",\"position\":3,\"name\":\"Colar e pendente em ouro amarelo e diamantes | Summer Sky\"}]},{\"@type\":\"WebSite\",\"@id\":\"https:\/\/www.leitao-irmao.com\/#website\",\"url\":\"https:\/\/www.leitao-irmao.com\/\",\"name\":\"Leit\u00e3o & Irm\u00e3o\",\"description\":\"Joalheiros desde 1822\",\"publisher\":{\"@id\":\"https:\/\/www.leitao-irmao.com\/#organization\"},\"potentialAction\":[{\"@type\":\"SearchAction\",\"target\":{\"@type\":\"EntryPoint\",\"urlTemplate\":\"https:\/\/www.leitao-irmao.com\/?s={search_term_string}\"},\"query-input\":{\"@type\":\"PropertyValueSpecification\",\"valueRequired\":true,\"valueName\":\"search_term_string\"}}],\"inLanguage\":\"en-GB\"},{\"@type\":\"Organization\",\"@id\":\"https:\/\/www.leitao-irmao.com\/#organization\",\"name\":\"Leit\u00e3o & Irm\u00e3o\",\"url\":\"https:\/\/www.leitao-irmao.com\/\",\"logo\":{\"@type\":\"ImageObject\",\"inLanguage\":\"en-GB\",\"@id\":\"https:\/\/www.leitao-irmao.com\/#\/schema\/logo\/image\/\",\"url\":\"https:\/\/www.leitao-irmao.com\/wp-content\/uploads\/2022\/11\/leitaoirmao-logo.png\",\"contentUrl\":\"https:\/\/www.leitao-irmao.com\/wp-content\/uploads\/2022\/11\/leitaoirmao-logo.png\",\"width\":426,\"height\":89,\"caption\":\"Leit\u00e3o & Irm\u00e3o\"},\"image\":{\"@id\":\"https:\/\/www.leitao-irmao.com\/#\/schema\/logo\/image\/\"}}]}<\/script>\n<!-- \/ Yoast SEO plugin. -->","yoast_head_json":{"title":"colar e pendente em ouro amarelo e diamantes","description":"O Colar com o Pendente da cole\u00e7\u00e3o Summer Sky da Leit\u00e3o & Irm\u00e3o s\u00e3o pe\u00e7as inspiradas no c\u00e9u estrelado das noites limpas de ver\u00e3o.","robots":{"index":"index","follow":"follow","max-snippet":"max-snippet:-1","max-image-preview":"max-image-preview:large","max-video-preview":"max-video-preview:-1"},"canonical":"https:\/\/www.leitao-irmao.com\/en\/product\/colar-e-pendente-em-ouro-amarelo-e-diamantes-summer-sky\/","og_locale":"en_GB","og_type":"article","og_title":"colar e pendente em ouro amarelo e diamantes","og_description":"O Colar com o Pendente da cole\u00e7\u00e3o Summer Sky da Leit\u00e3o & Irm\u00e3o s\u00e3o pe\u00e7as inspiradas no c\u00e9u estrelado das noites limpas de ver\u00e3o.","og_url":"https:\/\/www.leitao-irmao.com\/en\/product\/colar-e-pendente-em-ouro-amarelo-e-diamantes-summer-sky\/","og_site_name":"Leit\u00e3o &amp; Irm\u00e3o","article_modified_time":"2026-03-19T17:01:08+00:00","og_image":[{"width":1200,"height":1200,"url":"https:\/\/www.leitao-irmao.com\/wp-content\/uploads\/2023\/06\/0206426.jpg","type":"image\/jpeg"}],"twitter_card":"summary_large_image","twitter_misc":{"Estimated reading time":"1 minute"},"schema":{"@context":"https:\/\/schema.org","@graph":[{"@type":"WebPage","@id":"https:\/\/www.leitao-irmao.com\/product\/colar-e-pendente-em-ouro-amarelo-e-diamantes-summer-sky\/","url":"https:\/\/www.leitao-irmao.com\/product\/colar-e-pendente-em-ouro-amarelo-e-diamantes-summer-sky\/","name":"colar e pendente em ouro amarelo e diamantes","isPartOf":{"@id":"https:\/\/www.leitao-irmao.com\/#website"},"primaryImageOfPage":{"@id":"https:\/\/www.leitao-irmao.com\/product\/colar-e-pendente-em-ouro-amarelo-e-diamantes-summer-sky\/#primaryimage"},"image":{"@id":"https:\/\/www.leitao-irmao.com\/product\/colar-e-pendente-em-ouro-amarelo-e-diamantes-summer-sky\/#primaryimage"},"thumbnailUrl":"https:\/\/www.leitao-irmao.com\/wp-content\/uploads\/2023\/06\/0206426.jpg","datePublished":"2023-06-08T17:24:46+00:00","dateModified":"2026-03-19T17:01:08+00:00","description":"O Colar com o Pendente da cole\u00e7\u00e3o Summer Sky da Leit\u00e3o & Irm\u00e3o s\u00e3o pe\u00e7as inspiradas no c\u00e9u estrelado das noites limpas de ver\u00e3o.","breadcrumb":{"@id":"https:\/\/www.leitao-irmao.com\/product\/colar-e-pendente-em-ouro-amarelo-e-diamantes-summer-sky\/#breadcrumb"},"inLanguage":"en-GB","potentialAction":[{"@type":"ReadAction","target":["https:\/\/www.leitao-irmao.com\/product\/colar-e-pendente-em-ouro-amarelo-e-diamantes-summer-sky\/"]}]},{"@type":"ImageObject","inLanguage":"en-GB","@id":"https:\/\/www.leitao-irmao.com\/product\/colar-e-pendente-em-ouro-amarelo-e-diamantes-summer-sky\/#primaryimage","url":"https:\/\/www.leitao-irmao.com\/wp-content\/uploads\/2023\/06\/0206426.jpg","contentUrl":"https:\/\/www.leitao-irmao.com\/wp-content\/uploads\/2023\/06\/0206426.jpg","width":1200,"height":1200},{"@type":"BreadcrumbList","@id":"https:\/\/www.leitao-irmao.com\/product\/colar-e-pendente-em-ouro-amarelo-e-diamantes-summer-sky\/#breadcrumb","itemListElement":[{"@type":"ListItem","position":1,"name":"Home","item":"https:\/\/www.leitao-irmao.com\/"},{"@type":"ListItem","position":2,"name":"Products","item":"https:\/\/www.leitao-irmao.com\/shop\/"},{"@type":"ListItem","position":3,"name":"Colar e pendente em ouro amarelo e diamantes | Summer Sky"}]},{"@type":"WebSite","@id":"https:\/\/www.leitao-irmao.com\/#website","url":"https:\/\/www.leitao-irmao.com\/","name":"Leit\u00e3o & Irm\u00e3o","description":"Joalheiros desde 1822","publisher":{"@id":"https:\/\/www.leitao-irmao.com\/#organization"},"potentialAction":[{"@type":"SearchAction","target":{"@type":"EntryPoint","urlTemplate":"https:\/\/www.leitao-irmao.com\/?s={search_term_string}"},"query-input":{"@type":"PropertyValueSpecification","valueRequired":true,"valueName":"search_term_string"}}],"inLanguage":"en-GB"},{"@type":"Organization","@id":"https:\/\/www.leitao-irmao.com\/#organization","name":"Leit\u00e3o & Irm\u00e3o","url":"https:\/\/www.leitao-irmao.com\/","logo":{"@type":"ImageObject","inLanguage":"en-GB","@id":"https:\/\/www.leitao-irmao.com\/#\/schema\/logo\/image\/","url":"https:\/\/www.leitao-irmao.com\/wp-content\/uploads\/2022\/11\/leitaoirmao-logo.png","contentUrl":"https:\/\/www.leitao-irmao.com\/wp-content\/uploads\/2022\/11\/leitaoirmao-logo.png","width":426,"height":89,"caption":"Leit\u00e3o & Irm\u00e3o"},"image":{"@id":"https:\/\/www.leitao-irmao.com\/#\/schema\/logo\/image\/"}}]}},"_links":{"self":[{"href":"https:\/\/www.leitao-irmao.com\/en\/wp-json\/wp\/v2\/product\/8503","targetHints":{"allow":["GET"]}}],"collection":[{"href":"https:\/\/www.leitao-irmao.com\/en\/wp-json\/wp\/v2\/product"}],"about":[{"href":"https:\/\/www.leitao-irmao.com\/en\/wp-json\/wp\/v2\/types\/product"}],"version-history":[{"count":1,"href":"https:\/\/www.leitao-irmao.com\/en\/wp-json\/wp\/v2\/product\/8503\/revisions"}],"predecessor-version":[{"id":37568,"href":"https:\/\/www.leitao-irmao.com\/en\/wp-json\/wp\/v2\/product\/8503\/revisions\/37568"}],"wp:featuredmedia":[{"embeddable":true,"href":"https:\/\/www.leitao-irmao.com\/en\/wp-json\/wp\/v2\/media\/8601"}],"wp:attachment":[{"href":"https:\/\/www.leitao-irmao.com\/en\/wp-json\/wp\/v2\/media?parent=8503"}],"wp:term":[{"taxonomy":"product_brand","embeddable":true,"href":"https:\/\/www.leitao-irmao.com\/en\/wp-json\/wp\/v2\/product_brand?post=8503"},{"taxonomy":"product_cat","embeddable":true,"href":"https:\/\/www.leitao-irmao.com\/en\/wp-json\/wp\/v2\/product_cat?post=8503"},{"taxonomy":"product_tag","embeddable":true,"href":"https:\/\/www.leitao-irmao.com\/en\/wp-json\/wp\/v2\/product_tag?post=8503"}],"curies":[{"name":"wp","href":"https:\/\/api.w.org\/{rel}","templated":true}]}}