{"id":8526,"date":"2023-06-08T17:24:48","date_gmt":"2023-06-08T17:24:48","guid":{"rendered":"https:\/\/leitao-irmao.ad-pulse.com\/?post_type=product&#038;p=8526"},"modified":"2026-04-08T15:45:57","modified_gmt":"2026-04-08T14:45:57","slug":"anel-uptown-em-ouro-branco-com-diamantes-azulejo-portugues","status":"publish","type":"product","link":"https:\/\/www.leitao-irmao.com\/en\/product\/anel-uptown-em-ouro-branco-com-diamantes-azulejo-portugues\/","title":{"rendered":"Uptown ring in white gold with diamonds | Portuguese tile"},"content":{"rendered":"","protected":false},"excerpt":{"rendered":"<p>Inspired by the tile designs of the most beautiful streets of Portugal. The Uptown Ring in white gold with diamonds from the Azulejo Portugu\u00eas collection is a delicate piece, full of detail. A modern jewel to make you stand out.<\/p>","protected":false},"featured_media":8581,"template":"","meta":{"_acf_changed":false},"product_brand":[],"product_cat":[82,365,79,127],"product_tag":[275,278,272],"class_list":{"0":"post-8526","1":"product","2":"type-product","3":"status-publish","4":"has-post-thumbnail","6":"product_cat-aneis","7":"product_cat-azulejo-portugues-joalharia","8":"product_cat-joalharia","9":"product_cat-presentes-entre-5000e-a-10000e","10":"product_tag-diamantes","11":"product_tag-mulher","12":"product_tag-ouro-branco","14":"first","15":"instock","16":"shipping-taxable","17":"purchasable","18":"product-type-variable"},"acf":[],"yoast_head":"<!-- This site is optimized with the Yoast SEO plugin v25.4 - https:\/\/yoast.com\/wordpress\/plugins\/seo\/ -->\n<title>Anel azulejo portugu\u00eas em ouro branco e diamantes<\/title>\n<meta name=\"description\" content=\"O Anel Uptown em ouro branco com diamantes da cole\u00e7\u00e3o Azulejo Portugu\u00eas \u00e9 uma pe\u00e7a delicada, cheia de pormenor. Uma joia moderna para que se destacar.\" \/>\n<meta name=\"robots\" content=\"index, follow, max-snippet:-1, max-image-preview:large, max-video-preview:-1\" \/>\n<link rel=\"canonical\" href=\"https:\/\/www.leitao-irmao.com\/en\/product\/anel-uptown-em-ouro-branco-com-diamantes-azulejo-portugues\/\" \/>\n<meta property=\"og:locale\" content=\"en_GB\" \/>\n<meta property=\"og:type\" content=\"article\" \/>\n<meta property=\"og:title\" content=\"Anel azulejo portugu\u00eas em ouro branco e diamantes\" \/>\n<meta property=\"og:description\" content=\"O Anel Uptown em ouro branco com diamantes da cole\u00e7\u00e3o Azulejo Portugu\u00eas \u00e9 uma pe\u00e7a delicada, cheia de pormenor. Uma joia moderna para que se destacar.\" \/>\n<meta property=\"og:url\" content=\"https:\/\/www.leitao-irmao.com\/en\/product\/anel-uptown-em-ouro-branco-com-diamantes-azulejo-portugues\/\" \/>\n<meta property=\"og:site_name\" content=\"Leit\u00e3o &amp; Irm\u00e3o\" \/>\n<meta property=\"article:modified_time\" content=\"2026-04-08T14:45:57+00:00\" \/>\n<meta property=\"og:image\" content=\"https:\/\/www.leitao-irmao.com\/wp-content\/uploads\/2023\/06\/0206701.jpg\" \/>\n\t<meta property=\"og:image:width\" content=\"1080\" \/>\n\t<meta property=\"og:image:height\" content=\"1080\" \/>\n\t<meta property=\"og:image:type\" content=\"image\/jpeg\" \/>\n<meta name=\"twitter:card\" content=\"summary_large_image\" \/>\n<meta name=\"twitter:label1\" content=\"Estimated reading time\" \/>\n\t<meta name=\"twitter:data1\" content=\"1 minute\" \/>\n<script type=\"application\/ld+json\" class=\"yoast-schema-graph\">{\"@context\":\"https:\/\/schema.org\",\"@graph\":[{\"@type\":\"WebPage\",\"@id\":\"https:\/\/www.leitao-irmao.com\/product\/anel-uptown-em-ouro-branco-com-diamantes-azulejo-portugues\/\",\"url\":\"https:\/\/www.leitao-irmao.com\/product\/anel-uptown-em-ouro-branco-com-diamantes-azulejo-portugues\/\",\"name\":\"Anel azulejo portugu\u00eas em ouro branco e diamantes\",\"isPartOf\":{\"@id\":\"https:\/\/www.leitao-irmao.com\/#website\"},\"primaryImageOfPage\":{\"@id\":\"https:\/\/www.leitao-irmao.com\/product\/anel-uptown-em-ouro-branco-com-diamantes-azulejo-portugues\/#primaryimage\"},\"image\":{\"@id\":\"https:\/\/www.leitao-irmao.com\/product\/anel-uptown-em-ouro-branco-com-diamantes-azulejo-portugues\/#primaryimage\"},\"thumbnailUrl\":\"https:\/\/www.leitao-irmao.com\/wp-content\/uploads\/2023\/06\/0206701.jpg\",\"datePublished\":\"2023-06-08T17:24:48+00:00\",\"dateModified\":\"2026-04-08T14:45:57+00:00\",\"description\":\"O Anel Uptown em ouro branco com diamantes da cole\u00e7\u00e3o Azulejo Portugu\u00eas \u00e9 uma pe\u00e7a delicada, cheia de pormenor. Uma joia moderna para que se destacar.\",\"breadcrumb\":{\"@id\":\"https:\/\/www.leitao-irmao.com\/product\/anel-uptown-em-ouro-branco-com-diamantes-azulejo-portugues\/#breadcrumb\"},\"inLanguage\":\"en-GB\",\"potentialAction\":[{\"@type\":\"ReadAction\",\"target\":[\"https:\/\/www.leitao-irmao.com\/product\/anel-uptown-em-ouro-branco-com-diamantes-azulejo-portugues\/\"]}]},{\"@type\":\"ImageObject\",\"inLanguage\":\"en-GB\",\"@id\":\"https:\/\/www.leitao-irmao.com\/product\/anel-uptown-em-ouro-branco-com-diamantes-azulejo-portugues\/#primaryimage\",\"url\":\"https:\/\/www.leitao-irmao.com\/wp-content\/uploads\/2023\/06\/0206701.jpg\",\"contentUrl\":\"https:\/\/www.leitao-irmao.com\/wp-content\/uploads\/2023\/06\/0206701.jpg\",\"width\":1080,\"height\":1080},{\"@type\":\"BreadcrumbList\",\"@id\":\"https:\/\/www.leitao-irmao.com\/product\/anel-uptown-em-ouro-branco-com-diamantes-azulejo-portugues\/#breadcrumb\",\"itemListElement\":[{\"@type\":\"ListItem\",\"position\":1,\"name\":\"Home\",\"item\":\"https:\/\/www.leitao-irmao.com\/\"},{\"@type\":\"ListItem\",\"position\":2,\"name\":\"Products\",\"item\":\"https:\/\/www.leitao-irmao.com\/shop\/\"},{\"@type\":\"ListItem\",\"position\":3,\"name\":\"Anel Uptown em ouro branco com diamantes | Azulejo Portugu\u00eas\"}]},{\"@type\":\"WebSite\",\"@id\":\"https:\/\/www.leitao-irmao.com\/#website\",\"url\":\"https:\/\/www.leitao-irmao.com\/\",\"name\":\"Leit\u00e3o & Irm\u00e3o\",\"description\":\"Joalheiros desde 1822\",\"publisher\":{\"@id\":\"https:\/\/www.leitao-irmao.com\/#organization\"},\"potentialAction\":[{\"@type\":\"SearchAction\",\"target\":{\"@type\":\"EntryPoint\",\"urlTemplate\":\"https:\/\/www.leitao-irmao.com\/?s={search_term_string}\"},\"query-input\":{\"@type\":\"PropertyValueSpecification\",\"valueRequired\":true,\"valueName\":\"search_term_string\"}}],\"inLanguage\":\"en-GB\"},{\"@type\":\"Organization\",\"@id\":\"https:\/\/www.leitao-irmao.com\/#organization\",\"name\":\"Leit\u00e3o & Irm\u00e3o\",\"url\":\"https:\/\/www.leitao-irmao.com\/\",\"logo\":{\"@type\":\"ImageObject\",\"inLanguage\":\"en-GB\",\"@id\":\"https:\/\/www.leitao-irmao.com\/#\/schema\/logo\/image\/\",\"url\":\"https:\/\/www.leitao-irmao.com\/wp-content\/uploads\/2022\/11\/leitaoirmao-logo.png\",\"contentUrl\":\"https:\/\/www.leitao-irmao.com\/wp-content\/uploads\/2022\/11\/leitaoirmao-logo.png\",\"width\":426,\"height\":89,\"caption\":\"Leit\u00e3o & Irm\u00e3o\"},\"image\":{\"@id\":\"https:\/\/www.leitao-irmao.com\/#\/schema\/logo\/image\/\"}}]}<\/script>\n<!-- \/ Yoast SEO plugin. -->","yoast_head_json":{"title":"Anel azulejo portugu\u00eas em ouro branco e diamantes","description":"O Anel Uptown em ouro branco com diamantes da cole\u00e7\u00e3o Azulejo Portugu\u00eas \u00e9 uma pe\u00e7a delicada, cheia de pormenor. Uma joia moderna para que se destacar.","robots":{"index":"index","follow":"follow","max-snippet":"max-snippet:-1","max-image-preview":"max-image-preview:large","max-video-preview":"max-video-preview:-1"},"canonical":"https:\/\/www.leitao-irmao.com\/en\/product\/anel-uptown-em-ouro-branco-com-diamantes-azulejo-portugues\/","og_locale":"en_GB","og_type":"article","og_title":"Anel azulejo portugu\u00eas em ouro branco e diamantes","og_description":"O Anel Uptown em ouro branco com diamantes da cole\u00e7\u00e3o Azulejo Portugu\u00eas \u00e9 uma pe\u00e7a delicada, cheia de pormenor. Uma joia moderna para que se destacar.","og_url":"https:\/\/www.leitao-irmao.com\/en\/product\/anel-uptown-em-ouro-branco-com-diamantes-azulejo-portugues\/","og_site_name":"Leit\u00e3o &amp; Irm\u00e3o","article_modified_time":"2026-04-08T14:45:57+00:00","og_image":[{"width":1080,"height":1080,"url":"https:\/\/www.leitao-irmao.com\/wp-content\/uploads\/2023\/06\/0206701.jpg","type":"image\/jpeg"}],"twitter_card":"summary_large_image","twitter_misc":{"Estimated reading time":"1 minute"},"schema":{"@context":"https:\/\/schema.org","@graph":[{"@type":"WebPage","@id":"https:\/\/www.leitao-irmao.com\/product\/anel-uptown-em-ouro-branco-com-diamantes-azulejo-portugues\/","url":"https:\/\/www.leitao-irmao.com\/product\/anel-uptown-em-ouro-branco-com-diamantes-azulejo-portugues\/","name":"Anel azulejo portugu\u00eas em ouro branco e diamantes","isPartOf":{"@id":"https:\/\/www.leitao-irmao.com\/#website"},"primaryImageOfPage":{"@id":"https:\/\/www.leitao-irmao.com\/product\/anel-uptown-em-ouro-branco-com-diamantes-azulejo-portugues\/#primaryimage"},"image":{"@id":"https:\/\/www.leitao-irmao.com\/product\/anel-uptown-em-ouro-branco-com-diamantes-azulejo-portugues\/#primaryimage"},"thumbnailUrl":"https:\/\/www.leitao-irmao.com\/wp-content\/uploads\/2023\/06\/0206701.jpg","datePublished":"2023-06-08T17:24:48+00:00","dateModified":"2026-04-08T14:45:57+00:00","description":"O Anel Uptown em ouro branco com diamantes da cole\u00e7\u00e3o Azulejo Portugu\u00eas \u00e9 uma pe\u00e7a delicada, cheia de pormenor. Uma joia moderna para que se destacar.","breadcrumb":{"@id":"https:\/\/www.leitao-irmao.com\/product\/anel-uptown-em-ouro-branco-com-diamantes-azulejo-portugues\/#breadcrumb"},"inLanguage":"en-GB","potentialAction":[{"@type":"ReadAction","target":["https:\/\/www.leitao-irmao.com\/product\/anel-uptown-em-ouro-branco-com-diamantes-azulejo-portugues\/"]}]},{"@type":"ImageObject","inLanguage":"en-GB","@id":"https:\/\/www.leitao-irmao.com\/product\/anel-uptown-em-ouro-branco-com-diamantes-azulejo-portugues\/#primaryimage","url":"https:\/\/www.leitao-irmao.com\/wp-content\/uploads\/2023\/06\/0206701.jpg","contentUrl":"https:\/\/www.leitao-irmao.com\/wp-content\/uploads\/2023\/06\/0206701.jpg","width":1080,"height":1080},{"@type":"BreadcrumbList","@id":"https:\/\/www.leitao-irmao.com\/product\/anel-uptown-em-ouro-branco-com-diamantes-azulejo-portugues\/#breadcrumb","itemListElement":[{"@type":"ListItem","position":1,"name":"Home","item":"https:\/\/www.leitao-irmao.com\/"},{"@type":"ListItem","position":2,"name":"Products","item":"https:\/\/www.leitao-irmao.com\/shop\/"},{"@type":"ListItem","position":3,"name":"Anel Uptown em ouro branco com diamantes | Azulejo Portugu\u00eas"}]},{"@type":"WebSite","@id":"https:\/\/www.leitao-irmao.com\/#website","url":"https:\/\/www.leitao-irmao.com\/","name":"Leit\u00e3o & Irm\u00e3o","description":"Joalheiros desde 1822","publisher":{"@id":"https:\/\/www.leitao-irmao.com\/#organization"},"potentialAction":[{"@type":"SearchAction","target":{"@type":"EntryPoint","urlTemplate":"https:\/\/www.leitao-irmao.com\/?s={search_term_string}"},"query-input":{"@type":"PropertyValueSpecification","valueRequired":true,"valueName":"search_term_string"}}],"inLanguage":"en-GB"},{"@type":"Organization","@id":"https:\/\/www.leitao-irmao.com\/#organization","name":"Leit\u00e3o & Irm\u00e3o","url":"https:\/\/www.leitao-irmao.com\/","logo":{"@type":"ImageObject","inLanguage":"en-GB","@id":"https:\/\/www.leitao-irmao.com\/#\/schema\/logo\/image\/","url":"https:\/\/www.leitao-irmao.com\/wp-content\/uploads\/2022\/11\/leitaoirmao-logo.png","contentUrl":"https:\/\/www.leitao-irmao.com\/wp-content\/uploads\/2022\/11\/leitaoirmao-logo.png","width":426,"height":89,"caption":"Leit\u00e3o & Irm\u00e3o"},"image":{"@id":"https:\/\/www.leitao-irmao.com\/#\/schema\/logo\/image\/"}}]}},"_links":{"self":[{"href":"https:\/\/www.leitao-irmao.com\/en\/wp-json\/wp\/v2\/product\/8526","targetHints":{"allow":["GET"]}}],"collection":[{"href":"https:\/\/www.leitao-irmao.com\/en\/wp-json\/wp\/v2\/product"}],"about":[{"href":"https:\/\/www.leitao-irmao.com\/en\/wp-json\/wp\/v2\/types\/product"}],"version-history":[{"count":1,"href":"https:\/\/www.leitao-irmao.com\/en\/wp-json\/wp\/v2\/product\/8526\/revisions"}],"predecessor-version":[{"id":37859,"href":"https:\/\/www.leitao-irmao.com\/en\/wp-json\/wp\/v2\/product\/8526\/revisions\/37859"}],"wp:featuredmedia":[{"embeddable":true,"href":"https:\/\/www.leitao-irmao.com\/en\/wp-json\/wp\/v2\/media\/8581"}],"wp:attachment":[{"href":"https:\/\/www.leitao-irmao.com\/en\/wp-json\/wp\/v2\/media?parent=8526"}],"wp:term":[{"taxonomy":"product_brand","embeddable":true,"href":"https:\/\/www.leitao-irmao.com\/en\/wp-json\/wp\/v2\/product_brand?post=8526"},{"taxonomy":"product_cat","embeddable":true,"href":"https:\/\/www.leitao-irmao.com\/en\/wp-json\/wp\/v2\/product_cat?post=8526"},{"taxonomy":"product_tag","embeddable":true,"href":"https:\/\/www.leitao-irmao.com\/en\/wp-json\/wp\/v2\/product_tag?post=8526"}],"curies":[{"name":"wp","href":"https:\/\/api.w.org\/{rel}","templated":true}]}}