{"id":9139,"date":"2023-06-11T11:17:38","date_gmt":"2023-06-11T11:17:38","guid":{"rendered":"https:\/\/leitao-irmao.ad-pulse.com\/?post_type=product&#038;p=9139"},"modified":"2026-02-12T17:07:59","modified_gmt":"2026-02-12T17:07:59","slug":"anel-triple-diamond-thunder-em-ouro-amarelo-e-diamantes-by-debora-montenegro","status":"publish","type":"product","link":"https:\/\/www.leitao-irmao.com\/en\/product\/anel-triple-diamond-thunder-em-ouro-amarelo-e-diamantes-by-debora-montenegro\/","title":{"rendered":"Triple Diamond Thunder ring in yellow gold and diamonds by D\u00e9bora Montenegro"},"content":{"rendered":"","protected":false},"excerpt":{"rendered":"<p>The Triple Diamond Thunder ring is designed to be worn on the knuckle of the finger. Filled with 40 diamonds, it is the ideal, discreet and modern jewel to wear on a daily basis.<\/p>\n<p>This jewel belongs to the D\u00e9bora Montenegro x Leit\u00e3o &amp; Irm\u00e3o <a href=\"https:\/\/www.leitao-irmao.com\/en\/colecoes\/find-your-star-by-debora-montenegro\/\"><em>D\u00e9bora Montenegro x Leit\u00e3o &amp; Irm\u00e3o<\/em><\/a><\/p>","protected":false},"featured_media":9989,"template":"","meta":{"_acf_changed":false},"product_brand":[],"product_cat":[82,224,79,141,125,496],"product_tag":[275,278,271],"class_list":{"0":"post-9139","1":"product","2":"type-product","3":"status-publish","4":"has-post-thumbnail","6":"product_cat-aneis","7":"product_cat-find-your-star-by-debora-montenegro","8":"product_cat-joalharia","9":"product_cat-para-ela","10":"product_cat-presentes-entre-1000e-a-2500e","11":"product_cat-sem-desconto","12":"product_tag-diamantes","13":"product_tag-mulher","14":"product_tag-ouro","16":"first","17":"instock","18":"shipping-taxable","19":"purchasable","20":"product-type-variable"},"acf":[],"yoast_head":"<!-- This site is optimized with the Yoast SEO plugin v25.4 - https:\/\/yoast.com\/wordpress\/plugins\/seo\/ -->\n<title>Anel Triple Diamond Thunder em ouro amarelo e diamantes by D\u00e9bora Montenegro | Leit\u00e3o &amp; Irm\u00e3o<\/title>\n<meta name=\"description\" content=\"O anel Triple Diamond Thunder foi idealizado para utilizar no n\u00f3 do dedo. Com 40 diamantes \u00e9 a joia ideal, discreta e moderna para utilizar no dia-a-dia.\" \/>\n<meta name=\"robots\" content=\"index, follow, max-snippet:-1, max-image-preview:large, max-video-preview:-1\" \/>\n<link rel=\"canonical\" href=\"https:\/\/www.leitao-irmao.com\/en\/product\/anel-triple-diamond-thunder-em-ouro-amarelo-e-diamantes-by-debora-montenegro\/\" \/>\n<meta property=\"og:locale\" content=\"en_GB\" \/>\n<meta property=\"og:type\" content=\"article\" \/>\n<meta property=\"og:title\" content=\"Anel Triple Diamond Thunder em ouro amarelo e diamantes by D\u00e9bora Montenegro | Leit\u00e3o &amp; Irm\u00e3o\" \/>\n<meta property=\"og:description\" content=\"O anel Triple Diamond Thunder foi idealizado para utilizar no n\u00f3 do dedo. Com 40 diamantes \u00e9 a joia ideal, discreta e moderna para utilizar no dia-a-dia.\" \/>\n<meta property=\"og:url\" content=\"https:\/\/www.leitao-irmao.com\/en\/product\/anel-triple-diamond-thunder-em-ouro-amarelo-e-diamantes-by-debora-montenegro\/\" \/>\n<meta property=\"og:site_name\" content=\"Leit\u00e3o &amp; Irm\u00e3o\" \/>\n<meta property=\"article:modified_time\" content=\"2026-02-12T17:07:59+00:00\" \/>\n<meta property=\"og:image\" content=\"https:\/\/www.leitao-irmao.com\/wp-content\/uploads\/2023\/06\/0206696.jpg\" \/>\n\t<meta property=\"og:image:width\" content=\"520\" \/>\n\t<meta property=\"og:image:height\" content=\"520\" \/>\n\t<meta property=\"og:image:type\" content=\"image\/jpeg\" \/>\n<meta name=\"twitter:card\" content=\"summary_large_image\" \/>\n<meta name=\"twitter:label1\" content=\"Estimated reading time\" \/>\n\t<meta name=\"twitter:data1\" content=\"1 minute\" \/>\n<script type=\"application\/ld+json\" class=\"yoast-schema-graph\">{\"@context\":\"https:\/\/schema.org\",\"@graph\":[{\"@type\":\"WebPage\",\"@id\":\"https:\/\/www.leitao-irmao.com\/product\/anel-triple-diamond-thunder-em-ouro-amarelo-e-diamantes-by-debora-montenegro\/\",\"url\":\"https:\/\/www.leitao-irmao.com\/product\/anel-triple-diamond-thunder-em-ouro-amarelo-e-diamantes-by-debora-montenegro\/\",\"name\":\"Anel Triple Diamond Thunder em ouro amarelo e diamantes by D\u00e9bora Montenegro | Leit\u00e3o &amp; Irm\u00e3o\",\"isPartOf\":{\"@id\":\"https:\/\/www.leitao-irmao.com\/#website\"},\"primaryImageOfPage\":{\"@id\":\"https:\/\/www.leitao-irmao.com\/product\/anel-triple-diamond-thunder-em-ouro-amarelo-e-diamantes-by-debora-montenegro\/#primaryimage\"},\"image\":{\"@id\":\"https:\/\/www.leitao-irmao.com\/product\/anel-triple-diamond-thunder-em-ouro-amarelo-e-diamantes-by-debora-montenegro\/#primaryimage\"},\"thumbnailUrl\":\"https:\/\/www.leitao-irmao.com\/wp-content\/uploads\/2023\/06\/0206696.jpg\",\"datePublished\":\"2023-06-11T11:17:38+00:00\",\"dateModified\":\"2026-02-12T17:07:59+00:00\",\"description\":\"O anel Triple Diamond Thunder foi idealizado para utilizar no n\u00f3 do dedo. Com 40 diamantes \u00e9 a joia ideal, discreta e moderna para utilizar no dia-a-dia.\",\"breadcrumb\":{\"@id\":\"https:\/\/www.leitao-irmao.com\/product\/anel-triple-diamond-thunder-em-ouro-amarelo-e-diamantes-by-debora-montenegro\/#breadcrumb\"},\"inLanguage\":\"en-GB\",\"potentialAction\":[{\"@type\":\"ReadAction\",\"target\":[\"https:\/\/www.leitao-irmao.com\/product\/anel-triple-diamond-thunder-em-ouro-amarelo-e-diamantes-by-debora-montenegro\/\"]}]},{\"@type\":\"ImageObject\",\"inLanguage\":\"en-GB\",\"@id\":\"https:\/\/www.leitao-irmao.com\/product\/anel-triple-diamond-thunder-em-ouro-amarelo-e-diamantes-by-debora-montenegro\/#primaryimage\",\"url\":\"https:\/\/www.leitao-irmao.com\/wp-content\/uploads\/2023\/06\/0206696.jpg\",\"contentUrl\":\"https:\/\/www.leitao-irmao.com\/wp-content\/uploads\/2023\/06\/0206696.jpg\",\"width\":520,\"height\":520},{\"@type\":\"BreadcrumbList\",\"@id\":\"https:\/\/www.leitao-irmao.com\/product\/anel-triple-diamond-thunder-em-ouro-amarelo-e-diamantes-by-debora-montenegro\/#breadcrumb\",\"itemListElement\":[{\"@type\":\"ListItem\",\"position\":1,\"name\":\"Home\",\"item\":\"https:\/\/www.leitao-irmao.com\/\"},{\"@type\":\"ListItem\",\"position\":2,\"name\":\"Products\",\"item\":\"https:\/\/www.leitao-irmao.com\/shop\/\"},{\"@type\":\"ListItem\",\"position\":3,\"name\":\"Anel Triple Diamond Thunder em ouro amarelo e diamantes by D\u00e9bora Montenegro\"}]},{\"@type\":\"WebSite\",\"@id\":\"https:\/\/www.leitao-irmao.com\/#website\",\"url\":\"https:\/\/www.leitao-irmao.com\/\",\"name\":\"Leit\u00e3o & Irm\u00e3o\",\"description\":\"Joalheiros desde 1822\",\"publisher\":{\"@id\":\"https:\/\/www.leitao-irmao.com\/#organization\"},\"potentialAction\":[{\"@type\":\"SearchAction\",\"target\":{\"@type\":\"EntryPoint\",\"urlTemplate\":\"https:\/\/www.leitao-irmao.com\/?s={search_term_string}\"},\"query-input\":{\"@type\":\"PropertyValueSpecification\",\"valueRequired\":true,\"valueName\":\"search_term_string\"}}],\"inLanguage\":\"en-GB\"},{\"@type\":\"Organization\",\"@id\":\"https:\/\/www.leitao-irmao.com\/#organization\",\"name\":\"Leit\u00e3o & Irm\u00e3o\",\"url\":\"https:\/\/www.leitao-irmao.com\/\",\"logo\":{\"@type\":\"ImageObject\",\"inLanguage\":\"en-GB\",\"@id\":\"https:\/\/www.leitao-irmao.com\/#\/schema\/logo\/image\/\",\"url\":\"https:\/\/www.leitao-irmao.com\/wp-content\/uploads\/2022\/11\/leitaoirmao-logo.png\",\"contentUrl\":\"https:\/\/www.leitao-irmao.com\/wp-content\/uploads\/2022\/11\/leitaoirmao-logo.png\",\"width\":426,\"height\":89,\"caption\":\"Leit\u00e3o & Irm\u00e3o\"},\"image\":{\"@id\":\"https:\/\/www.leitao-irmao.com\/#\/schema\/logo\/image\/\"}}]}<\/script>\n<!-- \/ Yoast SEO plugin. -->","yoast_head_json":{"title":"Anel Triple Diamond Thunder em ouro amarelo e diamantes by D\u00e9bora Montenegro | Leit\u00e3o &amp; Irm\u00e3o","description":"O anel Triple Diamond Thunder foi idealizado para utilizar no n\u00f3 do dedo. Com 40 diamantes \u00e9 a joia ideal, discreta e moderna para utilizar no dia-a-dia.","robots":{"index":"index","follow":"follow","max-snippet":"max-snippet:-1","max-image-preview":"max-image-preview:large","max-video-preview":"max-video-preview:-1"},"canonical":"https:\/\/www.leitao-irmao.com\/en\/product\/anel-triple-diamond-thunder-em-ouro-amarelo-e-diamantes-by-debora-montenegro\/","og_locale":"en_GB","og_type":"article","og_title":"Anel Triple Diamond Thunder em ouro amarelo e diamantes by D\u00e9bora Montenegro | Leit\u00e3o &amp; Irm\u00e3o","og_description":"O anel Triple Diamond Thunder foi idealizado para utilizar no n\u00f3 do dedo. Com 40 diamantes \u00e9 a joia ideal, discreta e moderna para utilizar no dia-a-dia.","og_url":"https:\/\/www.leitao-irmao.com\/en\/product\/anel-triple-diamond-thunder-em-ouro-amarelo-e-diamantes-by-debora-montenegro\/","og_site_name":"Leit\u00e3o &amp; Irm\u00e3o","article_modified_time":"2026-02-12T17:07:59+00:00","og_image":[{"width":520,"height":520,"url":"https:\/\/www.leitao-irmao.com\/wp-content\/uploads\/2023\/06\/0206696.jpg","type":"image\/jpeg"}],"twitter_card":"summary_large_image","twitter_misc":{"Estimated reading time":"1 minute"},"schema":{"@context":"https:\/\/schema.org","@graph":[{"@type":"WebPage","@id":"https:\/\/www.leitao-irmao.com\/product\/anel-triple-diamond-thunder-em-ouro-amarelo-e-diamantes-by-debora-montenegro\/","url":"https:\/\/www.leitao-irmao.com\/product\/anel-triple-diamond-thunder-em-ouro-amarelo-e-diamantes-by-debora-montenegro\/","name":"Anel Triple Diamond Thunder em ouro amarelo e diamantes by D\u00e9bora Montenegro | Leit\u00e3o &amp; Irm\u00e3o","isPartOf":{"@id":"https:\/\/www.leitao-irmao.com\/#website"},"primaryImageOfPage":{"@id":"https:\/\/www.leitao-irmao.com\/product\/anel-triple-diamond-thunder-em-ouro-amarelo-e-diamantes-by-debora-montenegro\/#primaryimage"},"image":{"@id":"https:\/\/www.leitao-irmao.com\/product\/anel-triple-diamond-thunder-em-ouro-amarelo-e-diamantes-by-debora-montenegro\/#primaryimage"},"thumbnailUrl":"https:\/\/www.leitao-irmao.com\/wp-content\/uploads\/2023\/06\/0206696.jpg","datePublished":"2023-06-11T11:17:38+00:00","dateModified":"2026-02-12T17:07:59+00:00","description":"O anel Triple Diamond Thunder foi idealizado para utilizar no n\u00f3 do dedo. Com 40 diamantes \u00e9 a joia ideal, discreta e moderna para utilizar no dia-a-dia.","breadcrumb":{"@id":"https:\/\/www.leitao-irmao.com\/product\/anel-triple-diamond-thunder-em-ouro-amarelo-e-diamantes-by-debora-montenegro\/#breadcrumb"},"inLanguage":"en-GB","potentialAction":[{"@type":"ReadAction","target":["https:\/\/www.leitao-irmao.com\/product\/anel-triple-diamond-thunder-em-ouro-amarelo-e-diamantes-by-debora-montenegro\/"]}]},{"@type":"ImageObject","inLanguage":"en-GB","@id":"https:\/\/www.leitao-irmao.com\/product\/anel-triple-diamond-thunder-em-ouro-amarelo-e-diamantes-by-debora-montenegro\/#primaryimage","url":"https:\/\/www.leitao-irmao.com\/wp-content\/uploads\/2023\/06\/0206696.jpg","contentUrl":"https:\/\/www.leitao-irmao.com\/wp-content\/uploads\/2023\/06\/0206696.jpg","width":520,"height":520},{"@type":"BreadcrumbList","@id":"https:\/\/www.leitao-irmao.com\/product\/anel-triple-diamond-thunder-em-ouro-amarelo-e-diamantes-by-debora-montenegro\/#breadcrumb","itemListElement":[{"@type":"ListItem","position":1,"name":"Home","item":"https:\/\/www.leitao-irmao.com\/"},{"@type":"ListItem","position":2,"name":"Products","item":"https:\/\/www.leitao-irmao.com\/shop\/"},{"@type":"ListItem","position":3,"name":"Anel Triple Diamond Thunder em ouro amarelo e diamantes by D\u00e9bora Montenegro"}]},{"@type":"WebSite","@id":"https:\/\/www.leitao-irmao.com\/#website","url":"https:\/\/www.leitao-irmao.com\/","name":"Leit\u00e3o & Irm\u00e3o","description":"Joalheiros desde 1822","publisher":{"@id":"https:\/\/www.leitao-irmao.com\/#organization"},"potentialAction":[{"@type":"SearchAction","target":{"@type":"EntryPoint","urlTemplate":"https:\/\/www.leitao-irmao.com\/?s={search_term_string}"},"query-input":{"@type":"PropertyValueSpecification","valueRequired":true,"valueName":"search_term_string"}}],"inLanguage":"en-GB"},{"@type":"Organization","@id":"https:\/\/www.leitao-irmao.com\/#organization","name":"Leit\u00e3o & Irm\u00e3o","url":"https:\/\/www.leitao-irmao.com\/","logo":{"@type":"ImageObject","inLanguage":"en-GB","@id":"https:\/\/www.leitao-irmao.com\/#\/schema\/logo\/image\/","url":"https:\/\/www.leitao-irmao.com\/wp-content\/uploads\/2022\/11\/leitaoirmao-logo.png","contentUrl":"https:\/\/www.leitao-irmao.com\/wp-content\/uploads\/2022\/11\/leitaoirmao-logo.png","width":426,"height":89,"caption":"Leit\u00e3o & Irm\u00e3o"},"image":{"@id":"https:\/\/www.leitao-irmao.com\/#\/schema\/logo\/image\/"}}]}},"_links":{"self":[{"href":"https:\/\/www.leitao-irmao.com\/en\/wp-json\/wp\/v2\/product\/9139","targetHints":{"allow":["GET"]}}],"collection":[{"href":"https:\/\/www.leitao-irmao.com\/en\/wp-json\/wp\/v2\/product"}],"about":[{"href":"https:\/\/www.leitao-irmao.com\/en\/wp-json\/wp\/v2\/types\/product"}],"version-history":[{"count":0,"href":"https:\/\/www.leitao-irmao.com\/en\/wp-json\/wp\/v2\/product\/9139\/revisions"}],"wp:featuredmedia":[{"embeddable":true,"href":"https:\/\/www.leitao-irmao.com\/en\/wp-json\/wp\/v2\/media\/9989"}],"wp:attachment":[{"href":"https:\/\/www.leitao-irmao.com\/en\/wp-json\/wp\/v2\/media?parent=9139"}],"wp:term":[{"taxonomy":"product_brand","embeddable":true,"href":"https:\/\/www.leitao-irmao.com\/en\/wp-json\/wp\/v2\/product_brand?post=9139"},{"taxonomy":"product_cat","embeddable":true,"href":"https:\/\/www.leitao-irmao.com\/en\/wp-json\/wp\/v2\/product_cat?post=9139"},{"taxonomy":"product_tag","embeddable":true,"href":"https:\/\/www.leitao-irmao.com\/en\/wp-json\/wp\/v2\/product_tag?post=9139"}],"curies":[{"name":"wp","href":"https:\/\/api.w.org\/{rel}","templated":true}]}}