{"id":9179,"date":"2023-06-11T11:17:40","date_gmt":"2023-06-11T11:17:40","guid":{"rendered":"https:\/\/leitao-irmao.ad-pulse.com\/produto\/pulseira-love-by-the-moon\/"},"modified":"2026-02-12T17:12:07","modified_gmt":"2026-02-12T17:12:07","slug":"pulseira-love-by-the-moon-by-debora-montenegro","status":"publish","type":"product","link":"https:\/\/www.leitao-irmao.com\/en\/product\/pulseira-love-by-the-moon-by-debora-montenegro\/","title":{"rendered":"Love by the Moon bracelet by D\u00e9bora Montenegro"},"content":{"rendered":"","protected":false},"excerpt":{"rendered":"<p>The Love By the Moon bracelet, with an innovative adjustable clasp, in yellow gold and 10 diamonds. The essential jewellery for everyday wear. Let yourself be guided by the power of the moon.<\/p>","protected":false},"featured_media":9986,"template":"","meta":{"_acf_changed":false},"product_brand":[],"product_cat":[131,224,79,267,141,135,124,87,496],"product_tag":[275,278,271],"class_list":{"0":"post-9179","1":"product","2":"type-product","3":"status-publish","4":"has-post-thumbnail","6":"product_cat-aniversario-de-18-anos","7":"product_cat-find-your-star-by-debora-montenegro","8":"product_cat-joalharia","9":"product_cat-mais-oferecidos","10":"product_cat-para-ela","11":"product_cat-natal","12":"product_cat-presentes-entre-500e-a-1000e","13":"product_cat-pulseiras","14":"product_cat-sem-desconto","15":"product_tag-diamantes","16":"product_tag-mulher","17":"product_tag-ouro","19":"first","20":"instock","21":"shipping-taxable","22":"purchasable","23":"product-type-simple"},"acf":[],"yoast_head":"<!-- This site is optimized with the Yoast SEO plugin v25.4 - https:\/\/yoast.com\/wordpress\/plugins\/seo\/ -->\n<title>Pulseira Love by the Moon by D\u00e9bora Montenegro | Leit\u00e3o &amp; Irm\u00e3o<\/title>\n<meta name=\"description\" content=\"Com a pulseira Love By the Moon, deixe-se guiar pelo poder da lua. Parte da cole\u00e7\u00e3o desenvolvida pela empreendedora D\u00e9bora Montenegro com a Leit\u00e3o &amp; Irm\u00e3o.\" \/>\n<meta name=\"robots\" content=\"index, follow, max-snippet:-1, max-image-preview:large, max-video-preview:-1\" \/>\n<link rel=\"canonical\" href=\"https:\/\/www.leitao-irmao.com\/en\/product\/pulseira-love-by-the-moon-by-debora-montenegro\/\" \/>\n<meta property=\"og:locale\" content=\"en_GB\" \/>\n<meta property=\"og:type\" content=\"article\" \/>\n<meta property=\"og:title\" content=\"Pulseira Love by the Moon by D\u00e9bora Montenegro | Leit\u00e3o &amp; Irm\u00e3o\" \/>\n<meta property=\"og:description\" content=\"Com a pulseira Love By the Moon, deixe-se guiar pelo poder da lua. Parte da cole\u00e7\u00e3o desenvolvida pela empreendedora D\u00e9bora Montenegro com a Leit\u00e3o &amp; Irm\u00e3o.\" \/>\n<meta property=\"og:url\" content=\"https:\/\/www.leitao-irmao.com\/en\/product\/pulseira-love-by-the-moon-by-debora-montenegro\/\" \/>\n<meta property=\"og:site_name\" content=\"Leit\u00e3o &amp; Irm\u00e3o\" \/>\n<meta property=\"article:modified_time\" content=\"2026-02-12T17:12:07+00:00\" \/>\n<meta property=\"og:image\" content=\"https:\/\/www.leitao-irmao.com\/wp-content\/uploads\/2023\/06\/0209102.jpg\" \/>\n\t<meta property=\"og:image:width\" content=\"520\" \/>\n\t<meta property=\"og:image:height\" content=\"520\" \/>\n\t<meta property=\"og:image:type\" content=\"image\/jpeg\" \/>\n<meta name=\"twitter:card\" content=\"summary_large_image\" \/>\n<meta name=\"twitter:label1\" content=\"Estimated reading time\" \/>\n\t<meta name=\"twitter:data1\" content=\"1 minute\" \/>\n<script type=\"application\/ld+json\" class=\"yoast-schema-graph\">{\"@context\":\"https:\/\/schema.org\",\"@graph\":[{\"@type\":\"WebPage\",\"@id\":\"https:\/\/www.leitao-irmao.com\/product\/pulseira-love-by-the-moon-by-debora-montenegro\/\",\"url\":\"https:\/\/www.leitao-irmao.com\/product\/pulseira-love-by-the-moon-by-debora-montenegro\/\",\"name\":\"Pulseira Love by the Moon by D\u00e9bora Montenegro | Leit\u00e3o &amp; Irm\u00e3o\",\"isPartOf\":{\"@id\":\"https:\/\/www.leitao-irmao.com\/#website\"},\"primaryImageOfPage\":{\"@id\":\"https:\/\/www.leitao-irmao.com\/product\/pulseira-love-by-the-moon-by-debora-montenegro\/#primaryimage\"},\"image\":{\"@id\":\"https:\/\/www.leitao-irmao.com\/product\/pulseira-love-by-the-moon-by-debora-montenegro\/#primaryimage\"},\"thumbnailUrl\":\"https:\/\/www.leitao-irmao.com\/wp-content\/uploads\/2023\/06\/0209102.jpg\",\"datePublished\":\"2023-06-11T11:17:40+00:00\",\"dateModified\":\"2026-02-12T17:12:07+00:00\",\"description\":\"Com a pulseira Love By the Moon, deixe-se guiar pelo poder da lua. Parte da cole\u00e7\u00e3o desenvolvida pela empreendedora D\u00e9bora Montenegro com a Leit\u00e3o & Irm\u00e3o.\",\"breadcrumb\":{\"@id\":\"https:\/\/www.leitao-irmao.com\/product\/pulseira-love-by-the-moon-by-debora-montenegro\/#breadcrumb\"},\"inLanguage\":\"en-GB\",\"potentialAction\":[{\"@type\":\"ReadAction\",\"target\":[\"https:\/\/www.leitao-irmao.com\/product\/pulseira-love-by-the-moon-by-debora-montenegro\/\"]}]},{\"@type\":\"ImageObject\",\"inLanguage\":\"en-GB\",\"@id\":\"https:\/\/www.leitao-irmao.com\/product\/pulseira-love-by-the-moon-by-debora-montenegro\/#primaryimage\",\"url\":\"https:\/\/www.leitao-irmao.com\/wp-content\/uploads\/2023\/06\/0209102.jpg\",\"contentUrl\":\"https:\/\/www.leitao-irmao.com\/wp-content\/uploads\/2023\/06\/0209102.jpg\",\"width\":520,\"height\":520},{\"@type\":\"BreadcrumbList\",\"@id\":\"https:\/\/www.leitao-irmao.com\/product\/pulseira-love-by-the-moon-by-debora-montenegro\/#breadcrumb\",\"itemListElement\":[{\"@type\":\"ListItem\",\"position\":1,\"name\":\"Home\",\"item\":\"https:\/\/www.leitao-irmao.com\/\"},{\"@type\":\"ListItem\",\"position\":2,\"name\":\"Products\",\"item\":\"https:\/\/www.leitao-irmao.com\/shop\/\"},{\"@type\":\"ListItem\",\"position\":3,\"name\":\"Pulseira Love by the Moon by D\u00e9bora Montenegro\"}]},{\"@type\":\"WebSite\",\"@id\":\"https:\/\/www.leitao-irmao.com\/#website\",\"url\":\"https:\/\/www.leitao-irmao.com\/\",\"name\":\"Leit\u00e3o & Irm\u00e3o\",\"description\":\"Joalheiros desde 1822\",\"publisher\":{\"@id\":\"https:\/\/www.leitao-irmao.com\/#organization\"},\"potentialAction\":[{\"@type\":\"SearchAction\",\"target\":{\"@type\":\"EntryPoint\",\"urlTemplate\":\"https:\/\/www.leitao-irmao.com\/?s={search_term_string}\"},\"query-input\":{\"@type\":\"PropertyValueSpecification\",\"valueRequired\":true,\"valueName\":\"search_term_string\"}}],\"inLanguage\":\"en-GB\"},{\"@type\":\"Organization\",\"@id\":\"https:\/\/www.leitao-irmao.com\/#organization\",\"name\":\"Leit\u00e3o & Irm\u00e3o\",\"url\":\"https:\/\/www.leitao-irmao.com\/\",\"logo\":{\"@type\":\"ImageObject\",\"inLanguage\":\"en-GB\",\"@id\":\"https:\/\/www.leitao-irmao.com\/#\/schema\/logo\/image\/\",\"url\":\"https:\/\/www.leitao-irmao.com\/wp-content\/uploads\/2022\/11\/leitaoirmao-logo.png\",\"contentUrl\":\"https:\/\/www.leitao-irmao.com\/wp-content\/uploads\/2022\/11\/leitaoirmao-logo.png\",\"width\":426,\"height\":89,\"caption\":\"Leit\u00e3o & Irm\u00e3o\"},\"image\":{\"@id\":\"https:\/\/www.leitao-irmao.com\/#\/schema\/logo\/image\/\"}}]}<\/script>\n<!-- \/ Yoast SEO plugin. -->","yoast_head_json":{"title":"Pulseira Love by the Moon by D\u00e9bora Montenegro | Leit\u00e3o &amp; Irm\u00e3o","description":"Com a pulseira Love By the Moon, deixe-se guiar pelo poder da lua. Parte da cole\u00e7\u00e3o desenvolvida pela empreendedora D\u00e9bora Montenegro com a Leit\u00e3o & Irm\u00e3o.","robots":{"index":"index","follow":"follow","max-snippet":"max-snippet:-1","max-image-preview":"max-image-preview:large","max-video-preview":"max-video-preview:-1"},"canonical":"https:\/\/www.leitao-irmao.com\/en\/product\/pulseira-love-by-the-moon-by-debora-montenegro\/","og_locale":"en_GB","og_type":"article","og_title":"Pulseira Love by the Moon by D\u00e9bora Montenegro | Leit\u00e3o &amp; Irm\u00e3o","og_description":"Com a pulseira Love By the Moon, deixe-se guiar pelo poder da lua. Parte da cole\u00e7\u00e3o desenvolvida pela empreendedora D\u00e9bora Montenegro com a Leit\u00e3o & Irm\u00e3o.","og_url":"https:\/\/www.leitao-irmao.com\/en\/product\/pulseira-love-by-the-moon-by-debora-montenegro\/","og_site_name":"Leit\u00e3o &amp; Irm\u00e3o","article_modified_time":"2026-02-12T17:12:07+00:00","og_image":[{"width":520,"height":520,"url":"https:\/\/www.leitao-irmao.com\/wp-content\/uploads\/2023\/06\/0209102.jpg","type":"image\/jpeg"}],"twitter_card":"summary_large_image","twitter_misc":{"Estimated reading time":"1 minute"},"schema":{"@context":"https:\/\/schema.org","@graph":[{"@type":"WebPage","@id":"https:\/\/www.leitao-irmao.com\/product\/pulseira-love-by-the-moon-by-debora-montenegro\/","url":"https:\/\/www.leitao-irmao.com\/product\/pulseira-love-by-the-moon-by-debora-montenegro\/","name":"Pulseira Love by the Moon by D\u00e9bora Montenegro | Leit\u00e3o &amp; Irm\u00e3o","isPartOf":{"@id":"https:\/\/www.leitao-irmao.com\/#website"},"primaryImageOfPage":{"@id":"https:\/\/www.leitao-irmao.com\/product\/pulseira-love-by-the-moon-by-debora-montenegro\/#primaryimage"},"image":{"@id":"https:\/\/www.leitao-irmao.com\/product\/pulseira-love-by-the-moon-by-debora-montenegro\/#primaryimage"},"thumbnailUrl":"https:\/\/www.leitao-irmao.com\/wp-content\/uploads\/2023\/06\/0209102.jpg","datePublished":"2023-06-11T11:17:40+00:00","dateModified":"2026-02-12T17:12:07+00:00","description":"Com a pulseira Love By the Moon, deixe-se guiar pelo poder da lua. Parte da cole\u00e7\u00e3o desenvolvida pela empreendedora D\u00e9bora Montenegro com a Leit\u00e3o & Irm\u00e3o.","breadcrumb":{"@id":"https:\/\/www.leitao-irmao.com\/product\/pulseira-love-by-the-moon-by-debora-montenegro\/#breadcrumb"},"inLanguage":"en-GB","potentialAction":[{"@type":"ReadAction","target":["https:\/\/www.leitao-irmao.com\/product\/pulseira-love-by-the-moon-by-debora-montenegro\/"]}]},{"@type":"ImageObject","inLanguage":"en-GB","@id":"https:\/\/www.leitao-irmao.com\/product\/pulseira-love-by-the-moon-by-debora-montenegro\/#primaryimage","url":"https:\/\/www.leitao-irmao.com\/wp-content\/uploads\/2023\/06\/0209102.jpg","contentUrl":"https:\/\/www.leitao-irmao.com\/wp-content\/uploads\/2023\/06\/0209102.jpg","width":520,"height":520},{"@type":"BreadcrumbList","@id":"https:\/\/www.leitao-irmao.com\/product\/pulseira-love-by-the-moon-by-debora-montenegro\/#breadcrumb","itemListElement":[{"@type":"ListItem","position":1,"name":"Home","item":"https:\/\/www.leitao-irmao.com\/"},{"@type":"ListItem","position":2,"name":"Products","item":"https:\/\/www.leitao-irmao.com\/shop\/"},{"@type":"ListItem","position":3,"name":"Pulseira Love by the Moon by D\u00e9bora Montenegro"}]},{"@type":"WebSite","@id":"https:\/\/www.leitao-irmao.com\/#website","url":"https:\/\/www.leitao-irmao.com\/","name":"Leit\u00e3o & Irm\u00e3o","description":"Joalheiros desde 1822","publisher":{"@id":"https:\/\/www.leitao-irmao.com\/#organization"},"potentialAction":[{"@type":"SearchAction","target":{"@type":"EntryPoint","urlTemplate":"https:\/\/www.leitao-irmao.com\/?s={search_term_string}"},"query-input":{"@type":"PropertyValueSpecification","valueRequired":true,"valueName":"search_term_string"}}],"inLanguage":"en-GB"},{"@type":"Organization","@id":"https:\/\/www.leitao-irmao.com\/#organization","name":"Leit\u00e3o & Irm\u00e3o","url":"https:\/\/www.leitao-irmao.com\/","logo":{"@type":"ImageObject","inLanguage":"en-GB","@id":"https:\/\/www.leitao-irmao.com\/#\/schema\/logo\/image\/","url":"https:\/\/www.leitao-irmao.com\/wp-content\/uploads\/2022\/11\/leitaoirmao-logo.png","contentUrl":"https:\/\/www.leitao-irmao.com\/wp-content\/uploads\/2022\/11\/leitaoirmao-logo.png","width":426,"height":89,"caption":"Leit\u00e3o & Irm\u00e3o"},"image":{"@id":"https:\/\/www.leitao-irmao.com\/#\/schema\/logo\/image\/"}}]}},"_links":{"self":[{"href":"https:\/\/www.leitao-irmao.com\/en\/wp-json\/wp\/v2\/product\/9179","targetHints":{"allow":["GET"]}}],"collection":[{"href":"https:\/\/www.leitao-irmao.com\/en\/wp-json\/wp\/v2\/product"}],"about":[{"href":"https:\/\/www.leitao-irmao.com\/en\/wp-json\/wp\/v2\/types\/product"}],"version-history":[{"count":1,"href":"https:\/\/www.leitao-irmao.com\/en\/wp-json\/wp\/v2\/product\/9179\/revisions"}],"predecessor-version":[{"id":33146,"href":"https:\/\/www.leitao-irmao.com\/en\/wp-json\/wp\/v2\/product\/9179\/revisions\/33146"}],"wp:featuredmedia":[{"embeddable":true,"href":"https:\/\/www.leitao-irmao.com\/en\/wp-json\/wp\/v2\/media\/9986"}],"wp:attachment":[{"href":"https:\/\/www.leitao-irmao.com\/en\/wp-json\/wp\/v2\/media?parent=9179"}],"wp:term":[{"taxonomy":"product_brand","embeddable":true,"href":"https:\/\/www.leitao-irmao.com\/en\/wp-json\/wp\/v2\/product_brand?post=9179"},{"taxonomy":"product_cat","embeddable":true,"href":"https:\/\/www.leitao-irmao.com\/en\/wp-json\/wp\/v2\/product_cat?post=9179"},{"taxonomy":"product_tag","embeddable":true,"href":"https:\/\/www.leitao-irmao.com\/en\/wp-json\/wp\/v2\/product_tag?post=9179"}],"curies":[{"name":"wp","href":"https:\/\/api.w.org\/{rel}","templated":true}]}}