{"id":9191,"date":"2023-06-11T11:17:41","date_gmt":"2023-06-11T11:17:41","guid":{"rendered":"https:\/\/leitao-irmao.ad-pulse.com\/produto\/pendente-humanity\/"},"modified":"2026-03-19T11:50:42","modified_gmt":"2026-03-19T11:50:42","slug":"pendente-humanity-em-ouro-diamantes-by-debora-montenegro","status":"publish","type":"product","link":"https:\/\/www.leitao-irmao.com\/en\/product\/pendente-humanity-em-ouro-diamantes-by-debora-montenegro\/","title":{"rendered":"Humanity pendant in gold diamonds by D\u00e9bora Montenegro"},"content":{"rendered":"","protected":false},"excerpt":{"rendered":"<p>A classic with a twist. The Humanity earring pendant in white gold is shaped like a beautiful luminous cross that sparkles through its diamonds.<\/p>\n<p>Humanity pendant to be placed exclusively on the rings from the Find Your Star By D\u00e9bora Montenegro collection.<\/p>\n<p>Combine rings and pendants according to your personality.<\/p>\n<p>&nbsp;<\/p>\n<p>This jewel belongs to the D\u00e9bora Montenegro x Leit\u00e3o &amp; Irm\u00e3o <a href=\"https:\/\/www.leitao-irmao.com\/en\/colecoes\/find-your-star-by-debora-montenegro\/\"><em>D\u00e9bora Montenegro x Leit\u00e3o &amp; Irm\u00e3o<\/em><\/a><\/p>\n<p>&nbsp;<\/p>\n<p><em><strong>Piece sold individually.<\/strong><\/em><\/p>","protected":false},"featured_media":9945,"template":"","meta":{"_acf_changed":false},"product_brand":[],"product_cat":[131,224,79,267,86,124,496],"product_tag":[275,278,272],"class_list":{"0":"post-9191","1":"product","2":"type-product","3":"status-publish","4":"has-post-thumbnail","6":"product_cat-aniversario-de-18-anos","7":"product_cat-find-your-star-by-debora-montenegro","8":"product_cat-joalharia","9":"product_cat-mais-oferecidos","10":"product_cat-pendentes","11":"product_cat-presentes-entre-500e-a-1000e","12":"product_cat-sem-desconto","13":"product_tag-diamantes","14":"product_tag-mulher","15":"product_tag-ouro-branco","17":"first","18":"instock","19":"shipping-taxable","20":"purchasable","21":"product-type-simple"},"acf":[],"yoast_head":"<!-- This site is optimized with the Yoast SEO plugin v25.4 - https:\/\/yoast.com\/wordpress\/plugins\/seo\/ -->\n<title>Pendente Humanity em ouro diamantes by D\u00e9bora Montenegro | Leit\u00e3o &amp; Irm\u00e3o<\/title>\n<meta name=\"description\" content=\"Pendente Humanity da cole\u00e7\u00e3o D\u00e9bora Montenegro x Leit\u00e3o &amp; Irm\u00e3o. Uma verdadeira tempestade de diamantes com design e feito \u00e0 m\u00e3o por joalheiros.\" \/>\n<meta name=\"robots\" content=\"index, follow, max-snippet:-1, max-image-preview:large, max-video-preview:-1\" \/>\n<link rel=\"canonical\" href=\"https:\/\/www.leitao-irmao.com\/en\/product\/pendente-humanity-em-ouro-diamantes-by-debora-montenegro\/\" \/>\n<meta property=\"og:locale\" content=\"en_GB\" \/>\n<meta property=\"og:type\" content=\"article\" \/>\n<meta property=\"og:title\" content=\"Pendente Humanity em ouro diamantes by D\u00e9bora Montenegro | Leit\u00e3o &amp; Irm\u00e3o\" \/>\n<meta property=\"og:description\" content=\"Pendente Humanity da cole\u00e7\u00e3o D\u00e9bora Montenegro x Leit\u00e3o &amp; Irm\u00e3o. Uma verdadeira tempestade de diamantes com design e feito \u00e0 m\u00e3o por joalheiros.\" \/>\n<meta property=\"og:url\" content=\"https:\/\/www.leitao-irmao.com\/en\/product\/pendente-humanity-em-ouro-diamantes-by-debora-montenegro\/\" \/>\n<meta property=\"og:site_name\" content=\"Leit\u00e3o &amp; Irm\u00e3o\" \/>\n<meta property=\"article:modified_time\" content=\"2026-03-19T11:50:42+00:00\" \/>\n<meta property=\"og:image\" content=\"https:\/\/www.leitao-irmao.com\/wp-content\/uploads\/2023\/06\/pendente-humanity-0210269.jpg\" \/>\n\t<meta property=\"og:image:width\" content=\"1080\" \/>\n\t<meta property=\"og:image:height\" content=\"1080\" \/>\n\t<meta property=\"og:image:type\" content=\"image\/jpeg\" \/>\n<meta name=\"twitter:card\" content=\"summary_large_image\" \/>\n<meta name=\"twitter:label1\" content=\"Estimated reading time\" \/>\n\t<meta name=\"twitter:data1\" content=\"1 minute\" \/>\n<script type=\"application\/ld+json\" class=\"yoast-schema-graph\">{\"@context\":\"https:\/\/schema.org\",\"@graph\":[{\"@type\":\"WebPage\",\"@id\":\"https:\/\/www.leitao-irmao.com\/product\/pendente-humanity-em-ouro-diamantes-by-debora-montenegro\/\",\"url\":\"https:\/\/www.leitao-irmao.com\/product\/pendente-humanity-em-ouro-diamantes-by-debora-montenegro\/\",\"name\":\"Pendente Humanity em ouro diamantes by D\u00e9bora Montenegro | Leit\u00e3o &amp; Irm\u00e3o\",\"isPartOf\":{\"@id\":\"https:\/\/www.leitao-irmao.com\/#website\"},\"primaryImageOfPage\":{\"@id\":\"https:\/\/www.leitao-irmao.com\/product\/pendente-humanity-em-ouro-diamantes-by-debora-montenegro\/#primaryimage\"},\"image\":{\"@id\":\"https:\/\/www.leitao-irmao.com\/product\/pendente-humanity-em-ouro-diamantes-by-debora-montenegro\/#primaryimage\"},\"thumbnailUrl\":\"https:\/\/www.leitao-irmao.com\/wp-content\/uploads\/2023\/06\/pendente-humanity-0210269.jpg\",\"datePublished\":\"2023-06-11T11:17:41+00:00\",\"dateModified\":\"2026-03-19T11:50:42+00:00\",\"description\":\"Pendente Humanity da cole\u00e7\u00e3o D\u00e9bora Montenegro x Leit\u00e3o & Irm\u00e3o. Uma verdadeira tempestade de diamantes com design e feito \u00e0 m\u00e3o por joalheiros.\",\"breadcrumb\":{\"@id\":\"https:\/\/www.leitao-irmao.com\/product\/pendente-humanity-em-ouro-diamantes-by-debora-montenegro\/#breadcrumb\"},\"inLanguage\":\"en-GB\",\"potentialAction\":[{\"@type\":\"ReadAction\",\"target\":[\"https:\/\/www.leitao-irmao.com\/product\/pendente-humanity-em-ouro-diamantes-by-debora-montenegro\/\"]}]},{\"@type\":\"ImageObject\",\"inLanguage\":\"en-GB\",\"@id\":\"https:\/\/www.leitao-irmao.com\/product\/pendente-humanity-em-ouro-diamantes-by-debora-montenegro\/#primaryimage\",\"url\":\"https:\/\/www.leitao-irmao.com\/wp-content\/uploads\/2023\/06\/pendente-humanity-0210269.jpg\",\"contentUrl\":\"https:\/\/www.leitao-irmao.com\/wp-content\/uploads\/2023\/06\/pendente-humanity-0210269.jpg\",\"width\":1080,\"height\":1080},{\"@type\":\"BreadcrumbList\",\"@id\":\"https:\/\/www.leitao-irmao.com\/product\/pendente-humanity-em-ouro-diamantes-by-debora-montenegro\/#breadcrumb\",\"itemListElement\":[{\"@type\":\"ListItem\",\"position\":1,\"name\":\"Home\",\"item\":\"https:\/\/www.leitao-irmao.com\/\"},{\"@type\":\"ListItem\",\"position\":2,\"name\":\"Products\",\"item\":\"https:\/\/www.leitao-irmao.com\/shop\/\"},{\"@type\":\"ListItem\",\"position\":3,\"name\":\"Pendente Humanity em ouro diamantes by D\u00e9bora Montenegro\"}]},{\"@type\":\"WebSite\",\"@id\":\"https:\/\/www.leitao-irmao.com\/#website\",\"url\":\"https:\/\/www.leitao-irmao.com\/\",\"name\":\"Leit\u00e3o & Irm\u00e3o\",\"description\":\"Joalheiros desde 1822\",\"publisher\":{\"@id\":\"https:\/\/www.leitao-irmao.com\/#organization\"},\"potentialAction\":[{\"@type\":\"SearchAction\",\"target\":{\"@type\":\"EntryPoint\",\"urlTemplate\":\"https:\/\/www.leitao-irmao.com\/?s={search_term_string}\"},\"query-input\":{\"@type\":\"PropertyValueSpecification\",\"valueRequired\":true,\"valueName\":\"search_term_string\"}}],\"inLanguage\":\"en-GB\"},{\"@type\":\"Organization\",\"@id\":\"https:\/\/www.leitao-irmao.com\/#organization\",\"name\":\"Leit\u00e3o & Irm\u00e3o\",\"url\":\"https:\/\/www.leitao-irmao.com\/\",\"logo\":{\"@type\":\"ImageObject\",\"inLanguage\":\"en-GB\",\"@id\":\"https:\/\/www.leitao-irmao.com\/#\/schema\/logo\/image\/\",\"url\":\"https:\/\/www.leitao-irmao.com\/wp-content\/uploads\/2022\/11\/leitaoirmao-logo.png\",\"contentUrl\":\"https:\/\/www.leitao-irmao.com\/wp-content\/uploads\/2022\/11\/leitaoirmao-logo.png\",\"width\":426,\"height\":89,\"caption\":\"Leit\u00e3o & Irm\u00e3o\"},\"image\":{\"@id\":\"https:\/\/www.leitao-irmao.com\/#\/schema\/logo\/image\/\"}}]}<\/script>\n<!-- \/ Yoast SEO plugin. -->","yoast_head_json":{"title":"Pendente Humanity em ouro diamantes by D\u00e9bora Montenegro | Leit\u00e3o &amp; Irm\u00e3o","description":"Pendente Humanity da cole\u00e7\u00e3o D\u00e9bora Montenegro x Leit\u00e3o & Irm\u00e3o. Uma verdadeira tempestade de diamantes com design e feito \u00e0 m\u00e3o por joalheiros.","robots":{"index":"index","follow":"follow","max-snippet":"max-snippet:-1","max-image-preview":"max-image-preview:large","max-video-preview":"max-video-preview:-1"},"canonical":"https:\/\/www.leitao-irmao.com\/en\/product\/pendente-humanity-em-ouro-diamantes-by-debora-montenegro\/","og_locale":"en_GB","og_type":"article","og_title":"Pendente Humanity em ouro diamantes by D\u00e9bora Montenegro | Leit\u00e3o &amp; Irm\u00e3o","og_description":"Pendente Humanity da cole\u00e7\u00e3o D\u00e9bora Montenegro x Leit\u00e3o & Irm\u00e3o. Uma verdadeira tempestade de diamantes com design e feito \u00e0 m\u00e3o por joalheiros.","og_url":"https:\/\/www.leitao-irmao.com\/en\/product\/pendente-humanity-em-ouro-diamantes-by-debora-montenegro\/","og_site_name":"Leit\u00e3o &amp; Irm\u00e3o","article_modified_time":"2026-03-19T11:50:42+00:00","og_image":[{"width":1080,"height":1080,"url":"https:\/\/www.leitao-irmao.com\/wp-content\/uploads\/2023\/06\/pendente-humanity-0210269.jpg","type":"image\/jpeg"}],"twitter_card":"summary_large_image","twitter_misc":{"Estimated reading time":"1 minute"},"schema":{"@context":"https:\/\/schema.org","@graph":[{"@type":"WebPage","@id":"https:\/\/www.leitao-irmao.com\/product\/pendente-humanity-em-ouro-diamantes-by-debora-montenegro\/","url":"https:\/\/www.leitao-irmao.com\/product\/pendente-humanity-em-ouro-diamantes-by-debora-montenegro\/","name":"Pendente Humanity em ouro diamantes by D\u00e9bora Montenegro | Leit\u00e3o &amp; Irm\u00e3o","isPartOf":{"@id":"https:\/\/www.leitao-irmao.com\/#website"},"primaryImageOfPage":{"@id":"https:\/\/www.leitao-irmao.com\/product\/pendente-humanity-em-ouro-diamantes-by-debora-montenegro\/#primaryimage"},"image":{"@id":"https:\/\/www.leitao-irmao.com\/product\/pendente-humanity-em-ouro-diamantes-by-debora-montenegro\/#primaryimage"},"thumbnailUrl":"https:\/\/www.leitao-irmao.com\/wp-content\/uploads\/2023\/06\/pendente-humanity-0210269.jpg","datePublished":"2023-06-11T11:17:41+00:00","dateModified":"2026-03-19T11:50:42+00:00","description":"Pendente Humanity da cole\u00e7\u00e3o D\u00e9bora Montenegro x Leit\u00e3o & Irm\u00e3o. Uma verdadeira tempestade de diamantes com design e feito \u00e0 m\u00e3o por joalheiros.","breadcrumb":{"@id":"https:\/\/www.leitao-irmao.com\/product\/pendente-humanity-em-ouro-diamantes-by-debora-montenegro\/#breadcrumb"},"inLanguage":"en-GB","potentialAction":[{"@type":"ReadAction","target":["https:\/\/www.leitao-irmao.com\/product\/pendente-humanity-em-ouro-diamantes-by-debora-montenegro\/"]}]},{"@type":"ImageObject","inLanguage":"en-GB","@id":"https:\/\/www.leitao-irmao.com\/product\/pendente-humanity-em-ouro-diamantes-by-debora-montenegro\/#primaryimage","url":"https:\/\/www.leitao-irmao.com\/wp-content\/uploads\/2023\/06\/pendente-humanity-0210269.jpg","contentUrl":"https:\/\/www.leitao-irmao.com\/wp-content\/uploads\/2023\/06\/pendente-humanity-0210269.jpg","width":1080,"height":1080},{"@type":"BreadcrumbList","@id":"https:\/\/www.leitao-irmao.com\/product\/pendente-humanity-em-ouro-diamantes-by-debora-montenegro\/#breadcrumb","itemListElement":[{"@type":"ListItem","position":1,"name":"Home","item":"https:\/\/www.leitao-irmao.com\/"},{"@type":"ListItem","position":2,"name":"Products","item":"https:\/\/www.leitao-irmao.com\/shop\/"},{"@type":"ListItem","position":3,"name":"Pendente Humanity em ouro diamantes by D\u00e9bora Montenegro"}]},{"@type":"WebSite","@id":"https:\/\/www.leitao-irmao.com\/#website","url":"https:\/\/www.leitao-irmao.com\/","name":"Leit\u00e3o & Irm\u00e3o","description":"Joalheiros desde 1822","publisher":{"@id":"https:\/\/www.leitao-irmao.com\/#organization"},"potentialAction":[{"@type":"SearchAction","target":{"@type":"EntryPoint","urlTemplate":"https:\/\/www.leitao-irmao.com\/?s={search_term_string}"},"query-input":{"@type":"PropertyValueSpecification","valueRequired":true,"valueName":"search_term_string"}}],"inLanguage":"en-GB"},{"@type":"Organization","@id":"https:\/\/www.leitao-irmao.com\/#organization","name":"Leit\u00e3o & Irm\u00e3o","url":"https:\/\/www.leitao-irmao.com\/","logo":{"@type":"ImageObject","inLanguage":"en-GB","@id":"https:\/\/www.leitao-irmao.com\/#\/schema\/logo\/image\/","url":"https:\/\/www.leitao-irmao.com\/wp-content\/uploads\/2022\/11\/leitaoirmao-logo.png","contentUrl":"https:\/\/www.leitao-irmao.com\/wp-content\/uploads\/2022\/11\/leitaoirmao-logo.png","width":426,"height":89,"caption":"Leit\u00e3o & Irm\u00e3o"},"image":{"@id":"https:\/\/www.leitao-irmao.com\/#\/schema\/logo\/image\/"}}]}},"_links":{"self":[{"href":"https:\/\/www.leitao-irmao.com\/en\/wp-json\/wp\/v2\/product\/9191","targetHints":{"allow":["GET"]}}],"collection":[{"href":"https:\/\/www.leitao-irmao.com\/en\/wp-json\/wp\/v2\/product"}],"about":[{"href":"https:\/\/www.leitao-irmao.com\/en\/wp-json\/wp\/v2\/types\/product"}],"version-history":[{"count":1,"href":"https:\/\/www.leitao-irmao.com\/en\/wp-json\/wp\/v2\/product\/9191\/revisions"}],"predecessor-version":[{"id":33153,"href":"https:\/\/www.leitao-irmao.com\/en\/wp-json\/wp\/v2\/product\/9191\/revisions\/33153"}],"wp:featuredmedia":[{"embeddable":true,"href":"https:\/\/www.leitao-irmao.com\/en\/wp-json\/wp\/v2\/media\/9945"}],"wp:attachment":[{"href":"https:\/\/www.leitao-irmao.com\/en\/wp-json\/wp\/v2\/media?parent=9191"}],"wp:term":[{"taxonomy":"product_brand","embeddable":true,"href":"https:\/\/www.leitao-irmao.com\/en\/wp-json\/wp\/v2\/product_brand?post=9191"},{"taxonomy":"product_cat","embeddable":true,"href":"https:\/\/www.leitao-irmao.com\/en\/wp-json\/wp\/v2\/product_cat?post=9191"},{"taxonomy":"product_tag","embeddable":true,"href":"https:\/\/www.leitao-irmao.com\/en\/wp-json\/wp\/v2\/product_tag?post=9191"}],"curies":[{"name":"wp","href":"https:\/\/api.w.org\/{rel}","templated":true}]}}