{"id":9249,"date":"2023-06-12T06:25:06","date_gmt":"2023-06-12T06:25:06","guid":{"rendered":"https:\/\/leitao-irmao.ad-pulse.com\/?post_type=product&#038;p=9249"},"modified":"2025-09-09T09:10:23","modified_gmt":"2025-09-09T08:10:23","slug":"anel-em-ouro-amarelo-promessa-de-amor","status":"publish","type":"product","link":"https:\/\/www.leitao-irmao.com\/en\/product\/anel-em-ouro-amarelo-promessa-de-amor\/","title":{"rendered":"Yellow gold ring | Promise of Love"},"content":{"rendered":"","protected":false},"excerpt":{"rendered":"<p>The chiselled stone that supports the stained glass windows of the Monastery of Batalha is the basis for the design of the main motif of the Promessa de Amor ring, carefully cut out by hand in the Leit\u00e3o &amp; Irm\u00e3o workshops. In this ring the stained glass motif is applied on the ring rim. A unique piece for classic and timeless elegance.<\/p>","protected":false},"featured_media":9355,"template":"","meta":{"_acf_changed":false},"product_brand":[],"product_cat":[82,79,125,221],"product_tag":[278,271],"class_list":{"0":"post-9249","1":"product","2":"type-product","3":"status-publish","4":"has-post-thumbnail","6":"product_cat-aneis","7":"product_cat-joalharia","8":"product_cat-presentes-entre-1000e-a-2500e","9":"product_cat-promessa-de-amor","10":"product_tag-mulher","11":"product_tag-ouro","13":"first","14":"outofstock","15":"shipping-taxable","16":"product-type-variable"},"acf":[],"yoast_head":"<!-- This site is optimized with the Yoast SEO plugin v25.4 - https:\/\/yoast.com\/wordpress\/plugins\/seo\/ -->\n<title>Anel promessa de amor<\/title>\n<meta name=\"robots\" content=\"index, follow, max-snippet:-1, max-image-preview:large, max-video-preview:-1\" \/>\n<link rel=\"canonical\" href=\"https:\/\/www.leitao-irmao.com\/en\/product\/anel-em-ouro-amarelo-promessa-de-amor\/\" \/>\n<meta property=\"og:locale\" content=\"en_GB\" \/>\n<meta property=\"og:type\" content=\"article\" \/>\n<meta property=\"og:title\" content=\"Anel promessa de amor\" \/>\n<meta property=\"og:description\" content=\"A pedra cinzelada que sustenta os vitrais do Mosteiro da Batalha \u00e9 a base do desenho do motivo principal do anel Promessa de Amor, cuidadosamente recortado manualmente nas oficinas Leit\u00e3o &amp; Irm\u00e3o. Neste anel o motivo de vitrais \u00e9 aplicado sobre o aro de anel. Uma pe\u00e7a \u00fanica para uma eleg\u00e2ncia cl\u00e1ssica e intemporal.\" \/>\n<meta property=\"og:url\" content=\"https:\/\/www.leitao-irmao.com\/en\/product\/anel-em-ouro-amarelo-promessa-de-amor\/\" \/>\n<meta property=\"og:site_name\" content=\"Leit\u00e3o &amp; Irm\u00e3o\" \/>\n<meta property=\"article:modified_time\" content=\"2025-09-09T08:10:23+00:00\" \/>\n<meta property=\"og:image\" content=\"https:\/\/www.leitao-irmao.com\/wp-content\/uploads\/2023\/06\/0206471.jpg\" \/>\n\t<meta property=\"og:image:width\" content=\"721\" \/>\n\t<meta property=\"og:image:height\" content=\"721\" \/>\n\t<meta property=\"og:image:type\" content=\"image\/jpeg\" \/>\n<meta name=\"twitter:card\" content=\"summary_large_image\" \/>\n<meta name=\"twitter:label1\" content=\"Estimated reading time\" \/>\n\t<meta name=\"twitter:data1\" content=\"1 minute\" \/>\n<script type=\"application\/ld+json\" class=\"yoast-schema-graph\">{\"@context\":\"https:\/\/schema.org\",\"@graph\":[{\"@type\":\"WebPage\",\"@id\":\"https:\/\/www.leitao-irmao.com\/product\/anel-em-ouro-amarelo-promessa-de-amor\/\",\"url\":\"https:\/\/www.leitao-irmao.com\/product\/anel-em-ouro-amarelo-promessa-de-amor\/\",\"name\":\"Anel promessa de amor\",\"isPartOf\":{\"@id\":\"https:\/\/www.leitao-irmao.com\/#website\"},\"primaryImageOfPage\":{\"@id\":\"https:\/\/www.leitao-irmao.com\/product\/anel-em-ouro-amarelo-promessa-de-amor\/#primaryimage\"},\"image\":{\"@id\":\"https:\/\/www.leitao-irmao.com\/product\/anel-em-ouro-amarelo-promessa-de-amor\/#primaryimage\"},\"thumbnailUrl\":\"https:\/\/www.leitao-irmao.com\/wp-content\/uploads\/2023\/06\/0206471.jpg\",\"datePublished\":\"2023-06-12T06:25:06+00:00\",\"dateModified\":\"2025-09-09T08:10:23+00:00\",\"breadcrumb\":{\"@id\":\"https:\/\/www.leitao-irmao.com\/product\/anel-em-ouro-amarelo-promessa-de-amor\/#breadcrumb\"},\"inLanguage\":\"en-GB\",\"potentialAction\":[{\"@type\":\"ReadAction\",\"target\":[\"https:\/\/www.leitao-irmao.com\/product\/anel-em-ouro-amarelo-promessa-de-amor\/\"]}]},{\"@type\":\"ImageObject\",\"inLanguage\":\"en-GB\",\"@id\":\"https:\/\/www.leitao-irmao.com\/product\/anel-em-ouro-amarelo-promessa-de-amor\/#primaryimage\",\"url\":\"https:\/\/www.leitao-irmao.com\/wp-content\/uploads\/2023\/06\/0206471.jpg\",\"contentUrl\":\"https:\/\/www.leitao-irmao.com\/wp-content\/uploads\/2023\/06\/0206471.jpg\",\"width\":721,\"height\":721},{\"@type\":\"BreadcrumbList\",\"@id\":\"https:\/\/www.leitao-irmao.com\/product\/anel-em-ouro-amarelo-promessa-de-amor\/#breadcrumb\",\"itemListElement\":[{\"@type\":\"ListItem\",\"position\":1,\"name\":\"Home\",\"item\":\"https:\/\/www.leitao-irmao.com\/\"},{\"@type\":\"ListItem\",\"position\":2,\"name\":\"Products\",\"item\":\"https:\/\/www.leitao-irmao.com\/shop\/\"},{\"@type\":\"ListItem\",\"position\":3,\"name\":\"Anel em ouro amarelo | Promessa de Amor\"}]},{\"@type\":\"WebSite\",\"@id\":\"https:\/\/www.leitao-irmao.com\/#website\",\"url\":\"https:\/\/www.leitao-irmao.com\/\",\"name\":\"Leit\u00e3o & Irm\u00e3o\",\"description\":\"Joalheiros desde 1822\",\"publisher\":{\"@id\":\"https:\/\/www.leitao-irmao.com\/#organization\"},\"potentialAction\":[{\"@type\":\"SearchAction\",\"target\":{\"@type\":\"EntryPoint\",\"urlTemplate\":\"https:\/\/www.leitao-irmao.com\/?s={search_term_string}\"},\"query-input\":{\"@type\":\"PropertyValueSpecification\",\"valueRequired\":true,\"valueName\":\"search_term_string\"}}],\"inLanguage\":\"en-GB\"},{\"@type\":\"Organization\",\"@id\":\"https:\/\/www.leitao-irmao.com\/#organization\",\"name\":\"Leit\u00e3o & Irm\u00e3o\",\"url\":\"https:\/\/www.leitao-irmao.com\/\",\"logo\":{\"@type\":\"ImageObject\",\"inLanguage\":\"en-GB\",\"@id\":\"https:\/\/www.leitao-irmao.com\/#\/schema\/logo\/image\/\",\"url\":\"https:\/\/www.leitao-irmao.com\/wp-content\/uploads\/2022\/11\/leitaoirmao-logo.png\",\"contentUrl\":\"https:\/\/www.leitao-irmao.com\/wp-content\/uploads\/2022\/11\/leitaoirmao-logo.png\",\"width\":426,\"height\":89,\"caption\":\"Leit\u00e3o & Irm\u00e3o\"},\"image\":{\"@id\":\"https:\/\/www.leitao-irmao.com\/#\/schema\/logo\/image\/\"}}]}<\/script>\n<!-- \/ Yoast SEO plugin. -->","yoast_head_json":{"title":"Anel promessa de amor","robots":{"index":"index","follow":"follow","max-snippet":"max-snippet:-1","max-image-preview":"max-image-preview:large","max-video-preview":"max-video-preview:-1"},"canonical":"https:\/\/www.leitao-irmao.com\/en\/product\/anel-em-ouro-amarelo-promessa-de-amor\/","og_locale":"en_GB","og_type":"article","og_title":"Anel promessa de amor","og_description":"A pedra cinzelada que sustenta os vitrais do Mosteiro da Batalha \u00e9 a base do desenho do motivo principal do anel Promessa de Amor, cuidadosamente recortado manualmente nas oficinas Leit\u00e3o &amp; Irm\u00e3o. Neste anel o motivo de vitrais \u00e9 aplicado sobre o aro de anel. Uma pe\u00e7a \u00fanica para uma eleg\u00e2ncia cl\u00e1ssica e intemporal.","og_url":"https:\/\/www.leitao-irmao.com\/en\/product\/anel-em-ouro-amarelo-promessa-de-amor\/","og_site_name":"Leit\u00e3o &amp; Irm\u00e3o","article_modified_time":"2025-09-09T08:10:23+00:00","og_image":[{"width":721,"height":721,"url":"https:\/\/www.leitao-irmao.com\/wp-content\/uploads\/2023\/06\/0206471.jpg","type":"image\/jpeg"}],"twitter_card":"summary_large_image","twitter_misc":{"Estimated reading time":"1 minute"},"schema":{"@context":"https:\/\/schema.org","@graph":[{"@type":"WebPage","@id":"https:\/\/www.leitao-irmao.com\/product\/anel-em-ouro-amarelo-promessa-de-amor\/","url":"https:\/\/www.leitao-irmao.com\/product\/anel-em-ouro-amarelo-promessa-de-amor\/","name":"Anel promessa de amor","isPartOf":{"@id":"https:\/\/www.leitao-irmao.com\/#website"},"primaryImageOfPage":{"@id":"https:\/\/www.leitao-irmao.com\/product\/anel-em-ouro-amarelo-promessa-de-amor\/#primaryimage"},"image":{"@id":"https:\/\/www.leitao-irmao.com\/product\/anel-em-ouro-amarelo-promessa-de-amor\/#primaryimage"},"thumbnailUrl":"https:\/\/www.leitao-irmao.com\/wp-content\/uploads\/2023\/06\/0206471.jpg","datePublished":"2023-06-12T06:25:06+00:00","dateModified":"2025-09-09T08:10:23+00:00","breadcrumb":{"@id":"https:\/\/www.leitao-irmao.com\/product\/anel-em-ouro-amarelo-promessa-de-amor\/#breadcrumb"},"inLanguage":"en-GB","potentialAction":[{"@type":"ReadAction","target":["https:\/\/www.leitao-irmao.com\/product\/anel-em-ouro-amarelo-promessa-de-amor\/"]}]},{"@type":"ImageObject","inLanguage":"en-GB","@id":"https:\/\/www.leitao-irmao.com\/product\/anel-em-ouro-amarelo-promessa-de-amor\/#primaryimage","url":"https:\/\/www.leitao-irmao.com\/wp-content\/uploads\/2023\/06\/0206471.jpg","contentUrl":"https:\/\/www.leitao-irmao.com\/wp-content\/uploads\/2023\/06\/0206471.jpg","width":721,"height":721},{"@type":"BreadcrumbList","@id":"https:\/\/www.leitao-irmao.com\/product\/anel-em-ouro-amarelo-promessa-de-amor\/#breadcrumb","itemListElement":[{"@type":"ListItem","position":1,"name":"Home","item":"https:\/\/www.leitao-irmao.com\/"},{"@type":"ListItem","position":2,"name":"Products","item":"https:\/\/www.leitao-irmao.com\/shop\/"},{"@type":"ListItem","position":3,"name":"Anel em ouro amarelo | Promessa de Amor"}]},{"@type":"WebSite","@id":"https:\/\/www.leitao-irmao.com\/#website","url":"https:\/\/www.leitao-irmao.com\/","name":"Leit\u00e3o & Irm\u00e3o","description":"Joalheiros desde 1822","publisher":{"@id":"https:\/\/www.leitao-irmao.com\/#organization"},"potentialAction":[{"@type":"SearchAction","target":{"@type":"EntryPoint","urlTemplate":"https:\/\/www.leitao-irmao.com\/?s={search_term_string}"},"query-input":{"@type":"PropertyValueSpecification","valueRequired":true,"valueName":"search_term_string"}}],"inLanguage":"en-GB"},{"@type":"Organization","@id":"https:\/\/www.leitao-irmao.com\/#organization","name":"Leit\u00e3o & Irm\u00e3o","url":"https:\/\/www.leitao-irmao.com\/","logo":{"@type":"ImageObject","inLanguage":"en-GB","@id":"https:\/\/www.leitao-irmao.com\/#\/schema\/logo\/image\/","url":"https:\/\/www.leitao-irmao.com\/wp-content\/uploads\/2022\/11\/leitaoirmao-logo.png","contentUrl":"https:\/\/www.leitao-irmao.com\/wp-content\/uploads\/2022\/11\/leitaoirmao-logo.png","width":426,"height":89,"caption":"Leit\u00e3o & Irm\u00e3o"},"image":{"@id":"https:\/\/www.leitao-irmao.com\/#\/schema\/logo\/image\/"}}]}},"_links":{"self":[{"href":"https:\/\/www.leitao-irmao.com\/en\/wp-json\/wp\/v2\/product\/9249","targetHints":{"allow":["GET"]}}],"collection":[{"href":"https:\/\/www.leitao-irmao.com\/en\/wp-json\/wp\/v2\/product"}],"about":[{"href":"https:\/\/www.leitao-irmao.com\/en\/wp-json\/wp\/v2\/types\/product"}],"version-history":[{"count":1,"href":"https:\/\/www.leitao-irmao.com\/en\/wp-json\/wp\/v2\/product\/9249\/revisions"}],"predecessor-version":[{"id":33659,"href":"https:\/\/www.leitao-irmao.com\/en\/wp-json\/wp\/v2\/product\/9249\/revisions\/33659"}],"wp:featuredmedia":[{"embeddable":true,"href":"https:\/\/www.leitao-irmao.com\/en\/wp-json\/wp\/v2\/media\/9355"}],"wp:attachment":[{"href":"https:\/\/www.leitao-irmao.com\/en\/wp-json\/wp\/v2\/media?parent=9249"}],"wp:term":[{"taxonomy":"product_brand","embeddable":true,"href":"https:\/\/www.leitao-irmao.com\/en\/wp-json\/wp\/v2\/product_brand?post=9249"},{"taxonomy":"product_cat","embeddable":true,"href":"https:\/\/www.leitao-irmao.com\/en\/wp-json\/wp\/v2\/product_cat?post=9249"},{"taxonomy":"product_tag","embeddable":true,"href":"https:\/\/www.leitao-irmao.com\/en\/wp-json\/wp\/v2\/product_tag?post=9249"}],"curies":[{"name":"wp","href":"https:\/\/api.w.org\/{rel}","templated":true}]}}