{"id":9256,"date":"2023-06-12T06:25:07","date_gmt":"2023-06-12T06:25:07","guid":{"rendered":"https:\/\/leitao-irmao.ad-pulse.com\/produto\/brincos-cornucopia-em-ouro-amarelo-e-diamantes-promessa-de-amor\/"},"modified":"2026-02-12T10:20:33","modified_gmt":"2026-02-12T10:20:33","slug":"brincos-cornucopia-em-ouro-amarelo-e-diamantes-promessa-de-amor","status":"publish","type":"product","link":"https:\/\/www.leitao-irmao.com\/en\/product\/brincos-cornucopia-em-ouro-amarelo-e-diamantes-promessa-de-amor\/","title":{"rendered":"Cornucopia earrings in yellow gold and diamonds | Promise of Love"},"content":{"rendered":"","protected":false},"excerpt":{"rendered":"<p>94 diamonds inspire this edition of the Promessa de Amor collection. Filled with diamonds, it recalls the brilliance of the stained glass windows of the Monastery that inspires the collection. The earrings with an organic design that adapts to the ear, carefully developed by hand in the Leit\u00e3o &amp; Irm\u00e3o workshops. A unique design piece for an elegant woman who is not afraid to shine.<\/p>","protected":false},"featured_media":9345,"template":"","meta":{"_acf_changed":false},"product_brand":[],"product_cat":[83,79,141,126,221,496],"product_tag":[275,278,271],"class_list":{"0":"post-9256","1":"product","2":"type-product","3":"status-publish","4":"has-post-thumbnail","6":"product_cat-brincos-joalharia-portuguesa","7":"product_cat-joalharia","8":"product_cat-para-ela","9":"product_cat-presentes-entre-2500e-a-5000e","10":"product_cat-promessa-de-amor","11":"product_cat-sem-desconto","12":"product_tag-diamantes","13":"product_tag-mulher","14":"product_tag-ouro","16":"first","17":"instock","18":"shipping-taxable","19":"purchasable","20":"product-type-simple"},"acf":[],"yoast_head":"<!-- This site is optimized with the Yoast SEO plugin v25.4 - https:\/\/yoast.com\/wordpress\/plugins\/seo\/ -->\n<title>brincos cornuc\u00f3pia em ouro amarelo e diamantes<\/title>\n<meta name=\"robots\" content=\"index, follow, max-snippet:-1, max-image-preview:large, max-video-preview:-1\" \/>\n<link rel=\"canonical\" href=\"https:\/\/www.leitao-irmao.com\/en\/product\/brincos-cornucopia-em-ouro-amarelo-e-diamantes-promessa-de-amor\/\" \/>\n<meta property=\"og:locale\" content=\"en_GB\" \/>\n<meta property=\"og:type\" content=\"article\" \/>\n<meta property=\"og:title\" content=\"brincos cornuc\u00f3pia em ouro amarelo e diamantes\" \/>\n<meta property=\"og:description\" content=\"94 diamantes inspiram esta edi\u00e7\u00e3o da cole\u00e7\u00e3o Promessa de Amor. Repleta de diamantes, recorda o brilho dos vitrais do Mosteiro que inspira a cole\u00e7\u00e3o. Os brincos com um design organico que se adaptam \u00e0 orelha, cuidadosamente desenvolvidos manualmente nas oficinas Leit\u00e3o &amp; Irm\u00e3o. Uma pe\u00e7a de design \u00fanico para uma mulher elegante que n\u00e3o tem medo de brilhar.\" \/>\n<meta property=\"og:url\" content=\"https:\/\/www.leitao-irmao.com\/en\/product\/brincos-cornucopia-em-ouro-amarelo-e-diamantes-promessa-de-amor\/\" \/>\n<meta property=\"og:site_name\" content=\"Leit\u00e3o &amp; Irm\u00e3o\" \/>\n<meta property=\"article:modified_time\" content=\"2026-02-12T10:20:33+00:00\" \/>\n<meta property=\"og:image\" content=\"https:\/\/www.leitao-irmao.com\/wp-content\/uploads\/2023\/06\/0210274.jpg\" \/>\n\t<meta property=\"og:image:width\" content=\"1080\" \/>\n\t<meta property=\"og:image:height\" content=\"1080\" \/>\n\t<meta property=\"og:image:type\" content=\"image\/jpeg\" \/>\n<meta name=\"twitter:card\" content=\"summary_large_image\" \/>\n<meta name=\"twitter:label1\" content=\"Estimated reading time\" \/>\n\t<meta name=\"twitter:data1\" content=\"1 minute\" \/>\n<script type=\"application\/ld+json\" class=\"yoast-schema-graph\">{\"@context\":\"https:\/\/schema.org\",\"@graph\":[{\"@type\":\"WebPage\",\"@id\":\"https:\/\/www.leitao-irmao.com\/product\/brincos-cornucopia-em-ouro-amarelo-e-diamantes-promessa-de-amor\/\",\"url\":\"https:\/\/www.leitao-irmao.com\/product\/brincos-cornucopia-em-ouro-amarelo-e-diamantes-promessa-de-amor\/\",\"name\":\"brincos cornuc\u00f3pia em ouro amarelo e diamantes\",\"isPartOf\":{\"@id\":\"https:\/\/www.leitao-irmao.com\/#website\"},\"primaryImageOfPage\":{\"@id\":\"https:\/\/www.leitao-irmao.com\/product\/brincos-cornucopia-em-ouro-amarelo-e-diamantes-promessa-de-amor\/#primaryimage\"},\"image\":{\"@id\":\"https:\/\/www.leitao-irmao.com\/product\/brincos-cornucopia-em-ouro-amarelo-e-diamantes-promessa-de-amor\/#primaryimage\"},\"thumbnailUrl\":\"https:\/\/www.leitao-irmao.com\/wp-content\/uploads\/2023\/06\/0210274.jpg\",\"datePublished\":\"2023-06-12T06:25:07+00:00\",\"dateModified\":\"2026-02-12T10:20:33+00:00\",\"breadcrumb\":{\"@id\":\"https:\/\/www.leitao-irmao.com\/product\/brincos-cornucopia-em-ouro-amarelo-e-diamantes-promessa-de-amor\/#breadcrumb\"},\"inLanguage\":\"en-GB\",\"potentialAction\":[{\"@type\":\"ReadAction\",\"target\":[\"https:\/\/www.leitao-irmao.com\/product\/brincos-cornucopia-em-ouro-amarelo-e-diamantes-promessa-de-amor\/\"]}]},{\"@type\":\"ImageObject\",\"inLanguage\":\"en-GB\",\"@id\":\"https:\/\/www.leitao-irmao.com\/product\/brincos-cornucopia-em-ouro-amarelo-e-diamantes-promessa-de-amor\/#primaryimage\",\"url\":\"https:\/\/www.leitao-irmao.com\/wp-content\/uploads\/2023\/06\/0210274.jpg\",\"contentUrl\":\"https:\/\/www.leitao-irmao.com\/wp-content\/uploads\/2023\/06\/0210274.jpg\",\"width\":1080,\"height\":1080},{\"@type\":\"BreadcrumbList\",\"@id\":\"https:\/\/www.leitao-irmao.com\/product\/brincos-cornucopia-em-ouro-amarelo-e-diamantes-promessa-de-amor\/#breadcrumb\",\"itemListElement\":[{\"@type\":\"ListItem\",\"position\":1,\"name\":\"Home\",\"item\":\"https:\/\/www.leitao-irmao.com\/\"},{\"@type\":\"ListItem\",\"position\":2,\"name\":\"Products\",\"item\":\"https:\/\/www.leitao-irmao.com\/shop\/\"},{\"@type\":\"ListItem\",\"position\":3,\"name\":\"Brincos cornuc\u00f3pia em ouro amarelo e diamantes | Promessa de Amor\"}]},{\"@type\":\"WebSite\",\"@id\":\"https:\/\/www.leitao-irmao.com\/#website\",\"url\":\"https:\/\/www.leitao-irmao.com\/\",\"name\":\"Leit\u00e3o & Irm\u00e3o\",\"description\":\"Joalheiros desde 1822\",\"publisher\":{\"@id\":\"https:\/\/www.leitao-irmao.com\/#organization\"},\"potentialAction\":[{\"@type\":\"SearchAction\",\"target\":{\"@type\":\"EntryPoint\",\"urlTemplate\":\"https:\/\/www.leitao-irmao.com\/?s={search_term_string}\"},\"query-input\":{\"@type\":\"PropertyValueSpecification\",\"valueRequired\":true,\"valueName\":\"search_term_string\"}}],\"inLanguage\":\"en-GB\"},{\"@type\":\"Organization\",\"@id\":\"https:\/\/www.leitao-irmao.com\/#organization\",\"name\":\"Leit\u00e3o & Irm\u00e3o\",\"url\":\"https:\/\/www.leitao-irmao.com\/\",\"logo\":{\"@type\":\"ImageObject\",\"inLanguage\":\"en-GB\",\"@id\":\"https:\/\/www.leitao-irmao.com\/#\/schema\/logo\/image\/\",\"url\":\"https:\/\/www.leitao-irmao.com\/wp-content\/uploads\/2022\/11\/leitaoirmao-logo.png\",\"contentUrl\":\"https:\/\/www.leitao-irmao.com\/wp-content\/uploads\/2022\/11\/leitaoirmao-logo.png\",\"width\":426,\"height\":89,\"caption\":\"Leit\u00e3o & Irm\u00e3o\"},\"image\":{\"@id\":\"https:\/\/www.leitao-irmao.com\/#\/schema\/logo\/image\/\"}}]}<\/script>\n<!-- \/ Yoast SEO plugin. -->","yoast_head_json":{"title":"brincos cornuc\u00f3pia em ouro amarelo e diamantes","robots":{"index":"index","follow":"follow","max-snippet":"max-snippet:-1","max-image-preview":"max-image-preview:large","max-video-preview":"max-video-preview:-1"},"canonical":"https:\/\/www.leitao-irmao.com\/en\/product\/brincos-cornucopia-em-ouro-amarelo-e-diamantes-promessa-de-amor\/","og_locale":"en_GB","og_type":"article","og_title":"brincos cornuc\u00f3pia em ouro amarelo e diamantes","og_description":"94 diamantes inspiram esta edi\u00e7\u00e3o da cole\u00e7\u00e3o Promessa de Amor. Repleta de diamantes, recorda o brilho dos vitrais do Mosteiro que inspira a cole\u00e7\u00e3o. Os brincos com um design organico que se adaptam \u00e0 orelha, cuidadosamente desenvolvidos manualmente nas oficinas Leit\u00e3o &amp; Irm\u00e3o. Uma pe\u00e7a de design \u00fanico para uma mulher elegante que n\u00e3o tem medo de brilhar.","og_url":"https:\/\/www.leitao-irmao.com\/en\/product\/brincos-cornucopia-em-ouro-amarelo-e-diamantes-promessa-de-amor\/","og_site_name":"Leit\u00e3o &amp; Irm\u00e3o","article_modified_time":"2026-02-12T10:20:33+00:00","og_image":[{"width":1080,"height":1080,"url":"https:\/\/www.leitao-irmao.com\/wp-content\/uploads\/2023\/06\/0210274.jpg","type":"image\/jpeg"}],"twitter_card":"summary_large_image","twitter_misc":{"Estimated reading time":"1 minute"},"schema":{"@context":"https:\/\/schema.org","@graph":[{"@type":"WebPage","@id":"https:\/\/www.leitao-irmao.com\/product\/brincos-cornucopia-em-ouro-amarelo-e-diamantes-promessa-de-amor\/","url":"https:\/\/www.leitao-irmao.com\/product\/brincos-cornucopia-em-ouro-amarelo-e-diamantes-promessa-de-amor\/","name":"brincos cornuc\u00f3pia em ouro amarelo e diamantes","isPartOf":{"@id":"https:\/\/www.leitao-irmao.com\/#website"},"primaryImageOfPage":{"@id":"https:\/\/www.leitao-irmao.com\/product\/brincos-cornucopia-em-ouro-amarelo-e-diamantes-promessa-de-amor\/#primaryimage"},"image":{"@id":"https:\/\/www.leitao-irmao.com\/product\/brincos-cornucopia-em-ouro-amarelo-e-diamantes-promessa-de-amor\/#primaryimage"},"thumbnailUrl":"https:\/\/www.leitao-irmao.com\/wp-content\/uploads\/2023\/06\/0210274.jpg","datePublished":"2023-06-12T06:25:07+00:00","dateModified":"2026-02-12T10:20:33+00:00","breadcrumb":{"@id":"https:\/\/www.leitao-irmao.com\/product\/brincos-cornucopia-em-ouro-amarelo-e-diamantes-promessa-de-amor\/#breadcrumb"},"inLanguage":"en-GB","potentialAction":[{"@type":"ReadAction","target":["https:\/\/www.leitao-irmao.com\/product\/brincos-cornucopia-em-ouro-amarelo-e-diamantes-promessa-de-amor\/"]}]},{"@type":"ImageObject","inLanguage":"en-GB","@id":"https:\/\/www.leitao-irmao.com\/product\/brincos-cornucopia-em-ouro-amarelo-e-diamantes-promessa-de-amor\/#primaryimage","url":"https:\/\/www.leitao-irmao.com\/wp-content\/uploads\/2023\/06\/0210274.jpg","contentUrl":"https:\/\/www.leitao-irmao.com\/wp-content\/uploads\/2023\/06\/0210274.jpg","width":1080,"height":1080},{"@type":"BreadcrumbList","@id":"https:\/\/www.leitao-irmao.com\/product\/brincos-cornucopia-em-ouro-amarelo-e-diamantes-promessa-de-amor\/#breadcrumb","itemListElement":[{"@type":"ListItem","position":1,"name":"Home","item":"https:\/\/www.leitao-irmao.com\/"},{"@type":"ListItem","position":2,"name":"Products","item":"https:\/\/www.leitao-irmao.com\/shop\/"},{"@type":"ListItem","position":3,"name":"Brincos cornuc\u00f3pia em ouro amarelo e diamantes | Promessa de Amor"}]},{"@type":"WebSite","@id":"https:\/\/www.leitao-irmao.com\/#website","url":"https:\/\/www.leitao-irmao.com\/","name":"Leit\u00e3o & Irm\u00e3o","description":"Joalheiros desde 1822","publisher":{"@id":"https:\/\/www.leitao-irmao.com\/#organization"},"potentialAction":[{"@type":"SearchAction","target":{"@type":"EntryPoint","urlTemplate":"https:\/\/www.leitao-irmao.com\/?s={search_term_string}"},"query-input":{"@type":"PropertyValueSpecification","valueRequired":true,"valueName":"search_term_string"}}],"inLanguage":"en-GB"},{"@type":"Organization","@id":"https:\/\/www.leitao-irmao.com\/#organization","name":"Leit\u00e3o & Irm\u00e3o","url":"https:\/\/www.leitao-irmao.com\/","logo":{"@type":"ImageObject","inLanguage":"en-GB","@id":"https:\/\/www.leitao-irmao.com\/#\/schema\/logo\/image\/","url":"https:\/\/www.leitao-irmao.com\/wp-content\/uploads\/2022\/11\/leitaoirmao-logo.png","contentUrl":"https:\/\/www.leitao-irmao.com\/wp-content\/uploads\/2022\/11\/leitaoirmao-logo.png","width":426,"height":89,"caption":"Leit\u00e3o & Irm\u00e3o"},"image":{"@id":"https:\/\/www.leitao-irmao.com\/#\/schema\/logo\/image\/"}}]}},"_links":{"self":[{"href":"https:\/\/www.leitao-irmao.com\/en\/wp-json\/wp\/v2\/product\/9256","targetHints":{"allow":["GET"]}}],"collection":[{"href":"https:\/\/www.leitao-irmao.com\/en\/wp-json\/wp\/v2\/product"}],"about":[{"href":"https:\/\/www.leitao-irmao.com\/en\/wp-json\/wp\/v2\/types\/product"}],"version-history":[{"count":5,"href":"https:\/\/www.leitao-irmao.com\/en\/wp-json\/wp\/v2\/product\/9256\/revisions"}],"predecessor-version":[{"id":36986,"href":"https:\/\/www.leitao-irmao.com\/en\/wp-json\/wp\/v2\/product\/9256\/revisions\/36986"}],"wp:featuredmedia":[{"embeddable":true,"href":"https:\/\/www.leitao-irmao.com\/en\/wp-json\/wp\/v2\/media\/9345"}],"wp:attachment":[{"href":"https:\/\/www.leitao-irmao.com\/en\/wp-json\/wp\/v2\/media?parent=9256"}],"wp:term":[{"taxonomy":"product_brand","embeddable":true,"href":"https:\/\/www.leitao-irmao.com\/en\/wp-json\/wp\/v2\/product_brand?post=9256"},{"taxonomy":"product_cat","embeddable":true,"href":"https:\/\/www.leitao-irmao.com\/en\/wp-json\/wp\/v2\/product_cat?post=9256"},{"taxonomy":"product_tag","embeddable":true,"href":"https:\/\/www.leitao-irmao.com\/en\/wp-json\/wp\/v2\/product_tag?post=9256"}],"curies":[{"name":"wp","href":"https:\/\/api.w.org\/{rel}","templated":true}]}}