{"id":9282,"date":"2023-06-12T06:25:09","date_gmt":"2023-06-12T06:25:09","guid":{"rendered":"https:\/\/leitao-irmao.ad-pulse.com\/?post_type=product&#038;p=9282"},"modified":"2026-03-19T11:50:06","modified_gmt":"2026-03-19T11:50:06","slug":"calla-lily-bracelet","status":"publish","type":"product","link":"https:\/\/www.leitao-irmao.com\/en\/product\/calla-lily-bracelet\/","title":{"rendered":"Calla Lily Bracelet"},"content":{"rendered":"","protected":false},"excerpt":{"rendered":"<p>Slave-type bracelet in an open, crossed design. Application of 2 bouquets of 12 and 9 vases at the ends.<br \/>\nTo make it easier to apply, the bracelet goes through the hand rather than the arm or wrist. The bracelet is rigid and cannot be opened or twisted beyond its shape. In the event of damage due to twisting or forced opening, this will not be covered by the guarantee. Designed by Carolina Curado and manufactured by Leit\u00e3o &amp; Irm\u00e3o.<\/p>","protected":false},"featured_media":9312,"template":"","meta":{"_acf_changed":false},"product_brand":[],"product_cat":[131,223,79,133,267,141,124,87,496],"product_tag":[278,270],"class_list":{"0":"post-9282","1":"product","2":"type-product","3":"status-publish","4":"has-post-thumbnail","6":"product_cat-aniversario-de-18-anos","7":"product_cat-calla-lily-by-carolina-curado","8":"product_cat-joalharia","9":"product_cat-mae","10":"product_cat-mais-oferecidos","11":"product_cat-para-ela","12":"product_cat-presentes-entre-500e-a-1000e","13":"product_cat-pulseiras","14":"product_cat-sem-desconto","15":"product_tag-mulher","16":"product_tag-prata","18":"first","19":"instock","20":"shipping-taxable","21":"purchasable","22":"product-type-simple"},"acf":[],"yoast_head":"<!-- This site is optimized with the Yoast SEO plugin v25.4 - https:\/\/yoast.com\/wordpress\/plugins\/seo\/ -->\n<title>Calla Lily Bracelet | Leit\u00e3o &amp; Irm\u00e3o<\/title>\n<meta name=\"description\" content=\"Pulseira tipo escrava, em modelo aberto e cruzado. Aplica\u00e7\u00e3o de 2 bouquets nas extremidades. Design de Carolina Curado e manufatura Leit\u00e3o &amp; Irm\u00e3o.\" \/>\n<meta name=\"robots\" content=\"index, follow, max-snippet:-1, max-image-preview:large, max-video-preview:-1\" \/>\n<link rel=\"canonical\" href=\"https:\/\/www.leitao-irmao.com\/en\/product\/calla-lily-bracelet\/\" \/>\n<meta property=\"og:locale\" content=\"en_GB\" \/>\n<meta property=\"og:type\" content=\"article\" \/>\n<meta property=\"og:title\" content=\"Calla Lily Bracelet | Leit\u00e3o &amp; Irm\u00e3o\" \/>\n<meta property=\"og:description\" content=\"Pulseira tipo escrava, em modelo aberto e cruzado. Aplica\u00e7\u00e3o de 2 bouquets nas extremidades. Design de Carolina Curado e manufatura Leit\u00e3o &amp; Irm\u00e3o.\" \/>\n<meta property=\"og:url\" content=\"https:\/\/www.leitao-irmao.com\/en\/product\/calla-lily-bracelet\/\" \/>\n<meta property=\"og:site_name\" content=\"Leit\u00e3o &amp; Irm\u00e3o\" \/>\n<meta property=\"article:modified_time\" content=\"2026-03-19T11:50:06+00:00\" \/>\n<meta property=\"og:image\" content=\"https:\/\/www.leitao-irmao.com\/wp-content\/uploads\/2023\/06\/050910S.jpg\" \/>\n\t<meta property=\"og:image:width\" content=\"1080\" \/>\n\t<meta property=\"og:image:height\" content=\"1080\" \/>\n\t<meta property=\"og:image:type\" content=\"image\/jpeg\" \/>\n<meta name=\"twitter:card\" content=\"summary_large_image\" \/>\n<meta name=\"twitter:label1\" content=\"Estimated reading time\" \/>\n\t<meta name=\"twitter:data1\" content=\"1 minute\" \/>\n<script type=\"application\/ld+json\" class=\"yoast-schema-graph\">{\"@context\":\"https:\/\/schema.org\",\"@graph\":[{\"@type\":\"WebPage\",\"@id\":\"https:\/\/www.leitao-irmao.com\/product\/calla-lily-bracelet\/\",\"url\":\"https:\/\/www.leitao-irmao.com\/product\/calla-lily-bracelet\/\",\"name\":\"Calla Lily Bracelet | Leit\u00e3o &amp; Irm\u00e3o\",\"isPartOf\":{\"@id\":\"https:\/\/www.leitao-irmao.com\/#website\"},\"primaryImageOfPage\":{\"@id\":\"https:\/\/www.leitao-irmao.com\/product\/calla-lily-bracelet\/#primaryimage\"},\"image\":{\"@id\":\"https:\/\/www.leitao-irmao.com\/product\/calla-lily-bracelet\/#primaryimage\"},\"thumbnailUrl\":\"https:\/\/www.leitao-irmao.com\/wp-content\/uploads\/2023\/06\/050910S.jpg\",\"datePublished\":\"2023-06-12T06:25:09+00:00\",\"dateModified\":\"2026-03-19T11:50:06+00:00\",\"description\":\"Pulseira tipo escrava, em modelo aberto e cruzado. Aplica\u00e7\u00e3o de 2 bouquets nas extremidades. Design de Carolina Curado e manufatura Leit\u00e3o & Irm\u00e3o.\",\"breadcrumb\":{\"@id\":\"https:\/\/www.leitao-irmao.com\/product\/calla-lily-bracelet\/#breadcrumb\"},\"inLanguage\":\"en-GB\",\"potentialAction\":[{\"@type\":\"ReadAction\",\"target\":[\"https:\/\/www.leitao-irmao.com\/product\/calla-lily-bracelet\/\"]}]},{\"@type\":\"ImageObject\",\"inLanguage\":\"en-GB\",\"@id\":\"https:\/\/www.leitao-irmao.com\/product\/calla-lily-bracelet\/#primaryimage\",\"url\":\"https:\/\/www.leitao-irmao.com\/wp-content\/uploads\/2023\/06\/050910S.jpg\",\"contentUrl\":\"https:\/\/www.leitao-irmao.com\/wp-content\/uploads\/2023\/06\/050910S.jpg\",\"width\":1080,\"height\":1080},{\"@type\":\"BreadcrumbList\",\"@id\":\"https:\/\/www.leitao-irmao.com\/product\/calla-lily-bracelet\/#breadcrumb\",\"itemListElement\":[{\"@type\":\"ListItem\",\"position\":1,\"name\":\"Home\",\"item\":\"https:\/\/www.leitao-irmao.com\/\"},{\"@type\":\"ListItem\",\"position\":2,\"name\":\"Products\",\"item\":\"https:\/\/www.leitao-irmao.com\/shop\/\"},{\"@type\":\"ListItem\",\"position\":3,\"name\":\"Calla Lily Bracelet\"}]},{\"@type\":\"WebSite\",\"@id\":\"https:\/\/www.leitao-irmao.com\/#website\",\"url\":\"https:\/\/www.leitao-irmao.com\/\",\"name\":\"Leit\u00e3o & Irm\u00e3o\",\"description\":\"Joalheiros desde 1822\",\"publisher\":{\"@id\":\"https:\/\/www.leitao-irmao.com\/#organization\"},\"potentialAction\":[{\"@type\":\"SearchAction\",\"target\":{\"@type\":\"EntryPoint\",\"urlTemplate\":\"https:\/\/www.leitao-irmao.com\/?s={search_term_string}\"},\"query-input\":{\"@type\":\"PropertyValueSpecification\",\"valueRequired\":true,\"valueName\":\"search_term_string\"}}],\"inLanguage\":\"en-GB\"},{\"@type\":\"Organization\",\"@id\":\"https:\/\/www.leitao-irmao.com\/#organization\",\"name\":\"Leit\u00e3o & Irm\u00e3o\",\"url\":\"https:\/\/www.leitao-irmao.com\/\",\"logo\":{\"@type\":\"ImageObject\",\"inLanguage\":\"en-GB\",\"@id\":\"https:\/\/www.leitao-irmao.com\/#\/schema\/logo\/image\/\",\"url\":\"https:\/\/www.leitao-irmao.com\/wp-content\/uploads\/2022\/11\/leitaoirmao-logo.png\",\"contentUrl\":\"https:\/\/www.leitao-irmao.com\/wp-content\/uploads\/2022\/11\/leitaoirmao-logo.png\",\"width\":426,\"height\":89,\"caption\":\"Leit\u00e3o & Irm\u00e3o\"},\"image\":{\"@id\":\"https:\/\/www.leitao-irmao.com\/#\/schema\/logo\/image\/\"}}]}<\/script>\n<!-- \/ Yoast SEO plugin. -->","yoast_head_json":{"title":"Calla Lily Bracelet | Leit\u00e3o &amp; Irm\u00e3o","description":"Pulseira tipo escrava, em modelo aberto e cruzado. Aplica\u00e7\u00e3o de 2 bouquets nas extremidades. Design de Carolina Curado e manufatura Leit\u00e3o & Irm\u00e3o.","robots":{"index":"index","follow":"follow","max-snippet":"max-snippet:-1","max-image-preview":"max-image-preview:large","max-video-preview":"max-video-preview:-1"},"canonical":"https:\/\/www.leitao-irmao.com\/en\/product\/calla-lily-bracelet\/","og_locale":"en_GB","og_type":"article","og_title":"Calla Lily Bracelet | Leit\u00e3o &amp; Irm\u00e3o","og_description":"Pulseira tipo escrava, em modelo aberto e cruzado. Aplica\u00e7\u00e3o de 2 bouquets nas extremidades. Design de Carolina Curado e manufatura Leit\u00e3o & Irm\u00e3o.","og_url":"https:\/\/www.leitao-irmao.com\/en\/product\/calla-lily-bracelet\/","og_site_name":"Leit\u00e3o &amp; Irm\u00e3o","article_modified_time":"2026-03-19T11:50:06+00:00","og_image":[{"width":1080,"height":1080,"url":"https:\/\/www.leitao-irmao.com\/wp-content\/uploads\/2023\/06\/050910S.jpg","type":"image\/jpeg"}],"twitter_card":"summary_large_image","twitter_misc":{"Estimated reading time":"1 minute"},"schema":{"@context":"https:\/\/schema.org","@graph":[{"@type":"WebPage","@id":"https:\/\/www.leitao-irmao.com\/product\/calla-lily-bracelet\/","url":"https:\/\/www.leitao-irmao.com\/product\/calla-lily-bracelet\/","name":"Calla Lily Bracelet | Leit\u00e3o &amp; Irm\u00e3o","isPartOf":{"@id":"https:\/\/www.leitao-irmao.com\/#website"},"primaryImageOfPage":{"@id":"https:\/\/www.leitao-irmao.com\/product\/calla-lily-bracelet\/#primaryimage"},"image":{"@id":"https:\/\/www.leitao-irmao.com\/product\/calla-lily-bracelet\/#primaryimage"},"thumbnailUrl":"https:\/\/www.leitao-irmao.com\/wp-content\/uploads\/2023\/06\/050910S.jpg","datePublished":"2023-06-12T06:25:09+00:00","dateModified":"2026-03-19T11:50:06+00:00","description":"Pulseira tipo escrava, em modelo aberto e cruzado. Aplica\u00e7\u00e3o de 2 bouquets nas extremidades. Design de Carolina Curado e manufatura Leit\u00e3o & Irm\u00e3o.","breadcrumb":{"@id":"https:\/\/www.leitao-irmao.com\/product\/calla-lily-bracelet\/#breadcrumb"},"inLanguage":"en-GB","potentialAction":[{"@type":"ReadAction","target":["https:\/\/www.leitao-irmao.com\/product\/calla-lily-bracelet\/"]}]},{"@type":"ImageObject","inLanguage":"en-GB","@id":"https:\/\/www.leitao-irmao.com\/product\/calla-lily-bracelet\/#primaryimage","url":"https:\/\/www.leitao-irmao.com\/wp-content\/uploads\/2023\/06\/050910S.jpg","contentUrl":"https:\/\/www.leitao-irmao.com\/wp-content\/uploads\/2023\/06\/050910S.jpg","width":1080,"height":1080},{"@type":"BreadcrumbList","@id":"https:\/\/www.leitao-irmao.com\/product\/calla-lily-bracelet\/#breadcrumb","itemListElement":[{"@type":"ListItem","position":1,"name":"Home","item":"https:\/\/www.leitao-irmao.com\/"},{"@type":"ListItem","position":2,"name":"Products","item":"https:\/\/www.leitao-irmao.com\/shop\/"},{"@type":"ListItem","position":3,"name":"Calla Lily Bracelet"}]},{"@type":"WebSite","@id":"https:\/\/www.leitao-irmao.com\/#website","url":"https:\/\/www.leitao-irmao.com\/","name":"Leit\u00e3o & Irm\u00e3o","description":"Joalheiros desde 1822","publisher":{"@id":"https:\/\/www.leitao-irmao.com\/#organization"},"potentialAction":[{"@type":"SearchAction","target":{"@type":"EntryPoint","urlTemplate":"https:\/\/www.leitao-irmao.com\/?s={search_term_string}"},"query-input":{"@type":"PropertyValueSpecification","valueRequired":true,"valueName":"search_term_string"}}],"inLanguage":"en-GB"},{"@type":"Organization","@id":"https:\/\/www.leitao-irmao.com\/#organization","name":"Leit\u00e3o & Irm\u00e3o","url":"https:\/\/www.leitao-irmao.com\/","logo":{"@type":"ImageObject","inLanguage":"en-GB","@id":"https:\/\/www.leitao-irmao.com\/#\/schema\/logo\/image\/","url":"https:\/\/www.leitao-irmao.com\/wp-content\/uploads\/2022\/11\/leitaoirmao-logo.png","contentUrl":"https:\/\/www.leitao-irmao.com\/wp-content\/uploads\/2022\/11\/leitaoirmao-logo.png","width":426,"height":89,"caption":"Leit\u00e3o & Irm\u00e3o"},"image":{"@id":"https:\/\/www.leitao-irmao.com\/#\/schema\/logo\/image\/"}}]}},"_links":{"self":[{"href":"https:\/\/www.leitao-irmao.com\/en\/wp-json\/wp\/v2\/product\/9282","targetHints":{"allow":["GET"]}}],"collection":[{"href":"https:\/\/www.leitao-irmao.com\/en\/wp-json\/wp\/v2\/product"}],"about":[{"href":"https:\/\/www.leitao-irmao.com\/en\/wp-json\/wp\/v2\/types\/product"}],"version-history":[{"count":1,"href":"https:\/\/www.leitao-irmao.com\/en\/wp-json\/wp\/v2\/product\/9282\/revisions"}],"predecessor-version":[{"id":36946,"href":"https:\/\/www.leitao-irmao.com\/en\/wp-json\/wp\/v2\/product\/9282\/revisions\/36946"}],"wp:featuredmedia":[{"embeddable":true,"href":"https:\/\/www.leitao-irmao.com\/en\/wp-json\/wp\/v2\/media\/9312"}],"wp:attachment":[{"href":"https:\/\/www.leitao-irmao.com\/en\/wp-json\/wp\/v2\/media?parent=9282"}],"wp:term":[{"taxonomy":"product_brand","embeddable":true,"href":"https:\/\/www.leitao-irmao.com\/en\/wp-json\/wp\/v2\/product_brand?post=9282"},{"taxonomy":"product_cat","embeddable":true,"href":"https:\/\/www.leitao-irmao.com\/en\/wp-json\/wp\/v2\/product_cat?post=9282"},{"taxonomy":"product_tag","embeddable":true,"href":"https:\/\/www.leitao-irmao.com\/en\/wp-json\/wp\/v2\/product_tag?post=9282"}],"curies":[{"name":"wp","href":"https:\/\/api.w.org\/{rel}","templated":true}]}}